{"id":19,"date":"2024-11-13T05:32:05","date_gmt":"2024-11-13T05:32:05","guid":{"rendered":"https:\/\/bitcoinrevolution.pro\/?page_id=19"},"modified":"2025-12-31T13:05:48","modified_gmt":"2025-12-31T13:05:48","slug":"datenschutzbestimmungen","status":"publish","type":"page","link":"https:\/\/bitcoinrevolution.pro\/de\/privacy-policy\/","title":{"rendered":"Datenschutzbestimmungen"},"content":{"rendered":"<div data-elementor-type=\"wp-page\" data-elementor-id=\"19\" class=\"elementor elementor-19\" data-elementor-post-type=\"page\">\n\t\t\t\t<div class=\"elementor-element elementor-element-b86038a e-flex e-con-boxed e-con e-parent\" data-id=\"b86038a\" data-element_type=\"container\" data-e-type=\"container\" data-settings=\"{&quot;background_background&quot;:&quot;classic&quot;}\">\n\t\t\t\t\t<div class=\"e-con-inner\">\n\t\t\t\t<div class=\"elementor-element elementor-element-2348349 elementor-widget elementor-widget-spacer\" data-id=\"2348349\" data-element_type=\"widget\" data-e-type=\"widget\" data-widget_type=\"spacer.default\">\n\t\t\t\t\t\t\t<div class=\"elementor-spacer\">\n\t\t\t<div class=\"elementor-spacer-inner\"><\/div>\n\t\t<\/div>\n\t\t\t\t\t\t<\/div>\n\t\t\t\t<div class=\"elementor-element elementor-element-ed3b68e elementor-widget elementor-widget-heading\" data-id=\"ed3b68e\" data-element_type=\"widget\" data-e-type=\"widget\" data-widget_type=\"heading.default\">\n\t\t\t\t\t<h1 class=\"elementor-heading-title elementor-size-default\">Datenschutzbestimmungen<\/h1>\t\t\t\t<\/div>\n\t\t\t\t<div class=\"elementor-element elementor-element-8333f09 elementor-widget-divider--view-line elementor-widget elementor-widget-divider\" data-id=\"8333f09\" data-element_type=\"widget\" data-e-type=\"widget\" data-widget_type=\"divider.default\">\n\t\t\t\t\t\t\t<div class=\"elementor-divider\">\n\t\t\t<span class=\"elementor-divider-separator\">\n\t\t\t\t\t\t<\/span>\n\t\t<\/div>\n\t\t\t\t\t\t<\/div>\n\t\t\t\t<div class=\"elementor-element elementor-element-da7d276 elementor-widget elementor-widget-heading\" data-id=\"da7d276\" data-element_type=\"widget\" data-e-type=\"widget\" data-widget_type=\"heading.default\">\n\t\t\t\t\t<h2 class=\"elementor-heading-title elementor-size-default\">Zweck der Bekanntmachung<\/h2>\t\t\t\t<\/div>\n\t\t\t\t<div class=\"elementor-element elementor-element-076dc4b elementor-widget elementor-widget-text-editor\" data-id=\"076dc4b\" data-element_type=\"widget\" data-e-type=\"widget\" data-widget_type=\"text-editor.default\">\n\t\t\t\t\t\t\t\t\t<p>Diese Datenschutzerkl\u00e4rung (die \u201eErkl\u00e4rung\u201c) erl\u00e4utert, wie Bitcoin Revolution (\u201eBitcoin Revolution\u201c, \u201eWir\u201c oder \u201eUns\u201c) Ihre personenbezogenen Daten als Datenverantwortlicher verarbeitet. Es handelt sich um die personenbezogenen Daten, die Sie beim Besuch unserer Website angeben, <a href=\"https:\/\/bitcoinrevolution.pro\/de\/\">bitcoinrevolution.pro<\/a> (die \u201eWebsite\u201c) und die Daten, die wir m\u00f6glicherweise von Dritten erhalten, um Sie mit Fachleuten in Kontakt zu bringen, die f\u00fcr Sie von Interesse sein k\u00f6nnten.<\/p>\t\t\t\t\t\t\t\t<\/div>\n\t\t\t\t<div class=\"elementor-element elementor-element-6cd6556 elementor-widget elementor-widget-heading\" data-id=\"6cd6556\" data-element_type=\"widget\" data-e-type=\"widget\" data-widget_type=\"heading.default\">\n\t\t\t\t\t<h2 class=\"elementor-heading-title elementor-size-default\">Welche Kategorien von personenbezogenen Daten werden verarbeitet?<\/h2>\t\t\t\t<\/div>\n\t\t\t\t<div class=\"elementor-element elementor-element-e4260f1 elementor-widget elementor-widget-text-editor\" data-id=\"e4260f1\" data-element_type=\"widget\" data-e-type=\"widget\" data-widget_type=\"text-editor.default\">\n\t\t\t\t\t\t\t\t\t<p>Wir sammeln und verarbeiten die folgenden Arten von personenbezogenen Daten \u00fcber Sie:<\/p>\t\t\t\t\t\t\t\t<\/div>\n\t\t\t\t<div class=\"elementor-element elementor-element-4d81e38 elementor-widget elementor-widget-heading\" data-id=\"4d81e38\" data-element_type=\"widget\" data-e-type=\"widget\" data-widget_type=\"heading.default\">\n\t\t\t\t\t<h2 class=\"elementor-heading-title elementor-size-default\">Informationen, die wir sammeln\n<\/h2>\t\t\t\t<\/div>\n\t\t\t\t<div class=\"elementor-element elementor-element-4f8647c elementor-widget elementor-widget-text-editor\" data-id=\"4f8647c\" data-element_type=\"widget\" data-e-type=\"widget\" data-widget_type=\"text-editor.default\">\n\t\t\t\t\t\t\t\t\t<p>Die personenbezogenen Daten, um deren Bereitstellung Sie gebeten werden, und die Gr\u00fcnde, warum Sie zur Bereitstellung dieser Daten aufgefordert werden, werden Ihnen an dem Punkt mitgeteilt, an dem wir Sie um die Angabe Ihrer personenbezogenen Daten bitten. Wenn Sie uns direkt kontaktieren, erhalten wir m\u00f6glicherweise zus\u00e4tzliche Informationen \u00fcber Sie, wie Ihren Namen, Ihre E-Mail-Adresse, Ihre Telefonnummer, den Inhalt der Nachricht und\/oder der Anh\u00e4nge, die Sie uns senden, sowie alle anderen Informationen, die Sie uns zur Verf\u00fcgung stellen. Wenn Sie sich f\u00fcr ein Konto registrieren, fragen wir Sie m\u00f6glicherweise nach Ihren Kontaktinformationen, einschlie\u00dflich Angaben wie Name, Firmenname, Adresse, E-Mail-Adresse und Telefonnummer.<\/p>\t\t\t\t\t\t\t\t<\/div>\n\t\t\t\t<div class=\"elementor-element elementor-element-16a9b8d elementor-widget elementor-widget-heading\" data-id=\"16a9b8d\" data-element_type=\"widget\" data-e-type=\"widget\" data-widget_type=\"heading.default\">\n\t\t\t\t\t<h2 class=\"elementor-heading-title elementor-size-default\">Wie werden Ihre Daten gesammelt?<\/h2>\t\t\t\t<\/div>\n\t\t\t\t<div class=\"elementor-element elementor-element-d1651a9 elementor-widget elementor-widget-text-editor\" data-id=\"d1651a9\" data-element_type=\"widget\" data-e-type=\"widget\" data-widget_type=\"text-editor.default\">\n\t\t\t\t\t\t\t\t\t<p>Wir sammeln Ihre pers\u00f6nlichen Daten:<\/p><ol><li><strong>Direkt<\/strong>\u00a0von Ihnen, wenn Sie Identifikationsdaten auf unserer Website angeben; und\/oder<\/li><li><strong>Indirekt<\/strong>:<ul><li>Wenn wir Identifizierungsdaten \u00fcber Sie von Dritten erhalten (z. B. von Anlageberatungsunternehmen, Partnern, verbundenen Unternehmen, Vermarktern, digitalen Agenturen); und\/oder<\/li><li>Wenn wir mit Hilfe von Cookies oder \u00e4hnlichen Technologien (wie in unserer Cookie-Richtlinie beschrieben) Daten \u00fcber Ihr Surfverhalten sammeln.<\/li><\/ul><\/li><\/ol><p>Sie sind nicht verpflichtet, Ihre pers\u00f6nlichen Daten anzugeben. Wenn Sie dies jedoch nicht tun, k\u00f6nnen wir Sie nicht mit Fachleuten in Verbindung bringen, die Sie interessieren k\u00f6nnten.<\/p>\t\t\t\t\t\t\t\t<\/div>\n\t\t\t\t<div class=\"elementor-element elementor-element-10d7ba2 elementor-widget elementor-widget-heading\" data-id=\"10d7ba2\" data-element_type=\"widget\" data-e-type=\"widget\" data-widget_type=\"heading.default\">\n\t\t\t\t\t<h2 class=\"elementor-heading-title elementor-size-default\">Was sind die Zwecke und die Rechtsgrundlage f\u00fcr unsere Verarbeitung?<\/h2>\t\t\t\t<\/div>\n\t\t\t\t<div class=\"elementor-element elementor-element-0d7fd4a elementor-widget elementor-widget-text-editor\" data-id=\"0d7fd4a\" data-element_type=\"widget\" data-e-type=\"widget\" data-widget_type=\"text-editor.default\">\n\t\t\t\t\t\t\t\t\t<p>Wir verarbeiten Ihre personenbezogenen Daten f\u00fcr die folgenden Zwecke:<\/p>\t\t\t\t\t\t\t\t<\/div>\n\t\t\t\t<div class=\"elementor-element elementor-element-ea48c7f elementor-widget elementor-widget-html\" data-id=\"ea48c7f\" data-element_type=\"widget\" data-e-type=\"widget\" data-widget_type=\"html.default\">\n\t\t\t\t\t<div style=\"overflow-x:auto;\">\r\n    <table>\r\n  <tr>\r\n    <th>Zweck<\/th>\r\n    <th>Rechtliche Grundlagen<\/th>\r\n    <th>Kategorien von verarbeiteten personenbezogenen Daten<\/th>\r\n  <\/tr>\r\n  <tr>\r\n    <td>Weitergabe Ihrer pers\u00f6nlichen Daten an Fachleute, die Dienstleistungen anbieten, an denen Sie interessiert sein k\u00f6nnten.<\/td>\r\n    <td>Ihre Zustimmung<\/td>\r\n    <td>Daten zur Identifizierung<\/td>\r\n  <\/tr>\r\n  <tr>\r\n    <td>Beantwortung und Befolgung von Anfragen von Aufsichtsbeh\u00f6rden oder Beh\u00f6rden.<\/td>\r\n    <td>Einhaltung der rechtlichen Verpflichtungen.<\/td>\r\n    <td>Identifizierungsdaten, Browsing-Informationen<\/td>\r\n  <\/tr>\r\n    <tr>\r\n    <td>Durchsetzung und Verteidigung unserer Rechte.<\/td>\r\n    <td>Unser berechtigtes Interesse, uns zu verteidigen.<\/td>\r\n    <td>Identifizierungsdaten, Browsing-Informationen<\/td>\r\n  <\/tr>\r\n    <tr>\r\n    <td>Sicherstellung des Betriebs und der Sicherheit unserer Website.<\/td>\r\n    <td>Unser berechtigtes Interesse an der Aufrechterhaltung einer sicheren Website.<\/td>\r\n    <td>Browserinformationen<\/td>\r\n  <\/tr>\r\n<\/table>\r\n<\/div>\t\t\t\t<\/div>\n\t\t\t\t<div class=\"elementor-element elementor-element-67f1d6f elementor-widget elementor-widget-heading\" data-id=\"67f1d6f\" data-element_type=\"widget\" data-e-type=\"widget\" data-widget_type=\"heading.default\">\n\t\t\t\t\t<h2 class=\"elementor-heading-title elementor-size-default\">An wen werden meine pers\u00f6nlichen Daten weitergegeben?<\/h2>\t\t\t\t<\/div>\n\t\t\t\t<div class=\"elementor-element elementor-element-6272fe1 elementor-widget elementor-widget-text-editor\" data-id=\"6272fe1\" data-element_type=\"widget\" data-e-type=\"widget\" data-widget_type=\"text-editor.default\">\n\t\t\t\t\t\t\t\t\t<p>Wir k\u00f6nnen Ihre personenbezogenen Daten weitergeben:<\/p><ol><li>Innerhalb unserer Unternehmensgruppe;<\/li><li>Mit unseren Partnern f\u00fcr deren eigene Verarbeitungszwecke (z. B. Bereitstellung von Informationen \u00fcber Dienstleistungen, die Sie interessieren k\u00f6nnten), sofern Sie einer solchen Weitergabe zugestimmt haben. Zu diesen Partnern geh\u00f6ren Anlageberatungsunternehmen, Datenbroker und Vermittler;<\/li><li>Mit Drittanbietern, die uns Dienstleistungen wie Speicherung, Hosting, Analyse und technische Unterst\u00fctzung zur Verf\u00fcgung stellen;<\/li><li>Mit unseren Rechtsberatern zur Erf\u00fcllung gesetzlicher Verpflichtungen (z. B. Buchhaltung, Rechnungspr\u00fcfung, interne Kontrolle);<\/li><li>Im Rahmen des Verkaufs unseres Unternehmens oder unserer Verm\u00f6genswerte oder im Falle einer gesch\u00e4ftlichen Reorganisation oder Umstrukturierung (einschlie\u00dflich Aufl\u00f6sung oder Liquidation); und<\/li><li>Soweit gesetzlich vorgeschrieben oder zul\u00e4ssig, mit Beh\u00f6rden, Gerichten, externen Beratern und \u00e4hnlichen Dritten.<\/li><\/ol>\t\t\t\t\t\t\t\t<\/div>\n\t\t\t\t<div class=\"elementor-element elementor-element-ac3e055 elementor-widget elementor-widget-heading\" data-id=\"ac3e055\" data-element_type=\"widget\" data-e-type=\"widget\" data-widget_type=\"heading.default\">\n\t\t\t\t\t<h2 class=\"elementor-heading-title elementor-size-default\">Grenz\u00fcberschreitende Daten\u00fcbertragungen<\/h2>\t\t\t\t<\/div>\n\t\t\t\t<div class=\"elementor-element elementor-element-7cb3696 elementor-widget elementor-widget-text-editor\" data-id=\"7cb3696\" data-element_type=\"widget\" data-e-type=\"widget\" data-widget_type=\"text-editor.default\">\n\t\t\t\t\t\t\t\t\t<p>Wir \u00fcbermitteln Ihre personenbezogenen Daten au\u00dferhalb des Europ\u00e4ischen Wirtschaftsraums (EWR). Einige Empf\u00e4nger befinden sich in L\u00e4ndern, in denen die Europ\u00e4ische Kommission ein angemessenes Datenschutzniveau anerkannt hat (z. B. in Israel). F\u00fcr andere L\u00e4nder stellen wir ein angemessenes Schutzniveau durch Daten\u00fcbertragungsvereinbarungen auf der Grundlage von Standardvertragsklauseln (2021\/914\/EU) oder andere geeignete Mittel sicher, wie in den nachstehenden Kontaktinformationen beschrieben.<\/p>\t\t\t\t\t\t\t\t<\/div>\n\t\t\t\t<div class=\"elementor-element elementor-element-b6ae28c elementor-widget elementor-widget-heading\" data-id=\"b6ae28c\" data-element_type=\"widget\" data-e-type=\"widget\" data-widget_type=\"heading.default\">\n\t\t\t\t\t<h2 class=\"elementor-heading-title elementor-size-default\">Vorratsspeicherung<\/h2>\t\t\t\t<\/div>\n\t\t\t\t<div class=\"elementor-element elementor-element-973e9ab elementor-widget elementor-widget-text-editor\" data-id=\"973e9ab\" data-element_type=\"widget\" data-e-type=\"widget\" data-widget_type=\"text-editor.default\">\n\t\t\t\t\t\t\t\t\t<p>Wir werden Ihre personenbezogenen Daten nur so lange aufbewahren, wie es zur Erf\u00fcllung der in diesem Hinweis genannten Zwecke und in \u00dcbereinstimmung mit den geltenden Datenschutzgesetzen erforderlich ist. Sobald wir Ihre Daten nicht mehr ben\u00f6tigen, werden sie gel\u00f6scht oder anonymisiert, es sei denn, die Aufbewahrung ist zur Erf\u00fcllung gesetzlicher Verpflichtungen oder f\u00fcr Rechtsanspr\u00fcche erforderlich.<\/p>\t\t\t\t\t\t\t\t<\/div>\n\t\t\t\t<div class=\"elementor-element elementor-element-fdd7c5b elementor-widget elementor-widget-heading\" data-id=\"fdd7c5b\" data-element_type=\"widget\" data-e-type=\"widget\" data-widget_type=\"heading.default\">\n\t\t\t\t\t<h2 class=\"elementor-heading-title elementor-size-default\">Ihre Rechte<\/h2>\t\t\t\t<\/div>\n\t\t\t\t<div class=\"elementor-element elementor-element-bd22d9a elementor-widget elementor-widget-text-editor\" data-id=\"bd22d9a\" data-element_type=\"widget\" data-e-type=\"widget\" data-widget_type=\"text-editor.default\">\n\t\t\t\t\t\t\t\t\t<p>Nach den geltenden Datenschutzgesetzen haben Sie die folgenden Rechte:<\/p><ul><li><strong>Recht auf Zugang<\/strong>: Sie haben das Recht, sich zu vergewissern, ob wir Ihre personenbezogenen Daten verarbeiten, und Zugang zu diesen Daten zu verlangen, einschlie\u00dflich Informationen \u00fcber die Zwecke, die Datenkategorien und die Empf\u00e4nger der Daten.<\/li><li><strong>Recht auf Berichtigung<\/strong>: Sie k\u00f6nnen die Berichtigung unzutreffender personenbezogener Daten beantragen oder zus\u00e4tzliche Informationen zur Vervollst\u00e4ndigung unvollst\u00e4ndiger Daten \u00fcbermitteln.<\/li><li><strong>Recht auf L\u00f6schung<\/strong>: Sie k\u00f6nnen die L\u00f6schung Ihrer personenbezogenen Daten beantragen.<\/li><li><strong>Recht auf Einschr\u00e4nkung der Verarbeitung<\/strong>: Sie k\u00f6nnen verlangen, dass wir die Verarbeitung Ihrer personenbezogenen Daten auf bestimmte Zwecke beschr\u00e4nken.<\/li><li><strong>Recht auf Daten\u00fcbertragbarkeit<\/strong>: Sie k\u00f6nnen eine Kopie Ihrer personenbezogenen Daten in einem strukturierten, allgemein gebr\u00e4uchlichen und maschinenlesbaren Format anfordern und sie an eine andere Stelle \u00fcbermitteln.<\/li><li><strong>Recht auf Widerspruch<\/strong>: Sie k\u00f6nnen der Verarbeitung Ihrer personenbezogenen Daten aus bestimmten Gr\u00fcnden widersprechen. Wenn Sie davon Gebrauch machen, werden wir die Verarbeitung Ihrer Daten f\u00fcr diese Zwecke einstellen.<\/li><li><strong>Recht auf Entzug der Zustimmung<\/strong>: Wenn die Verarbeitung Ihrer Daten auf Ihrer Einwilligung beruht, k\u00f6nnen Sie diese jederzeit widerrufen, ohne dass die Rechtm\u00e4\u00dfigkeit der vorherigen Verarbeitung ber\u00fchrt wird.<\/li><li><strong>Recht auf Ihre Daten nach dem Tod<\/strong>: Sie k\u00f6nnen Anweisungen bez\u00fcglich der Aufbewahrung, L\u00f6schung oder Weitergabe Ihrer personenbezogenen Daten nach Ihrem Tod erteilen.<\/li><\/ul>\t\t\t\t\t\t\t\t<\/div>\n\t\t\t\t<div class=\"elementor-element elementor-element-4f00718 elementor-widget elementor-widget-text-editor\" data-id=\"4f00718\" data-element_type=\"widget\" data-e-type=\"widget\" data-widget_type=\"text-editor.default\">\n\t\t\t\t\t\t\t\t\t<p>Diese Rechte k\u00f6nnen durch lokale Datenschutzgesetze eingeschr\u00e4nkt sein.<\/p><p>Um diese Rechte auszu\u00fcben, wenden Sie sich bitte an uns, indem Sie die Angaben im Abschnitt \"Kontakt\" unten verwenden.<\/p><p>Sie haben auch das Recht, eine Beschwerde bei der franz\u00f6sischen Datenschutzbeh\u00f6rde CNIL einzureichen.<\/p>\t\t\t\t\t\t\t\t<\/div>\n\t\t\t\t<div class=\"elementor-element elementor-element-c04ba30 elementor-widget elementor-widget-heading\" data-id=\"c04ba30\" data-element_type=\"widget\" data-e-type=\"widget\" data-widget_type=\"heading.default\">\n\t\t\t\t\t<h2 class=\"elementor-heading-title elementor-size-default\">Kontakt<\/h2>\t\t\t\t<\/div>\n\t\t\t\t<div class=\"elementor-element elementor-element-4191567 elementor-widget elementor-widget-text-editor\" data-id=\"4191567\" data-element_type=\"widget\" data-e-type=\"widget\" data-widget_type=\"text-editor.default\">\n\t\t\t\t\t\t\t\t\t<p>Bei Fragen zu dieser Mitteilung wenden Sie sich bitte an uns:\u00a0<a href=\"mailto:info@bitcoinrevolution.pro\" rel=\"noopener\">info@bitcoinrevolution.pro<\/a><\/p>\t\t\t\t\t\t\t\t<\/div>\n\t\t\t\t<div class=\"elementor-element elementor-element-1ae1b33 elementor-widget elementor-widget-heading\" data-id=\"1ae1b33\" data-element_type=\"widget\" data-e-type=\"widget\" data-widget_type=\"heading.default\">\n\t\t\t\t\t<h2 class=\"elementor-heading-title elementor-size-default\">\u00c4nderungen des Datenschutzhinweises<\/h2>\t\t\t\t<\/div>\n\t\t\t\t<div class=\"elementor-element elementor-element-4bca962 elementor-widget elementor-widget-text-editor\" data-id=\"4bca962\" data-element_type=\"widget\" data-e-type=\"widget\" data-widget_type=\"text-editor.default\">\n\t\t\t\t\t\t\t\t\t<p>Dieser Datenschutzhinweis kann in regelm\u00e4\u00dfigen Abst\u00e4nden aktualisiert werden. Alle wesentlichen \u00c4nderungen werden Ihnen entsprechend mitgeteilt.<\/p>\t\t\t\t\t\t\t\t<\/div>\n\t\t\t\t<div class=\"elementor-element elementor-element-c429232 elementor-widget elementor-widget-spacer\" data-id=\"c429232\" data-element_type=\"widget\" data-e-type=\"widget\" data-widget_type=\"spacer.default\">\n\t\t\t\t\t\t\t<div class=\"elementor-spacer\">\n\t\t\t<div class=\"elementor-spacer-inner\"><\/div>\n\t\t<\/div>\n\t\t\t\t\t\t<\/div>\n\t\t\t\t\t<\/div>\n\t\t\t\t<\/div>\n\t\t\t\t<\/div>","protected":false},"excerpt":{"rendered":"<p>Privacy Policy Purpose of the Notice This Data Privacy Notice (the &#8220;Notice&#8221;) explains how Bitcoin Revolution (&#8220;Bitcoin Revolution,&#8221; &#8220;We,&#8221; or &#8220;Us&#8221;) processes your personal data as the data controller. It covers the personal data you provide when you visit our website, bitcoinrevolution.pro (the &#8220;Website&#8221;), and the data we may receive from third parties, in order [&hellip;]<\/p>\n","protected":false},"author":1,"featured_media":0,"parent":0,"menu_order":0,"comment_status":"closed","ping_status":"closed","template":"elementor_header_footer","meta":{"footnotes":""},"class_list":["post-19","page","type-page","status-publish","hentry"],"_links":{"self":[{"href":"https:\/\/bitcoinrevolution.pro\/de\/wp-json\/wp\/v2\/pages\/19","targetHints":{"allow":["GET"]}}],"collection":[{"href":"https:\/\/bitcoinrevolution.pro\/de\/wp-json\/wp\/v2\/pages"}],"about":[{"href":"https:\/\/bitcoinrevolution.pro\/de\/wp-json\/wp\/v2\/types\/page"}],"author":[{"embeddable":true,"href":"https:\/\/bitcoinrevolution.pro\/de\/wp-json\/wp\/v2\/users\/1"}],"replies":[{"embeddable":true,"href":"https:\/\/bitcoinrevolution.pro\/de\/wp-json\/wp\/v2\/comments?post=19"}],"version-history":[{"count":15,"href":"https:\/\/bitcoinrevolution.pro\/de\/wp-json\/wp\/v2\/pages\/19\/revisions"}],"predecessor-version":[{"id":922,"href":"https:\/\/bitcoinrevolution.pro\/de\/wp-json\/wp\/v2\/pages\/19\/revisions\/922"}],"wp:attachment":[{"href":"https:\/\/bitcoinrevolution.pro\/de\/wp-json\/wp\/v2\/media?parent=19"}],"curies":[{"name":"wp","href":"https:\/\/api.w.org\/{rel}","templated":true}]}}