{"id":21,"date":"2024-11-13T05:32:45","date_gmt":"2024-11-13T05:32:45","guid":{"rendered":"https:\/\/bitcoinrevolution.pro\/?page_id=21"},"modified":"2025-12-31T13:08:17","modified_gmt":"2025-12-31T13:08:17","slug":"geschaftsbedingungen","status":"publish","type":"page","link":"https:\/\/bitcoinrevolution.pro\/de\/terms-and-conditions\/","title":{"rendered":"Bedingungen und Konditionen"},"content":{"rendered":"<div data-elementor-type=\"wp-page\" data-elementor-id=\"21\" class=\"elementor elementor-21\" data-elementor-post-type=\"page\">\n\t\t\t\t<div class=\"elementor-element elementor-element-01d1307 e-flex e-con-boxed e-con e-parent\" data-id=\"01d1307\" data-element_type=\"container\" data-e-type=\"container\" data-settings=\"{&quot;background_background&quot;:&quot;classic&quot;}\">\n\t\t\t\t\t<div class=\"e-con-inner\">\n\t\t\t\t<div class=\"elementor-element elementor-element-cd0fd83 elementor-widget elementor-widget-spacer\" data-id=\"cd0fd83\" data-element_type=\"widget\" data-e-type=\"widget\" data-widget_type=\"spacer.default\">\n\t\t\t\t\t\t\t<div class=\"elementor-spacer\">\n\t\t\t<div class=\"elementor-spacer-inner\"><\/div>\n\t\t<\/div>\n\t\t\t\t\t\t<\/div>\n\t\t\t\t<div class=\"elementor-element elementor-element-7befe11 elementor-widget elementor-widget-heading\" data-id=\"7befe11\" data-element_type=\"widget\" data-e-type=\"widget\" data-widget_type=\"heading.default\">\n\t\t\t\t\t<h1 class=\"elementor-heading-title elementor-size-default\">Bedingungen und Konditionen<\/h1>\t\t\t\t<\/div>\n\t\t\t\t<div class=\"elementor-element elementor-element-f7ace13 elementor-widget-divider--view-line elementor-widget elementor-widget-divider\" data-id=\"f7ace13\" data-element_type=\"widget\" data-e-type=\"widget\" data-widget_type=\"divider.default\">\n\t\t\t\t\t\t\t<div class=\"elementor-divider\">\n\t\t\t<span class=\"elementor-divider-separator\">\n\t\t\t\t\t\t<\/span>\n\t\t<\/div>\n\t\t\t\t\t\t<\/div>\n\t\t\t\t<div class=\"elementor-element elementor-element-9155d9d elementor-widget elementor-widget-heading\" data-id=\"9155d9d\" data-element_type=\"widget\" data-e-type=\"widget\" data-widget_type=\"heading.default\">\n\t\t\t\t\t<h2 class=\"elementor-heading-title elementor-size-default\">1. Allgemeines<\/h2>\t\t\t\t<\/div>\n\t\t\t\t<div class=\"elementor-element elementor-element-2421b9e elementor-widget elementor-widget-text-editor\" data-id=\"2421b9e\" data-element_type=\"widget\" data-e-type=\"widget\" data-widget_type=\"text-editor.default\">\n\t\t\t\t\t\t\t\t\t<p><strong>1.1.<\/strong> Willkommen bei <a href=\"https:\/\/bitcoinrevolution.pro\/de\/\">bitcoinrevolution.pro<\/a> (die \u201eWebsite\u201c).<\/p><p>Sie k\u00f6nnen uns unter kontaktieren\u00a0<a href=\"mailto:info@bitcoinrevolution.pro\">info@bitcoinrevolution.pro<\/a>.<\/p><p><strong>1.2.<\/strong>\u00a0Die Website bietet Informationen \u00fcber Drittplattformen (die \u201eDrittplattformen\u201c), die Bildungsdienstleistungen zu allgemeinen Anlagestrategien oder Marktforschung anbieten. Altrix Edge fungiert als Vermittler und verbindet Benutzer mit diesen Drittanbieterplattformen (die \u201eDienste\u201c).<\/p><p><strong>1.3.<\/strong>\u00a0Diese Nutzungsbedingungen (die \u201eBedingungen\u201c) regeln Ihren (\u201eSie\u201c, \u201eIhr\u201c oder \u201eBenutzer\u201c) Zugriff auf die Website und die Dienste und deren Nutzung. Bitte lesen Sie diese Bedingungen sorgf\u00e4ltig durch, bevor Sie die Dienste nutzen. Durch die Nutzung der Website stimmen Sie diesen Bedingungen einschlie\u00dflich etwaiger \u00c4nderungen zu. Wenn Sie mit irgendeinem Teil dieser Bedingungen nicht einverstanden sind, m\u00fcssen Sie die Nutzung der Website sofort einstellen. Diese Bedingungen bilden eine rechtsverbindliche Vereinbarung zwischen Ihnen und Altrix Edge, dem Betreiber der Website (<a rel=\"noopener\">info@altrix-edge.mytestdoain.com<\/a>).<\/p><p>Dar\u00fcber hinaus stimmen Sie durch die Zustimmung zu diesen Bedingungen auch unserer Datenschutzrichtlinie zu, die Sie einsehen k\u00f6nnen, indem Sie hier klicken.<\/p>\t\t\t\t\t\t\t\t<\/div>\n\t\t\t\t<div class=\"elementor-element elementor-element-bd3c475 elementor-widget elementor-widget-heading\" data-id=\"bd3c475\" data-element_type=\"widget\" data-e-type=\"widget\" data-widget_type=\"heading.default\">\n\t\t\t\t\t<h2 class=\"elementor-heading-title elementor-size-default\">2. Beschreibung der Dienste<\/h2>\t\t\t\t<\/div>\n\t\t\t\t<div class=\"elementor-element elementor-element-c2095b6 elementor-widget elementor-widget-text-editor\" data-id=\"c2095b6\" data-element_type=\"widget\" data-e-type=\"widget\" data-widget_type=\"text-editor.default\">\n\t\t\t\t\t\t\t\t\t<p><strong>2.1.<\/strong>\u00a0Wir sind keine Handelsplattform und verbinden Sie auch nicht mit solchen Plattformen, es sei denn, diese bieten ausschlie\u00dflich Bildungsdienstleistungen oder Marktforschung an.<\/p><p><strong>2.2.<\/strong>\u00a0Unsere Aufgabe besteht darin, Sie mit Dienstleistern zu verbinden, die Bildungsinhalte zu allgemeinen Anlagestrategien oder Marktforschung basierend auf Ihren Interessengebieten anbieten.<\/p><p><strong>2.3.<\/strong>\u00a0Sobald Sie sich auf unserer Website mit korrekten und vollst\u00e4ndigen Informationen registriert haben, wird sich ein Vertreter des Dienstanbieters mit Ihnen in Verbindung setzen.<\/p><p><strong>2.4.<\/strong>\u00a0Der Vertreter informiert Sie \u00fcber allgemeine Anlagestrategien, die Ihren Interessen entsprechen oder derzeit beliebt sind, um Ihr Verst\u00e4ndnis der Anlagetechniken zu verbessern.<\/p>\t\t\t\t\t\t\t\t<\/div>\n\t\t\t\t<div class=\"elementor-element elementor-element-d0c7881 elementor-widget elementor-widget-heading\" data-id=\"d0c7881\" data-element_type=\"widget\" data-e-type=\"widget\" data-widget_type=\"heading.default\">\n\t\t\t\t\t<h2 class=\"elementor-heading-title elementor-size-default\">3. Teilnahmeberechtigung<\/h2>\t\t\t\t<\/div>\n\t\t\t\t<div class=\"elementor-element elementor-element-1266dfb elementor-widget elementor-widget-text-editor\" data-id=\"1266dfb\" data-element_type=\"widget\" data-e-type=\"widget\" data-widget_type=\"text-editor.default\">\n\t\t\t\t\t\t\t\t\t<p><strong>3.1.<\/strong>\u00a0Um auf die Website zuzugreifen und die Dienste zu nutzen, m\u00fcssen Sie alle folgenden Bedingungen erf\u00fcllen:<\/p><p><strong>3.1.1.<\/strong>\u00a0Sie sind mindestens 18 Jahre alt;<\/p><p><strong>3.1.2.<\/strong>\u00a0Sie haben die Befugnisse und die Befugnisse, diese Bedingungen zuzustimmen und deren Bestimmungen einzuhalten;<\/p><p><strong>3.1.3.<\/strong>\u00a0Die Nutzung der Website und\/oder der Dienste ist Ihnen nach den Gesetzen Ihres Wohnsitz- oder Standortlandes nicht untersagt.<\/p>\t\t\t\t\t\t\t\t<\/div>\n\t\t\t\t<div class=\"elementor-element elementor-element-853821e elementor-widget elementor-widget-heading\" data-id=\"853821e\" data-element_type=\"widget\" data-e-type=\"widget\" data-widget_type=\"heading.default\">\n\t\t\t\t\t<h2 class=\"elementor-heading-title elementor-size-default\">4. Eingeschr\u00e4nkte Gebiete<\/h2>\t\t\t\t<\/div>\n\t\t\t\t<div class=\"elementor-element elementor-element-8ab2170 elementor-widget elementor-widget-text-editor\" data-id=\"8ab2170\" data-element_type=\"widget\" data-e-type=\"widget\" data-widget_type=\"text-editor.default\">\n\t\t\t\t\t\t\t\t\t<p><strong>4.1.<\/strong>\u00a0Wir k\u00f6nnen den Zugriff auf die Website und\/oder die Dienste (oder einen Teil davon) f\u00fcr Benutzer beschr\u00e4nken, die sich in Gebieten befinden, in denen der rechtliche oder regulatorische Rahmen die Bereitstellung der Dienste verhindert.<\/p><p><strong>4.2.<\/strong>\u00a0Wir k\u00f6nnen Benutzern mit Wohnsitz in bestimmten L\u00e4ndern zus\u00e4tzliche Anforderungen oder Bedingungen auferlegen, um die Einhaltung der geltenden lokalen Gesetze sicherzustellen. Dar\u00fcber hinaus kann es f\u00fcr Benutzer, die in eingeschr\u00e4nkte Gebiete reisen, vorkommen, dass die Website und\/oder die Dienste nicht verf\u00fcgbar oder blockiert sind.<\/p>\t\t\t\t\t\t\t\t<\/div>\n\t\t\t\t<div class=\"elementor-element elementor-element-e36ce97 elementor-widget elementor-widget-heading\" data-id=\"e36ce97\" data-element_type=\"widget\" data-e-type=\"widget\" data-widget_type=\"heading.default\">\n\t\t\t\t\t<h2 class=\"elementor-heading-title elementor-size-default\">5. Verbotene Aktivit\u00e4ten<\/h2>\t\t\t\t<\/div>\n\t\t\t\t<div class=\"elementor-element elementor-element-a859de1 elementor-widget elementor-widget-text-editor\" data-id=\"a859de1\" data-element_type=\"widget\" data-e-type=\"widget\" data-widget_type=\"text-editor.default\">\n\t\t\t\t\t\t\t\t\t<p><strong>5.1.<\/strong>\u00a0Sie erkl\u00e4ren sich damit einverstanden, die Website und die Dienste respektvoll zu nutzen und Folgendes nicht zu tun:<\/p><p><strong>5.1.1.<\/strong>\u00a0Hochladen, Herunterladen, Verteilen oder \u00dcbertragen von (a) Material, das geistiges Eigentum oder Datenschutzrechte verletzt; (b) Material, das sch\u00e4dlich, beleidigend oder unangemessen ist; (c) Material, das Viren oder sch\u00e4dliche Software enth\u00e4lt; (d) Material, das gegen Gesetze verst\u00f6\u00dft; (e) Werbung ohne vorherige Genehmigung.<\/p><p><strong>5.1.2.<\/strong>\u00a0\u00c4ndern Sie etwaige Namensnennungen, rechtliche Hinweise oder Eigentumskennzeichnungen auf der Website.<\/p><p><strong>5.1.3.<\/strong>\u00a0Nutzen Sie die Dienste \u00fcber eine andere Schnittstelle als die Website.<\/p><p><strong>5.1.4.<\/strong>\u00a0Den Zugriff anderer Benutzer auf die Website oder Dienste st\u00f6ren.<\/p><p><strong>5.1.5.<\/strong>\u00a0Verwenden Sie automatisierte Tools wie Bots, um auf die Website oder Dienste zuzugreifen oder diese zu nutzen.<\/p><p><strong>5.1.6.<\/strong>\u00a0Hochladen oder \u00dcbertragen von Materialien, die ohne unsere Erlaubnis Informationen sammeln oder \u00fcbertragen, einschlie\u00dflich Spyware, Cookies oder \u00e4hnlichen Technologien.<\/p><p><strong>5.1.7.<\/strong>\u00a0Beteiligen Sie sich an Aktivit\u00e4ten wie \u201eFraming\u201c oder \u201eMirroring\u201c, die das Erscheinungsbild oder die Funktionalit\u00e4t der Website simulieren.<\/p><p><strong>5.1.8.<\/strong>\u00a0Versto\u00dfen Sie gegen Gesetze oder f\u00f6rdern Sie illegale Aktivit\u00e4ten wie Urheberrechtsverletzungen, Hacking oder Identit\u00e4tsdiebstahl.<\/p><p><strong>5.1.9.<\/strong>\u00a0Den Quellcode der Website zu modifizieren, zu disassemblieren, zu dekompilieren oder in ihn einzugreifen oder sch\u00e4dliche Software hochzuladen.<\/p><p><strong>5.1.10.<\/strong>\u00a0Reverse Engineering jeglicher Software oder Technologie im Zusammenhang mit der Website oder den Diensten.<\/p><p><strong>5.2.<\/strong>\u00a0Wir k\u00f6nnen Ihren Zugriff auf die Website und\/oder die Dienste sperren, wenn Ihre Nutzung gegen diese Bedingungen oder geltende Gesetze verst\u00f6\u00dft.<\/p>\t\t\t\t\t\t\t\t<\/div>\n\t\t\t\t<div class=\"elementor-element elementor-element-b8f4a96 elementor-widget elementor-widget-heading\" data-id=\"b8f4a96\" data-element_type=\"widget\" data-e-type=\"widget\" data-widget_type=\"heading.default\">\n\t\t\t\t\t<h2 class=\"elementor-heading-title elementor-size-default\">6. Geistige Eigentumsrechte<\/h2>\t\t\t\t<\/div>\n\t\t\t\t<div class=\"elementor-element elementor-element-f9ab155 elementor-widget elementor-widget-text-editor\" data-id=\"f9ab155\" data-element_type=\"widget\" data-e-type=\"widget\" data-widget_type=\"text-editor.default\">\n\t\t\t\t\t\t\t\t\t<p>Alle Inhalte von Bitcoin Revolution, einschlie\u00dflich Logos, Software, Texte und Bilder, sind durch Gesetze zum Schutz geistigen Eigentums gesch\u00fctzt. Sie d\u00fcrfen nicht:<\/p><p><strong>6.1<\/strong> Das Reproduzieren, \u00c4ndern, Verteilen oder Verwenden von Inhalten ohne unsere schriftliche Genehmigung ist nicht gestattet.<\/p>\t\t\t\t\t\t\t\t<\/div>\n\t\t\t\t<div class=\"elementor-element elementor-element-29b2e56 elementor-widget elementor-widget-heading\" data-id=\"29b2e56\" data-element_type=\"widget\" data-e-type=\"widget\" data-widget_type=\"heading.default\">\n\t\t\t\t\t<h2 class=\"elementor-heading-title elementor-size-default\">7. Haftungsbeschr\u00e4nkung<\/h2>\t\t\t\t<\/div>\n\t\t\t\t<div class=\"elementor-element elementor-element-af9740f elementor-widget elementor-widget-text-editor\" data-id=\"af9740f\" data-element_type=\"widget\" data-e-type=\"widget\" data-widget_type=\"text-editor.default\">\n\t\t\t\t\t\t\t\t\t<p><strong>7.1.<\/strong>\u00a0Wir haften nicht f\u00fcr Sch\u00e4den, die durch Nichterf\u00fcllung oder nicht ordnungsgem\u00e4\u00dfe Leistung aufgrund Ihres Handelns, Eingriffen Dritter oder h\u00f6herer Gewalt entstehen<\/p><p><strong>7.2.<\/strong>\u00a0Nichts in diesen Bedingungen schlie\u00dft die Haftung f\u00fcr (i) Tod oder K\u00f6rperverletzung aus, die durch unsere Fahrl\u00e4ssigkeit verursacht wurden; (ii) Betrug; oder (iii) andere Haftungen, die nach geltendem Recht nicht ausgeschlossen werden k\u00f6nnen.<\/p><p><strong>7.3.<\/strong>\u00a0Wir sind nicht verantwortlich f\u00fcr Fehler, Viren oder Malware, die \u00fcber die Website oder Dienste \u00fcbertragen werden, es sei denn, wir treffen ein Verschulden.<\/p><p><strong>7.4.<\/strong>\u00a0Wir sind bestrebt, die Website fehlerfrei zu halten und etwaige Ungenauigkeiten werden umgehend korrigiert.<\/p><p><strong>7.5.<\/strong>\u00a0Sie erkl\u00e4ren sich damit einverstanden, uns f\u00fcr alle Verluste schadlos zu halten, die durch Ihren Versto\u00df gegen diese Bedingungen entstehen.<\/p><p><strong>7.6.<\/strong>\u00a0Wir haften nicht f\u00fcr technische Probleme wie Telefon- oder Netzwerkausf\u00e4lle, Serverprobleme oder Internet-Inkompatibilit\u00e4ten.<\/p>\t\t\t\t\t\t\t\t<\/div>\n\t\t\t\t<div class=\"elementor-element elementor-element-9f80571 elementor-widget elementor-widget-heading\" data-id=\"9f80571\" data-element_type=\"widget\" data-e-type=\"widget\" data-widget_type=\"heading.default\">\n\t\t\t\t\t<h2 class=\"elementor-heading-title elementor-size-default\">8. Dienste oder Inhalte Dritter<\/h2>\t\t\t\t<\/div>\n\t\t\t\t<div class=\"elementor-element elementor-element-2f3e7e4 elementor-widget elementor-widget-text-editor\" data-id=\"2f3e7e4\" data-element_type=\"widget\" data-e-type=\"widget\" data-widget_type=\"text-editor.default\">\n\t\t\t\t\t\t\t\t\t<p><strong>8.1.<\/strong>\u00a0Die Website kann Inhalte oder Dienste von Dritten anzeigen, einschlie\u00dflich Werbung im Zusammenhang mit Plattformen Dritter.<\/p><p><strong>8.2.<\/strong>\u00a0Wir unterst\u00fctzen oder kontrollieren diese Dienste Dritter nicht und empfehlen, die Informationen unabh\u00e4ngig zu \u00fcberpr\u00fcfen, bevor wir darauf reagieren.<\/p>\t\t\t\t\t\t\t\t<\/div>\n\t\t\t\t<div class=\"elementor-element elementor-element-6a8ecdb elementor-widget elementor-widget-heading\" data-id=\"6a8ecdb\" data-element_type=\"widget\" data-e-type=\"widget\" data-widget_type=\"heading.default\">\n\t\t\t\t\t<h2 class=\"elementor-heading-title elementor-size-default\">9. Links<\/h2>\t\t\t\t<\/div>\n\t\t\t\t<div class=\"elementor-element elementor-element-89f673b elementor-widget elementor-widget-text-editor\" data-id=\"89f673b\" data-element_type=\"widget\" data-e-type=\"widget\" data-widget_type=\"text-editor.default\">\n\t\t\t\t\t\t\t\t\t<p><strong>9.1.<\/strong>\u00a0Die Website kann Links zu Websites oder Diensten Dritter enthalten. Die Nutzung dieser Links erfolgt auf eigene Gefahr. Wir haften nicht f\u00fcr Verluste oder Sch\u00e4den, die durch den Zugriff auf Inhalte Dritter entstehen.<\/p><p><strong>9.2.<\/strong>\u00a0Die Aufnahme von Links stellt keine Billigung der Websites oder Dienste Dritter dar.<\/p><p><strong>9.3.<\/strong>\u00a0Wir sind nicht f\u00fcr den Inhalt von Websites Dritter verantwortlich und empfehlen, deren Bedingungen und Datenschutzrichtlinien zu lesen, bevor Sie mit ihnen interagieren.<\/p>\t\t\t\t\t\t\t\t<\/div>\n\t\t\t\t<div class=\"elementor-element elementor-element-533d845 elementor-widget elementor-widget-heading\" data-id=\"533d845\" data-element_type=\"widget\" data-e-type=\"widget\" data-widget_type=\"heading.default\">\n\t\t\t\t\t<h2 class=\"elementor-heading-title elementor-size-default\">10. Verschiedenes<\/h2>\t\t\t\t<\/div>\n\t\t\t\t<div class=\"elementor-element elementor-element-5e3153c elementor-widget elementor-widget-text-editor\" data-id=\"5e3153c\" data-element_type=\"widget\" data-e-type=\"widget\" data-widget_type=\"text-editor.default\">\n\t\t\t\t\t\t\t\t\t<p><strong>10.1.<\/strong>\u00a0Wir k\u00f6nnen die Dienste jederzeit \u00e4ndern, einstellen oder neue einf\u00fchren.<\/p><p><strong>10.2.<\/strong>\u00a0Wir k\u00f6nnen diese Bedingungen \u00e4ndern. Alle \u00c4nderungen werden sofort nach Ver\u00f6ffentlichung wirksam. Durch die weitere Nutzung der Website akzeptieren Sie die \u00fcberarbeiteten Bedingungen.<\/p><p><strong>10.3.<\/strong>\u00a0Durch die \u00dcbermittlung von Informationen an\/von der Website entstehen keine Beziehungen au\u00dferhalb dieser Bedingungen.<\/p><p><strong>10.4.<\/strong>\u00a0Diese Bedingungen stellen zusammen mit der Datenschutzrichtlinie die einzig g\u00fcltige Vereinbarung zwischen uns und dem Benutzer dar.<\/p><p><strong>10.5.<\/strong>\u00a0Eine Verz\u00f6gerung bei der Aus\u00fcbung eines Rechts gem\u00e4\u00df diesen Bedingungen stellt keinen Verzicht auf dieses Recht dar.<\/p><p><strong>10.6.<\/strong>\u00a0Sollte eine Bestimmung dieser Bedingungen als nicht durchsetzbar erachtet werden, bleiben die \u00fcbrigen Bestimmungen in Kraft.<\/p><p><strong>10.7.<\/strong>\u00a0Wir k\u00f6nnen unsere Rechte und Pflichten \u00fcbertragen, aber Sie d\u00fcrfen Ihre Rechte nicht ohne unsere Zustimmung \u00fcbertragen.<\/p><p><strong>10.8.<\/strong>\u00a0Diese Bedingungen unterliegen franz\u00f6sischem Recht.<\/p><p><strong>10.9.<\/strong>\u00a0Alle Streitigkeiten, die sich aus diesen Bedingungen ergeben, werden vor den Gerichten Ihres Gerichtsstands entschieden.<\/p>\t\t\t\t\t\t\t\t<\/div>\n\t\t\t\t<div class=\"elementor-element elementor-element-558b236 elementor-widget elementor-widget-spacer\" data-id=\"558b236\" data-element_type=\"widget\" data-e-type=\"widget\" data-widget_type=\"spacer.default\">\n\t\t\t\t\t\t\t<div class=\"elementor-spacer\">\n\t\t\t<div class=\"elementor-spacer-inner\"><\/div>\n\t\t<\/div>\n\t\t\t\t\t\t<\/div>\n\t\t\t\t\t<\/div>\n\t\t\t\t<\/div>\n\t\t\t\t<\/div>","protected":false},"excerpt":{"rendered":"<p>Terms and Conditions 1. General 1.1. Welcome to bitcoinrevolution.pro (the &#8220;Website&#8221;). You can contact us at\u00a0info@bitcoinrevolution.pro. 1.2.\u00a0The Website provides information about third-party platforms (the &#8220;Third-Party Platforms&#8221;), which offer educational services on general investment strategies or market research. Altrix Edge acts as an intermediary, connecting users to these Third-Party Platforms (the &#8220;Services&#8221;). 1.3.\u00a0These terms of use [&hellip;]<\/p>\n","protected":false},"author":1,"featured_media":0,"parent":0,"menu_order":0,"comment_status":"closed","ping_status":"closed","template":"elementor_header_footer","meta":{"footnotes":""},"class_list":["post-21","page","type-page","status-publish","hentry"],"_links":{"self":[{"href":"https:\/\/bitcoinrevolution.pro\/de\/wp-json\/wp\/v2\/pages\/21","targetHints":{"allow":["GET"]}}],"collection":[{"href":"https:\/\/bitcoinrevolution.pro\/de\/wp-json\/wp\/v2\/pages"}],"about":[{"href":"https:\/\/bitcoinrevolution.pro\/de\/wp-json\/wp\/v2\/types\/page"}],"author":[{"embeddable":true,"href":"https:\/\/bitcoinrevolution.pro\/de\/wp-json\/wp\/v2\/users\/1"}],"replies":[{"embeddable":true,"href":"https:\/\/bitcoinrevolution.pro\/de\/wp-json\/wp\/v2\/comments?post=21"}],"version-history":[{"count":12,"href":"https:\/\/bitcoinrevolution.pro\/de\/wp-json\/wp\/v2\/pages\/21\/revisions"}],"predecessor-version":[{"id":925,"href":"https:\/\/bitcoinrevolution.pro\/de\/wp-json\/wp\/v2\/pages\/21\/revisions\/925"}],"wp:attachment":[{"href":"https:\/\/bitcoinrevolution.pro\/de\/wp-json\/wp\/v2\/media?parent=21"}],"curies":[{"name":"wp","href":"https:\/\/api.w.org\/{rel}","templated":true}]}}