{"id":30,"date":"2024-11-13T06:06:02","date_gmt":"2024-11-13T06:06:02","guid":{"rendered":"https:\/\/bitcoinrevolution.pro\/?page_id=30"},"modified":"2025-12-31T10:03:38","modified_gmt":"2025-12-31T10:03:38","slug":"cookie-richtlinie","status":"publish","type":"page","link":"https:\/\/bitcoinrevolution.pro\/de\/cookie-policy\/","title":{"rendered":"Cookie-Richtlinie"},"content":{"rendered":"<div data-elementor-type=\"wp-page\" data-elementor-id=\"30\" class=\"elementor elementor-30\" data-elementor-post-type=\"page\">\n\t\t\t\t<div class=\"elementor-element elementor-element-0aadfc1 e-flex e-con-boxed e-con e-parent\" data-id=\"0aadfc1\" data-element_type=\"container\" data-e-type=\"container\" data-settings=\"{&quot;background_background&quot;:&quot;classic&quot;}\">\n\t\t\t\t\t<div class=\"e-con-inner\">\n\t\t\t\t<div class=\"elementor-element elementor-element-9630623 elementor-widget elementor-widget-spacer\" data-id=\"9630623\" data-element_type=\"widget\" data-e-type=\"widget\" data-widget_type=\"spacer.default\">\n\t\t\t\t\t\t\t<div class=\"elementor-spacer\">\n\t\t\t<div class=\"elementor-spacer-inner\"><\/div>\n\t\t<\/div>\n\t\t\t\t\t\t<\/div>\n\t\t\t\t<div class=\"elementor-element elementor-element-afc8386 elementor-widget elementor-widget-heading\" data-id=\"afc8386\" data-element_type=\"widget\" data-e-type=\"widget\" data-widget_type=\"heading.default\">\n\t\t\t\t\t<h1 class=\"elementor-heading-title elementor-size-default\">Cookie-Richtlinie<\/h1>\t\t\t\t<\/div>\n\t\t\t\t<div class=\"elementor-element elementor-element-ad6d272 elementor-widget-divider--view-line elementor-widget elementor-widget-divider\" data-id=\"ad6d272\" data-element_type=\"widget\" data-e-type=\"widget\" data-widget_type=\"divider.default\">\n\t\t\t\t\t\t\t<div class=\"elementor-divider\">\n\t\t\t<span class=\"elementor-divider-separator\">\n\t\t\t\t\t\t<\/span>\n\t\t<\/div>\n\t\t\t\t\t\t<\/div>\n\t\t\t\t<div class=\"elementor-element elementor-element-6211bec elementor-widget elementor-widget-heading\" data-id=\"6211bec\" data-element_type=\"widget\" data-e-type=\"widget\" data-widget_type=\"heading.default\">\n\t\t\t\t\t<h2 class=\"elementor-heading-title elementor-size-default\">1. Was sind Cookies?<\/h2>\t\t\t\t<\/div>\n\t\t\t\t<div class=\"elementor-element elementor-element-7d41db6 elementor-widget elementor-widget-text-editor\" data-id=\"7d41db6\" data-element_type=\"widget\" data-e-type=\"widget\" data-widget_type=\"text-editor.default\">\n\t\t\t\t\t\t\t\t\t<p>Cookies sind kleine Textdateien, die eine geringe Menge an Daten enthalten und auf Ihr Ger\u00e4t heruntergeladen werden, wenn Sie eine Website besuchen. Bei sp\u00e4teren Besuchen werden diese Cookies an die urspr\u00fcngliche Website oder eine andere Website, die sie erkennt, zur\u00fcckgeschickt. Cookies sind n\u00fctzlich, weil sie es Websites erm\u00f6glichen, Ihr Ger\u00e4t zu erkennen.<\/p><p>Cookies dienen verschiedenen Zwecken, z. B. der effizienten Navigation zwischen den Seiten, der Speicherung Ihrer Pr\u00e4ferenzen, der Verbesserung Ihrer Website-Erfahrung und der Bereitstellung personalisierter Werbung.<\/p><p>Weitere Einzelheiten zur Verarbeitung Ihrer pers\u00f6nlichen Daten finden Sie in den Datenschutzhinweisen von Bitcoin Revolution.<\/p>\t\t\t\t\t\t\t\t<\/div>\n\t\t\t\t<div class=\"elementor-element elementor-element-001d103 elementor-widget elementor-widget-heading\" data-id=\"001d103\" data-element_type=\"widget\" data-e-type=\"widget\" data-widget_type=\"heading.default\">\n\t\t\t\t\t<h2 class=\"elementor-heading-title elementor-size-default\">2. Wer platziert Cookies auf Ihrem Ger\u00e4t?<\/h2>\t\t\t\t<\/div>\n\t\t\t\t<div class=\"elementor-element elementor-element-944cf5d elementor-widget elementor-widget-text-editor\" data-id=\"944cf5d\" data-element_type=\"widget\" data-e-type=\"widget\" data-widget_type=\"text-editor.default\">\n\t\t\t\t\t\t\t\t\t<p>Cookies k\u00f6nnen vom Herausgeber der Website oder von Dritten, wie z. B. Anlageberatungsunternehmen, Datenmaklern und Vermittlern, auf Ihrem Ger\u00e4t platziert werden.<\/p>\t\t\t\t\t\t\t\t<\/div>\n\t\t\t\t<div class=\"elementor-element elementor-element-991f6c3 elementor-widget elementor-widget-heading\" data-id=\"991f6c3\" data-element_type=\"widget\" data-e-type=\"widget\" data-widget_type=\"heading.default\">\n\t\t\t\t\t<h2 class=\"elementor-heading-title elementor-size-default\">3. Wof\u00fcr werden Cookies verwendet?<\/h2>\t\t\t\t<\/div>\n\t\t\t\t<div class=\"elementor-element elementor-element-467ab76 elementor-widget elementor-widget-text-editor\" data-id=\"467ab76\" data-element_type=\"widget\" data-e-type=\"widget\" data-widget_type=\"text-editor.default\">\n\t\t\t\t\t\t\t\t\t<p>Wir k\u00f6nnen die folgenden Kategorien von Cookies auf Ihrem Ger\u00e4t platzieren:<\/p>\t\t\t\t\t\t\t\t<\/div>\n\t\t\t\t<div class=\"elementor-element elementor-element-2af1768 elementor-widget elementor-widget-html\" data-id=\"2af1768\" data-element_type=\"widget\" data-e-type=\"widget\" data-widget_type=\"html.default\">\n\t\t\t\t\t<div style=\"overflow-x:auto;\">\r\n    <table>\r\n  <tr>\r\n    <th>Kategorie der Cookies<\/th>\r\n    <th>Zweck<\/th>\r\n  <\/tr>\r\n  <tr>\r\n    <td>Streng notwendige Cookies<\/td>\r\n    <td>Diese Cookies sind unbedingt erforderlich, damit Sie auf der Website navigieren und die von Ihnen angeforderten Funktionen nutzen k\u00f6nnen. Sie werden verwendet, um Ihnen unsere Inhalte, Produkte und Dienstleistungen zur Verf\u00fcgung zu stellen, die Sie angefordert haben.<br\/>\r\n\r\nSolche Cookies sind unerl\u00e4sslich, damit Ihr Ger\u00e4t Informationen herunterladen oder streamen kann, damit Sie auf der Website navigieren, ihre Funktionen nutzen und zu Seiten zur\u00fcckkehren k\u00f6nnen, die Sie zuvor besucht haben.<br\/>\r\n\r\nDiese Cookies sammeln pers\u00f6nliche Daten \u00fcber Sie, wie z. B. den Benutzernamen und das letzte Anmeldedatum, und identifizieren Sie als auf der Website angemeldet.\r\n<br\/>\r\nDiese Cookies werden gel\u00f6scht, wenn Sie Ihren Webbrowser schlie\u00dfen (Session-Cookies).<\/td>\r\n  <\/tr>\r\n  <tr>\r\n    <td>Funktionalit\u00e4t der Cookies<\/td>\r\n    <td>Diese Cookies werden verwendet, um Sie wiederzuerkennen, wenn Sie auf die Website zur\u00fcckkehren, und erm\u00f6glichen es uns, Ihre Auswahl und Pr\u00e4ferenzen zu speichern.<br\/>\r\n\r\nDiese Cookies \u00fcberdauern das Schlie\u00dfen Ihres Webbrowsers und bleiben bis zu ihrer jeweiligen Ablaufzeit bestehen.<\/td>\r\n  <\/tr>\r\n    <tr>\r\n    <td>Analyse-Cookies<\/td>\r\n    <td>Diese Cookies werden verwendet, um aggregierte Statistiken in Bezug auf die Leistung der Website zu erstellen und um diese Leistung zu testen und zu verbessern, um eine bessere Benutzererfahrung zu bieten. Au\u00dferdem erm\u00f6glichen sie es uns, analytische Funktionen auf der Website auszuf\u00fchren.<br\/>\r\n\r\nDiese Cookies sammeln anonymisierte Daten, die nicht mit einer identifizierten oder identifizierbaren nat\u00fcrlichen Person in Verbindung gebracht werden k\u00f6nnen.<br\/>\r\n\r\nDiese Cookies sind unterschiedlich lange g\u00fcltig; einige werden gel\u00f6scht, sobald Sie Ihren Browser schlie\u00dfen, w\u00e4hrend andere eine unbestimmte G\u00fcltigkeitsdauer haben.<\/td>\r\n  <\/tr>\r\n<\/table>\r\n<\/div>\t\t\t\t<\/div>\n\t\t\t\t<div class=\"elementor-element elementor-element-21025d9 elementor-widget elementor-widget-text-editor\" data-id=\"21025d9\" data-element_type=\"widget\" data-e-type=\"widget\" data-widget_type=\"text-editor.default\">\n\t\t\t\t\t\t\t\t\t<p>Eine vollst\u00e4ndige Liste der auf unserer Website verwendeten Cookies finden Sie hier.<\/p>\t\t\t\t\t\t\t\t<\/div>\n\t\t\t\t<div class=\"elementor-element elementor-element-03bdcad elementor-widget elementor-widget-heading\" data-id=\"03bdcad\" data-element_type=\"widget\" data-e-type=\"widget\" data-widget_type=\"heading.default\">\n\t\t\t\t\t<h2 class=\"elementor-heading-title elementor-size-default\">4. Wie verwalte ich meine Cookie-Pr\u00e4ferenzen?<\/h2>\t\t\t\t<\/div>\n\t\t\t\t<div class=\"elementor-element elementor-element-74f550b elementor-widget elementor-widget-text-editor\" data-id=\"74f550b\" data-element_type=\"widget\" data-e-type=\"widget\" data-widget_type=\"text-editor.default\">\n\t\t\t\t\t\t\t\t\t<p>Die Verwendung bestimmter Cookies erfordert Ihre vorherige Zustimmung. Bitte beachten Sie, dass Strictly Necessary Cookies keine Zustimmung erfordern.<\/p><p>F\u00fcr andere Cookies verwenden wir ein Cookie-Verwaltungstool, mit dem Sie bei Ihrem ersten Besuch der Website Ihre Pr\u00e4ferenzen festlegen k\u00f6nnen. Sie k\u00f6nnen Ihre Einstellungen auch jederzeit \u00e4ndern, einschlie\u00dflich der Deaktivierung von Cookies, indem Sie das Cookie-Management-Tool hier verwenden.<\/p><p>Au\u00dferdem k\u00f6nnen Sie Cookies deaktivieren, indem Sie Ihren Browser so einstellen, dass alle oder bestimmte Cookies abgelehnt werden. Bitte beachten Sie jedoch, dass:<\/p><ul><li>Die Deaktivierung bestimmter Cookies kann den Zugang zu Teilen der Website einschr\u00e4nken.<\/li><li>Einige Dienste der Website funktionieren m\u00f6glicherweise nicht ordnungsgem\u00e4\u00df.<\/li><li>Wir sind m\u00f6glicherweise nicht mehr in der Lage, Ihr Surfen auf der Website zu verfolgen.<\/li><li>Die auf der Website oder auf Websites Dritter angezeigte Werbung ist m\u00f6glicherweise weniger stark auf Ihre Pr\u00e4ferenzen zugeschnitten.<\/li><\/ul><p>Die Deaktivierung von Cookies bedeutet nicht, dass diese automatisch aus Ihrem Browser gel\u00f6scht werden. Um Cookies zu entfernen, m\u00fcssen Sie bestimmte Aktionen in Ihrem Browser durchf\u00fchren.<\/p><p>Um Ihre Cookie-Einstellungen zu \u00e4ndern, gehen Sie zum Men\u00fc \"Optionen\" oder \"Voreinstellungen\" Ihres Browsers. Weitere Informationen finden Sie im Abschnitt \"Hilfe\" Ihres Browsers.<\/p><p>F\u00fcr Informationen zur Verwaltung von Cookies in Ihrem Browser folgen Sie bitte den nachstehenden Links:<\/p><ul><li><a href=\"https:\/\/support.microsoft.com\/fr-fr\/microsoft-edge\/supprimer-les-cookies-dans-microsoft-edge-63947406-40ac-c3b8-57b9-2a946a29ae09\" rel=\"noopener\" target=\"_blank\">Kante<\/a><\/li><li><a href=\"https:\/\/support.mozilla.org\/fr\/kb\/activer-desactiver-cookies?redirectlocale=fr&amp;redirectslug=Activer+et+d%C3%A9sactiver+les+cookies\" rel=\"noopener\" target=\"_blank\">Firefox<\/a><\/li><li><a href=\"https:\/\/support.google.com\/chrome\/answer\/95647?hl=fr&amp;hlrm=en\" rel=\"noopener\" target=\"_blank\">Chrom<\/a><\/li><li><a href=\"https:\/\/support.apple.com\/kb\/HT1677?viewlocale=fr_FR\" rel=\"noopener\" target=\"_blank\">Safari<\/a><\/li><\/ul>\t\t\t\t\t\t\t\t<\/div>\n\t\t\t\t<div class=\"elementor-element elementor-element-877879e elementor-widget elementor-widget-heading\" data-id=\"877879e\" data-element_type=\"widget\" data-e-type=\"widget\" data-widget_type=\"heading.default\">\n\t\t\t\t\t<h2 class=\"elementor-heading-title elementor-size-default\">5. \u00c4nderungen der Cookie-Richtlinie<\/h2>\t\t\t\t<\/div>\n\t\t\t\t<div class=\"elementor-element elementor-element-87e5d0e elementor-widget elementor-widget-text-editor\" data-id=\"87e5d0e\" data-element_type=\"widget\" data-e-type=\"widget\" data-widget_type=\"text-editor.default\">\n\t\t\t\t\t\t\t\t\t<p>Diese Cookie-Richtlinie kann in regelm\u00e4\u00dfigen Abst\u00e4nden aktualisiert werden, um \u00c4nderungen unserer Cookie-Praktiken zu ber\u00fccksichtigen. Wir werden Sie \u00fcber solche \u00c4nderungen, einschlie\u00dflich des Datums ihres Inkrafttretens, informieren.<\/p>\t\t\t\t\t\t\t\t<\/div>\n\t\t\t\t<div class=\"elementor-element elementor-element-dcbc39c elementor-widget elementor-widget-heading\" data-id=\"dcbc39c\" data-element_type=\"widget\" data-e-type=\"widget\" data-widget_type=\"heading.default\">\n\t\t\t\t\t<h2 class=\"elementor-heading-title elementor-size-default\">6. Kontakt\n\n<\/h2>\t\t\t\t<\/div>\n\t\t\t\t<div class=\"elementor-element elementor-element-a17fed9 elementor-widget elementor-widget-text-editor\" data-id=\"a17fed9\" data-element_type=\"widget\" data-e-type=\"widget\" data-widget_type=\"text-editor.default\">\n\t\t\t\t\t\t\t\t\t<p>Wenn Sie Fragen haben oder zus\u00e4tzliche Informationen \u00fcber Cookies ben\u00f6tigen, kontaktieren Sie uns bitte unter <a href=\"mailto:info@bitcoinrevolution.pro\" rel=\"noopener\">info@bitcoinrevolution.pro<\/a><\/p>\t\t\t\t\t\t\t\t<\/div>\n\t\t\t\t<div class=\"elementor-element elementor-element-dd27137 elementor-widget elementor-widget-spacer\" data-id=\"dd27137\" data-element_type=\"widget\" data-e-type=\"widget\" data-widget_type=\"spacer.default\">\n\t\t\t\t\t\t\t<div class=\"elementor-spacer\">\n\t\t\t<div class=\"elementor-spacer-inner\"><\/div>\n\t\t<\/div>\n\t\t\t\t\t\t<\/div>\n\t\t\t\t\t<\/div>\n\t\t\t\t<\/div>\n\t\t\t\t<\/div>","protected":false},"excerpt":{"rendered":"<p>Cookie Policy 1. What are Cookies? Cookies are small text files that contain a small amount of data, which are downloaded to your device when you visit a website. On subsequent visits, these cookies are sent back to the original website or another website that recognizes them. Cookies are useful because they allow websites to [&hellip;]<\/p>\n","protected":false},"author":1,"featured_media":0,"parent":0,"menu_order":0,"comment_status":"closed","ping_status":"closed","template":"elementor_header_footer","meta":{"footnotes":""},"class_list":["post-30","page","type-page","status-publish","hentry"],"_links":{"self":[{"href":"https:\/\/bitcoinrevolution.pro\/de\/wp-json\/wp\/v2\/pages\/30","targetHints":{"allow":["GET"]}}],"collection":[{"href":"https:\/\/bitcoinrevolution.pro\/de\/wp-json\/wp\/v2\/pages"}],"about":[{"href":"https:\/\/bitcoinrevolution.pro\/de\/wp-json\/wp\/v2\/types\/page"}],"author":[{"embeddable":true,"href":"https:\/\/bitcoinrevolution.pro\/de\/wp-json\/wp\/v2\/users\/1"}],"replies":[{"embeddable":true,"href":"https:\/\/bitcoinrevolution.pro\/de\/wp-json\/wp\/v2\/comments?post=30"}],"version-history":[{"count":6,"href":"https:\/\/bitcoinrevolution.pro\/de\/wp-json\/wp\/v2\/pages\/30\/revisions"}],"predecessor-version":[{"id":914,"href":"https:\/\/bitcoinrevolution.pro\/de\/wp-json\/wp\/v2\/pages\/30\/revisions\/914"}],"wp:attachment":[{"href":"https:\/\/bitcoinrevolution.pro\/de\/wp-json\/wp\/v2\/media?parent=30"}],"curies":[{"name":"wp","href":"https:\/\/api.w.org\/{rel}","templated":true}]}}