{"id":14,"date":"2024-11-13T05:30:57","date_gmt":"2024-11-13T05:30:57","guid":{"rendered":"https:\/\/bitcoinrevolution.pro\/?page_id=14"},"modified":"2025-12-31T09:57:31","modified_gmt":"2025-12-31T09:57:31","slug":"acerca-de","status":"publish","type":"page","link":"https:\/\/bitcoinrevolution.pro\/es\/about\/","title":{"rendered":"Acerca de"},"content":{"rendered":"<div data-elementor-type=\"wp-page\" data-elementor-id=\"14\" class=\"elementor elementor-14\" data-elementor-post-type=\"page\">\n\t\t\t\t<div class=\"elementor-element elementor-element-71c5910 e-flex e-con-boxed e-con e-parent\" data-id=\"71c5910\" data-element_type=\"container\" data-e-type=\"container\" data-settings=\"{&quot;background_background&quot;:&quot;classic&quot;}\">\n\t\t\t\t\t<div class=\"e-con-inner\">\n\t\t\t\t<div class=\"elementor-element elementor-element-913ebb6 elementor-widget elementor-widget-heading\" data-id=\"913ebb6\" data-element_type=\"widget\" data-e-type=\"widget\" data-widget_type=\"heading.default\">\n\t\t\t\t\t<h1 class=\"elementor-heading-title elementor-size-default\">Sobre nosotras<\/h1>\t\t\t\t<\/div>\n\t\t\t\t<div class=\"elementor-element elementor-element-bccfe0d elementor-widget-divider--view-line elementor-widget elementor-widget-divider\" data-id=\"bccfe0d\" data-element_type=\"widget\" data-e-type=\"widget\" data-widget_type=\"divider.default\">\n\t\t\t\t\t\t\t<div class=\"elementor-divider\">\n\t\t\t<span class=\"elementor-divider-separator\">\n\t\t\t\t\t\t<\/span>\n\t\t<\/div>\n\t\t\t\t\t\t<\/div>\n\t\t\t\t\t<\/div>\n\t\t\t\t<\/div>\n\t\t<div class=\"elementor-element elementor-element-0d44a40 e-flex e-con-boxed e-con e-parent\" data-id=\"0d44a40\" data-element_type=\"container\" data-e-type=\"container\" data-settings=\"{&quot;background_background&quot;:&quot;classic&quot;}\">\n\t\t\t\t\t<div class=\"e-con-inner\">\n\t\t\t\t<div class=\"elementor-element elementor-element-b5b0cce elementor-widget elementor-widget-spacer\" data-id=\"b5b0cce\" data-element_type=\"widget\" data-e-type=\"widget\" data-widget_type=\"spacer.default\">\n\t\t\t\t\t\t\t<div class=\"elementor-spacer\">\n\t\t\t<div class=\"elementor-spacer-inner\"><\/div>\n\t\t<\/div>\n\t\t\t\t\t\t<\/div>\n\t\t\t\t\t<\/div>\n\t\t\t\t<\/div>\n\t\t<div class=\"elementor-element elementor-element-1050a50 e-flex e-con-boxed e-con e-parent\" data-id=\"1050a50\" data-element_type=\"container\" data-e-type=\"container\" data-settings=\"{&quot;background_background&quot;:&quot;classic&quot;}\">\n\t\t\t\t\t<div class=\"e-con-inner\">\n\t\t<div class=\"elementor-element elementor-element-d6760bd e-con-full e-flex e-con e-child\" data-id=\"d6760bd\" data-element_type=\"container\" data-e-type=\"container\">\n\t\t\t\t<div class=\"elementor-element elementor-element-55b18d2 elementor-widget elementor-widget-heading\" data-id=\"55b18d2\" data-element_type=\"widget\" data-e-type=\"widget\" data-widget_type=\"heading.default\">\n\t\t\t\t\t<h2 class=\"elementor-heading-title elementor-size-default\">Revoluci\u00f3n Bitcoin: Educaci\u00f3n para todos<\/h2>\t\t\t\t<\/div>\n\t\t\t\t<div class=\"elementor-element elementor-element-305dbd6 elementor-widget-divider--view-line elementor-widget elementor-widget-divider\" data-id=\"305dbd6\" data-element_type=\"widget\" data-e-type=\"widget\" data-widget_type=\"divider.default\">\n\t\t\t\t\t\t\t<div class=\"elementor-divider\">\n\t\t\t<span class=\"elementor-divider-separator\">\n\t\t\t\t\t\t<\/span>\n\t\t<\/div>\n\t\t\t\t\t\t<\/div>\n\t\t\t\t<div class=\"elementor-element elementor-element-f796612 elementor-widget elementor-widget-text-editor\" data-id=\"f796612\" data-element_type=\"widget\" data-e-type=\"widget\" data-widget_type=\"text-editor.default\">\n\t\t\t\t\t\t\t\t\t<p>En Bitcoin Revolution, nuestro objetivo es simple: ayudar a los usuarios deseosos de aprender sobre inversiones. Creemos que la mejor manera de hacerlo es brindando a los usuarios toda la informaci\u00f3n que necesitan para sentirse seguros al invertir el dinero que tanto les cost\u00f3 ganar. Es por eso que nos asociamos con firmas de educaci\u00f3n en inversiones de renombre. Nuestros socios son l\u00edderes en su campo y contratan educadores con conocimientos, experiencia y conocimientos comprobados.<\/p><p>A trav\u00e9s de nuestra plataforma, puede conectarse f\u00e1cilmente con una amplia gama de proveedores educativos, ya sea que est\u00e9 comenzando o que ya tenga algunos conocimientos b\u00e1sicos.<\/p><p>Nuestro servicio es gratuito, f\u00e1cil de usar y est\u00e1 dise\u00f1ado para ayudarle a comenzar su viaje de educaci\u00f3n inversora con confianza.<\/p>\t\t\t\t\t\t\t\t<\/div>\n\t\t\t\t<\/div>\n\t\t<div class=\"elementor-element elementor-element-9a9dccb e-con-full e-flex e-con e-child\" data-id=\"9a9dccb\" data-element_type=\"container\" data-e-type=\"container\">\n\t\t\t\t<div class=\"elementor-element elementor-element-c1b6bd5 elementor-widget elementor-widget-image\" data-id=\"c1b6bd5\" data-element_type=\"widget\" data-e-type=\"widget\" data-widget_type=\"image.default\">\n\t\t\t\t\t\t\t\t\t\t\t\t\t\t\t<img fetchpriority=\"high\" decoding=\"async\" width=\"800\" height=\"534\" src=\"https:\/\/bitcoinrevolution.pro\/wp-content\/uploads\/2024\/11\/top_view_male_trader_analyzing_stock_market_while_sitting_office-_1__11zon-1024x683.webp\" class=\"attachment-large size-large wp-image-152\" alt=\"Bitcoin Revolution\" srcset=\"https:\/\/bitcoinrevolution.pro\/wp-content\/uploads\/2024\/11\/top_view_male_trader_analyzing_stock_market_while_sitting_office-_1__11zon-1024x683.webp 1024w, https:\/\/bitcoinrevolution.pro\/wp-content\/uploads\/2024\/11\/top_view_male_trader_analyzing_stock_market_while_sitting_office-_1__11zon-300x200.webp 300w, https:\/\/bitcoinrevolution.pro\/wp-content\/uploads\/2024\/11\/top_view_male_trader_analyzing_stock_market_while_sitting_office-_1__11zon-768x512.webp 768w, https:\/\/bitcoinrevolution.pro\/wp-content\/uploads\/2024\/11\/top_view_male_trader_analyzing_stock_market_while_sitting_office-_1__11zon-1536x1024.webp 1536w, https:\/\/bitcoinrevolution.pro\/wp-content\/uploads\/2024\/11\/top_view_male_trader_analyzing_stock_market_while_sitting_office-_1__11zon-2048x1365.webp 2048w\" sizes=\"(max-width: 800px) 100vw, 800px\" \/>\t\t\t\t\t\t\t\t\t\t\t\t\t\t\t<\/div>\n\t\t\t\t<\/div>\n\t\t\t\t\t<\/div>\n\t\t\t\t<\/div>\n\t\t<div class=\"elementor-element elementor-element-3b8ecb6 e-flex e-con-boxed e-con e-parent\" data-id=\"3b8ecb6\" data-element_type=\"container\" data-e-type=\"container\" data-settings=\"{&quot;background_background&quot;:&quot;classic&quot;}\">\n\t\t\t\t\t<div class=\"e-con-inner\">\n\t\t\t\t<div class=\"elementor-element elementor-element-d386a5a elementor-widget elementor-widget-spacer\" data-id=\"d386a5a\" data-element_type=\"widget\" data-e-type=\"widget\" data-widget_type=\"spacer.default\">\n\t\t\t\t\t\t\t<div class=\"elementor-spacer\">\n\t\t\t<div class=\"elementor-spacer-inner\"><\/div>\n\t\t<\/div>\n\t\t\t\t\t\t<\/div>\n\t\t\t\t\t<\/div>\n\t\t\t\t<\/div>\n\t\t<div class=\"elementor-element elementor-element-7f4db33 e-flex e-con-boxed e-con e-parent\" data-id=\"7f4db33\" data-element_type=\"container\" data-e-type=\"container\" data-settings=\"{&quot;background_background&quot;:&quot;gradient&quot;}\">\n\t\t\t\t\t<div class=\"e-con-inner\">\n\t\t\t\t<div class=\"elementor-element elementor-element-762aa33 elementor-widget elementor-widget-spacer\" data-id=\"762aa33\" data-element_type=\"widget\" data-e-type=\"widget\" data-widget_type=\"spacer.default\">\n\t\t\t\t\t\t\t<div class=\"elementor-spacer\">\n\t\t\t<div class=\"elementor-spacer-inner\"><\/div>\n\t\t<\/div>\n\t\t\t\t\t\t<\/div>\n\t\t<div class=\"elementor-element elementor-element-8931e23 e-con-full e-flex e-con e-child\" data-id=\"8931e23\" data-element_type=\"container\" data-e-type=\"container\">\n\t\t<div class=\"elementor-element elementor-element-5cd80f5 e-con-full e-flex e-con e-child\" data-id=\"5cd80f5\" data-element_type=\"container\" data-e-type=\"container\" data-settings=\"{&quot;background_background&quot;:&quot;classic&quot;}\">\n\t\t\t\t<div class=\"elementor-element elementor-element-b0b7c8c elementor-widget elementor-widget-heading\" data-id=\"b0b7c8c\" data-element_type=\"widget\" data-e-type=\"widget\" data-widget_type=\"heading.default\">\n\t\t\t\t\t<h2 class=\"elementor-heading-title elementor-size-default\">Nuestra Pasi\u00f3n por la Educaci\u00f3n y las Inversiones<\/h2>\t\t\t\t<\/div>\n\t\t\t\t<div class=\"elementor-element elementor-element-5edc3b6 elementor-widget elementor-widget-text-editor\" data-id=\"5edc3b6\" data-element_type=\"widget\" data-e-type=\"widget\" data-widget_type=\"text-editor.default\">\n\t\t\t\t\t\t\t\t\t<p>Bitcoin Revolution es un servicio que combina a la perfecci\u00f3n nuestras dos mayores pasiones: las inversiones y la educaci\u00f3n. Creemos que estos dos elementos van de la mano. El conocimiento es uno de los factores m\u00e1s cruciales a la hora de tomar decisiones de inversi\u00f3n informadas y estamos comprometidos a proporcionar los recursos que permitan a los usuarios navegar por el mundo de la inversi\u00f3n con confianza.<\/p>\t\t\t\t\t\t\t\t<\/div>\n\t\t\t\t<\/div>\n\t\t<div class=\"elementor-element elementor-element-78d1252 e-con-full e-flex e-con e-child\" data-id=\"78d1252\" data-element_type=\"container\" data-e-type=\"container\" data-settings=\"{&quot;background_background&quot;:&quot;classic&quot;}\">\n\t\t\t\t<div class=\"elementor-element elementor-element-6ca5969 elementor-widget elementor-widget-heading\" data-id=\"6ca5969\" data-element_type=\"widget\" data-e-type=\"widget\" data-widget_type=\"heading.default\">\n\t\t\t\t\t<h2 class=\"elementor-heading-title elementor-size-default\">Aqu\u00ed para ayudar<\/h2>\t\t\t\t<\/div>\n\t\t\t\t<div class=\"elementor-element elementor-element-a927d77 elementor-widget elementor-widget-text-editor\" data-id=\"a927d77\" data-element_type=\"widget\" data-e-type=\"widget\" data-widget_type=\"text-editor.default\">\n\t\t\t\t\t\t\t\t\t<p>La educaci\u00f3n y las oportunidades deben ser accesibles para todos, y ese es el n\u00facleo de nuestra misi\u00f3n. Nuestro sitio web gratuito y f\u00e1cil de usar brinda acceso perfecto a las principales firmas de educaci\u00f3n en inversiones de todo el mundo, ayudando a los usuarios a conectarse con los recursos que necesitan para aprender y crecer en el mundo de las inversiones.<\/p>\t\t\t\t\t\t\t\t<\/div>\n\t\t\t\t<\/div>\n\t\t\t\t<\/div>\n\t\t\t\t<div class=\"elementor-element elementor-element-7d63259 elementor-align-center elementor-widget elementor-widget-button\" data-id=\"7d63259\" data-element_type=\"widget\" data-e-type=\"widget\" data-widget_type=\"button.default\">\n\t\t\t\t\t\t\t\t\t\t<a class=\"elementor-button elementor-button-link elementor-size-sm\" href=\"https:\/\/bitcoinrevolution.pro\/es\">\n\t\t\t\t\t\t<span class=\"elementor-button-content-wrapper\">\n\t\t\t\t\t\t\t\t\t<span class=\"elementor-button-text\">Comience a operar ahora<\/span>\n\t\t\t\t\t<\/span>\n\t\t\t\t\t<\/a>\n\t\t\t\t\t\t\t\t<\/div>\n\t\t\t\t<div class=\"elementor-element elementor-element-368f6de elementor-widget elementor-widget-spacer\" data-id=\"368f6de\" data-element_type=\"widget\" data-e-type=\"widget\" data-widget_type=\"spacer.default\">\n\t\t\t\t\t\t\t<div class=\"elementor-spacer\">\n\t\t\t<div class=\"elementor-spacer-inner\"><\/div>\n\t\t<\/div>\n\t\t\t\t\t\t<\/div>\n\t\t\t\t\t<\/div>\n\t\t\t\t<\/div>\n\t\t\t\t<\/div>","protected":false},"excerpt":{"rendered":"<p>About Us Bitcoin Revolution: Education for All At Bitcoin Revolution, our goal is simple: to help users who are eager to learn about investments. We believe the best way to do this is by providing users with all the information they need to feel confident in investing their hard-earned money. That&#8217;s why we partner with [&hellip;]<\/p>\n","protected":false},"author":1,"featured_media":0,"parent":0,"menu_order":0,"comment_status":"closed","ping_status":"closed","template":"elementor_header_footer","meta":{"footnotes":""},"class_list":["post-14","page","type-page","status-publish","hentry"],"_links":{"self":[{"href":"https:\/\/bitcoinrevolution.pro\/es\/wp-json\/wp\/v2\/pages\/14","targetHints":{"allow":["GET"]}}],"collection":[{"href":"https:\/\/bitcoinrevolution.pro\/es\/wp-json\/wp\/v2\/pages"}],"about":[{"href":"https:\/\/bitcoinrevolution.pro\/es\/wp-json\/wp\/v2\/types\/page"}],"author":[{"embeddable":true,"href":"https:\/\/bitcoinrevolution.pro\/es\/wp-json\/wp\/v2\/users\/1"}],"replies":[{"embeddable":true,"href":"https:\/\/bitcoinrevolution.pro\/es\/wp-json\/wp\/v2\/comments?post=14"}],"version-history":[{"count":6,"href":"https:\/\/bitcoinrevolution.pro\/es\/wp-json\/wp\/v2\/pages\/14\/revisions"}],"predecessor-version":[{"id":908,"href":"https:\/\/bitcoinrevolution.pro\/es\/wp-json\/wp\/v2\/pages\/14\/revisions\/908"}],"wp:attachment":[{"href":"https:\/\/bitcoinrevolution.pro\/es\/wp-json\/wp\/v2\/media?parent=14"}],"curies":[{"name":"wp","href":"https:\/\/api.w.org\/{rel}","templated":true}]}}