{"id":19,"date":"2024-11-13T05:32:05","date_gmt":"2024-11-13T05:32:05","guid":{"rendered":"https:\/\/bitcoinrevolution.pro\/?page_id=19"},"modified":"2025-12-31T13:05:48","modified_gmt":"2025-12-31T13:05:48","slug":"politica-de-privacidad","status":"publish","type":"page","link":"https:\/\/bitcoinrevolution.pro\/es\/privacy-policy\/","title":{"rendered":"Pol\u00edtica de privacidad"},"content":{"rendered":"<div data-elementor-type=\"wp-page\" data-elementor-id=\"19\" class=\"elementor elementor-19\" data-elementor-post-type=\"page\">\n\t\t\t\t<div class=\"elementor-element elementor-element-b86038a e-flex e-con-boxed e-con e-parent\" data-id=\"b86038a\" data-element_type=\"container\" data-e-type=\"container\" data-settings=\"{&quot;background_background&quot;:&quot;classic&quot;}\">\n\t\t\t\t\t<div class=\"e-con-inner\">\n\t\t\t\t<div class=\"elementor-element elementor-element-2348349 elementor-widget elementor-widget-spacer\" data-id=\"2348349\" data-element_type=\"widget\" data-e-type=\"widget\" data-widget_type=\"spacer.default\">\n\t\t\t\t\t\t\t<div class=\"elementor-spacer\">\n\t\t\t<div class=\"elementor-spacer-inner\"><\/div>\n\t\t<\/div>\n\t\t\t\t\t\t<\/div>\n\t\t\t\t<div class=\"elementor-element elementor-element-ed3b68e elementor-widget elementor-widget-heading\" data-id=\"ed3b68e\" data-element_type=\"widget\" data-e-type=\"widget\" data-widget_type=\"heading.default\">\n\t\t\t\t\t<h1 class=\"elementor-heading-title elementor-size-default\">Pol\u00edtica de privacidad<\/h1>\t\t\t\t<\/div>\n\t\t\t\t<div class=\"elementor-element elementor-element-8333f09 elementor-widget-divider--view-line elementor-widget elementor-widget-divider\" data-id=\"8333f09\" data-element_type=\"widget\" data-e-type=\"widget\" data-widget_type=\"divider.default\">\n\t\t\t\t\t\t\t<div class=\"elementor-divider\">\n\t\t\t<span class=\"elementor-divider-separator\">\n\t\t\t\t\t\t<\/span>\n\t\t<\/div>\n\t\t\t\t\t\t<\/div>\n\t\t\t\t<div class=\"elementor-element elementor-element-da7d276 elementor-widget elementor-widget-heading\" data-id=\"da7d276\" data-element_type=\"widget\" data-e-type=\"widget\" data-widget_type=\"heading.default\">\n\t\t\t\t\t<h2 class=\"elementor-heading-title elementor-size-default\">Prop\u00f3sito del aviso<\/h2>\t\t\t\t<\/div>\n\t\t\t\t<div class=\"elementor-element elementor-element-076dc4b elementor-widget elementor-widget-text-editor\" data-id=\"076dc4b\" data-element_type=\"widget\" data-e-type=\"widget\" data-widget_type=\"text-editor.default\">\n\t\t\t\t\t\t\t\t\t<p>Este Aviso de Privacidad de Datos (el \u201cAviso\u201d) explica c\u00f3mo Bitcoin Revolution (\u201cBitcoin Revolution\u201d, \u201cNosotros\u201d o \u201cNos\u201d) procesa sus datos personales como controlador de datos. Cubre los datos personales que usted proporciona cuando visita nuestro sitio web, <a href=\"https:\/\/bitcoinrevolution.pro\/es\/\">bitcoinrevolution.pro<\/a> (el \u201cSitio Web\u201d), y los datos que podamos recibir de terceros, con el fin de conectarle con profesionales que puedan interesarle.<\/p>\t\t\t\t\t\t\t\t<\/div>\n\t\t\t\t<div class=\"elementor-element elementor-element-6cd6556 elementor-widget elementor-widget-heading\" data-id=\"6cd6556\" data-element_type=\"widget\" data-e-type=\"widget\" data-widget_type=\"heading.default\">\n\t\t\t\t\t<h2 class=\"elementor-heading-title elementor-size-default\">\u00bfQu\u00e9 categor\u00edas de datos personales se procesan?<\/h2>\t\t\t\t<\/div>\n\t\t\t\t<div class=\"elementor-element elementor-element-e4260f1 elementor-widget elementor-widget-text-editor\" data-id=\"e4260f1\" data-element_type=\"widget\" data-e-type=\"widget\" data-widget_type=\"text-editor.default\">\n\t\t\t\t\t\t\t\t\t<p>Recopilamos y procesamos los siguientes tipos de datos personales sobre usted:<\/p>\t\t\t\t\t\t\t\t<\/div>\n\t\t\t\t<div class=\"elementor-element elementor-element-4d81e38 elementor-widget elementor-widget-heading\" data-id=\"4d81e38\" data-element_type=\"widget\" data-e-type=\"widget\" data-widget_type=\"heading.default\">\n\t\t\t\t\t<h2 class=\"elementor-heading-title elementor-size-default\">Informaci\u00f3n que recopilamos\n<\/h2>\t\t\t\t<\/div>\n\t\t\t\t<div class=\"elementor-element elementor-element-4f8647c elementor-widget elementor-widget-text-editor\" data-id=\"4f8647c\" data-element_type=\"widget\" data-e-type=\"widget\" data-widget_type=\"text-editor.default\">\n\t\t\t\t\t\t\t\t\t<p>La informaci\u00f3n personal que se le solicita que proporcione y los motivos por los que se le solicita que la proporcione se le aclarar\u00e1n en el momento en que le solicitemos que proporcione su informaci\u00f3n personal. Si se comunica con nosotros directamente, podemos recibir informaci\u00f3n adicional sobre usted, como su nombre, direcci\u00f3n de correo electr\u00f3nico, n\u00famero de tel\u00e9fono, el contenido del mensaje y\/o los archivos adjuntos que pueda enviarnos, y cualquier otra informaci\u00f3n que elija proporcionar. Cuando se registra para obtener una Cuenta, es posible que le solicitemos su informaci\u00f3n de contacto, incluidos elementos como nombre, nombre de la empresa, direcci\u00f3n, direcci\u00f3n de correo electr\u00f3nico y n\u00famero de tel\u00e9fono.<\/p>\t\t\t\t\t\t\t\t<\/div>\n\t\t\t\t<div class=\"elementor-element elementor-element-16a9b8d elementor-widget elementor-widget-heading\" data-id=\"16a9b8d\" data-element_type=\"widget\" data-e-type=\"widget\" data-widget_type=\"heading.default\">\n\t\t\t\t\t<h2 class=\"elementor-heading-title elementor-size-default\">\u00bfC\u00f3mo se recopilan sus datos?<\/h2>\t\t\t\t<\/div>\n\t\t\t\t<div class=\"elementor-element elementor-element-d1651a9 elementor-widget elementor-widget-text-editor\" data-id=\"d1651a9\" data-element_type=\"widget\" data-e-type=\"widget\" data-widget_type=\"text-editor.default\">\n\t\t\t\t\t\t\t\t\t<p>We collect your personal data:<\/p><ol><li><strong>Directamente<\/strong>\u00a0de usted cuando proporciona datos de identificaci\u00f3n en nuestro sitio web; y\/o<\/li><li><strong>Indirectamente<\/strong>:<ul><li>Cuando recibimos Datos de identificaci\u00f3n sobre usted de terceros (por ejemplo, empresas de educaci\u00f3n en inversiones, socios, afiliados, comercializadores, agencias digitales); y\/o<\/li><li>Cuando recopilamos datos relacionados con su comportamiento de navegaci\u00f3n a trav\u00e9s de cookies o tecnolog\u00edas similares (como se describe en nuestra Pol\u00edtica de Cookies).<\/li><\/ul><\/li><\/ol><p>No est\u00e1 obligado a proporcionar sus datos personales. Sin embargo, si no lo hace, no podremos conectarlo con profesionales que podr\u00edan interesarle.<\/p>\t\t\t\t\t\t\t\t<\/div>\n\t\t\t\t<div class=\"elementor-element elementor-element-10d7ba2 elementor-widget elementor-widget-heading\" data-id=\"10d7ba2\" data-element_type=\"widget\" data-e-type=\"widget\" data-widget_type=\"heading.default\">\n\t\t\t\t\t<h2 class=\"elementor-heading-title elementor-size-default\">\u00bfCu\u00e1les son los fines y la base legal de nuestro procesamiento?<\/h2>\t\t\t\t<\/div>\n\t\t\t\t<div class=\"elementor-element elementor-element-0d7fd4a elementor-widget elementor-widget-text-editor\" data-id=\"0d7fd4a\" data-element_type=\"widget\" data-e-type=\"widget\" data-widget_type=\"text-editor.default\">\n\t\t\t\t\t\t\t\t\t<p>Procesamos sus datos personales para las siguientes finalidades:<\/p>\t\t\t\t\t\t\t\t<\/div>\n\t\t\t\t<div class=\"elementor-element elementor-element-ea48c7f elementor-widget elementor-widget-html\" data-id=\"ea48c7f\" data-element_type=\"widget\" data-e-type=\"widget\" data-widget_type=\"html.default\">\n\t\t\t\t\t<div style=\"overflow-x:auto;\">\r\n    <table>\r\n  <tr>\r\n    <th>Objetivo<\/th>\r\n    <th>Base legal<\/th>\r\n    <th>Categor\u00edas de datos personales procesados<\/th>\r\n  <\/tr>\r\n  <tr>\r\n    <td>Compartir sus datos personales con profesionales que ofrecen servicios que puedan interesarle.<\/td>\r\n    <td>Su consentimiento<\/td>\r\n    <td>Datos de identificaci\u00f3n<\/td>\r\n  <\/tr>\r\n  <tr>\r\n    <td>Responder y cumplir solicitudes de reguladores o autoridades.<\/td>\r\n    <td>Cumplimiento de obligaciones legales.<\/td>\r\n    <td>Datos de identificaci\u00f3n, informaci\u00f3n de navegaci\u00f3n<\/td>\r\n  <\/tr>\r\n    <tr>\r\n    <td>Hacer cumplir y defender nuestros derechos.<\/td>\r\n    <td>Nuestro inter\u00e9s leg\u00edtimo de defendernos.<\/td>\r\n    <td>Datos de identificaci\u00f3n, informaci\u00f3n de navegaci\u00f3n<\/td>\r\n  <\/tr>\r\n    <tr>\r\n    <td>Garantizar el funcionamiento y seguridad de nuestro Sitio Web.<\/td>\r\n    <td>Nuestro inter\u00e9s leg\u00edtimo en mantener un sitio web seguro.<\/td>\r\n    <td>Informaci\u00f3n de navegaci\u00f3n<\/td>\r\n  <\/tr>\r\n<\/table>\r\n<\/div>\t\t\t\t<\/div>\n\t\t\t\t<div class=\"elementor-element elementor-element-67f1d6f elementor-widget elementor-widget-heading\" data-id=\"67f1d6f\" data-element_type=\"widget\" data-e-type=\"widget\" data-widget_type=\"heading.default\">\n\t\t\t\t\t<h2 class=\"elementor-heading-title elementor-size-default\">\u00bfCon qui\u00e9n se compartir\u00e1n mis datos personales?<\/h2>\t\t\t\t<\/div>\n\t\t\t\t<div class=\"elementor-element elementor-element-6272fe1 elementor-widget elementor-widget-text-editor\" data-id=\"6272fe1\" data-element_type=\"widget\" data-e-type=\"widget\" data-widget_type=\"text-editor.default\">\n\t\t\t\t\t\t\t\t\t<p>We may share your personal data:<\/p><ol><li>Dentro de nuestro grupo de empresas;<\/li><li>Con nuestros socios para sus propios fines de procesamiento (por ejemplo, proporcionar informaci\u00f3n sobre servicios que podr\u00edan interesarle), siempre que haya dado su consentimiento para compartirlos. Estos socios incluyen empresas de educaci\u00f3n en inversiones, corredores de datos e intermediarios;<\/li><li>Con terceros que nos brindan servicios como almacenamiento, hosting, an\u00e1lisis y soporte t\u00e9cnico;<\/li><li>Con nuestros asesores legales para el cumplimiento de obligaciones legales (p. ej., contabilidad, auditor\u00eda, control interno);<\/li><li>Como parte de la venta de nuestra empresa o activos, o en caso de reorganizaci\u00f3n o reestructuraci\u00f3n empresarial (incluida disoluci\u00f3n o liquidaci\u00f3n); y<\/li><li>Cuando lo requiera o permita la ley, con autoridades gubernamentales, tribunales, asesores externos y terceros similares.<\/li><\/ol>\t\t\t\t\t\t\t\t<\/div>\n\t\t\t\t<div class=\"elementor-element elementor-element-ac3e055 elementor-widget elementor-widget-heading\" data-id=\"ac3e055\" data-element_type=\"widget\" data-e-type=\"widget\" data-widget_type=\"heading.default\">\n\t\t\t\t\t<h2 class=\"elementor-heading-title elementor-size-default\">Transferencias de datos transfronterizas<\/h2>\t\t\t\t<\/div>\n\t\t\t\t<div class=\"elementor-element elementor-element-7cb3696 elementor-widget elementor-widget-text-editor\" data-id=\"7cb3696\" data-element_type=\"widget\" data-e-type=\"widget\" data-widget_type=\"text-editor.default\">\n\t\t\t\t\t\t\t\t\t<p>Transferimos sus datos personales fuera del Espacio Econ\u00f3mico Europeo (EEE). Algunos destinatarios se encuentran en pa\u00edses donde la Comisi\u00f3n Europea ha reconocido un nivel adecuado de protecci\u00f3n de datos (por ejemplo, Israel). Para otros pa\u00edses, garantizamos un nivel adecuado de protecci\u00f3n a trav\u00e9s de acuerdos de transferencia de datos basados \u200b\u200ben cl\u00e1usulas contractuales est\u00e1ndar (2021\/914\/UE) u otros medios adecuados, como se describe en los datos de contacto a continuaci\u00f3n.<\/p>\t\t\t\t\t\t\t\t<\/div>\n\t\t\t\t<div class=\"elementor-element elementor-element-b6ae28c elementor-widget elementor-widget-heading\" data-id=\"b6ae28c\" data-element_type=\"widget\" data-e-type=\"widget\" data-widget_type=\"heading.default\">\n\t\t\t\t\t<h2 class=\"elementor-heading-title elementor-size-default\">Retenci\u00f3n<\/h2>\t\t\t\t<\/div>\n\t\t\t\t<div class=\"elementor-element elementor-element-973e9ab elementor-widget elementor-widget-text-editor\" data-id=\"973e9ab\" data-element_type=\"widget\" data-e-type=\"widget\" data-widget_type=\"text-editor.default\">\n\t\t\t\t\t\t\t\t\t<p>Conservaremos sus datos personales solo durante el tiempo necesario para lograr los fines descritos en este Aviso y de acuerdo con las leyes de privacidad de datos aplicables. Una vez que ya no necesitemos sus datos, se eliminar\u00e1n o se anonimizar\u00e1n, a menos que sea necesario conservarlos para cumplir con obligaciones legales o para reclamos legales.<\/p>\t\t\t\t\t\t\t\t<\/div>\n\t\t\t\t<div class=\"elementor-element elementor-element-fdd7c5b elementor-widget elementor-widget-heading\" data-id=\"fdd7c5b\" data-element_type=\"widget\" data-e-type=\"widget\" data-widget_type=\"heading.default\">\n\t\t\t\t\t<h2 class=\"elementor-heading-title elementor-size-default\">Tus derechos<\/h2>\t\t\t\t<\/div>\n\t\t\t\t<div class=\"elementor-element elementor-element-bd22d9a elementor-widget elementor-widget-text-editor\" data-id=\"bd22d9a\" data-element_type=\"widget\" data-e-type=\"widget\" data-widget_type=\"text-editor.default\">\n\t\t\t\t\t\t\t\t\t<p>Seg\u00fan las leyes de privacidad de datos aplicables, usted tiene los siguientes derechos:<\/p><ul><li><strong>Derecho de acceso<\/strong>: Tiene derecho a confirmar si estamos procesando sus datos personales y solicitar acceso a los mismos, incluida informaci\u00f3n sobre los fines, categor\u00edas de datos y destinatarios de los datos.<\/li><li><strong>Derecho a Rectificaci\u00f3n<\/strong>: Puede solicitar correcciones de datos personales inexactos o proporcionar informaci\u00f3n adicional para completar datos incompletos.<\/li><li><strong>Derecho de supresi\u00f3n<\/strong>: Puede solicitar la eliminaci\u00f3n de sus datos personales.<\/li><li><strong>Derecho a la limitaci\u00f3n del tratamiento<\/strong>: Puede solicitar que limitemos el procesamiento de sus datos personales a determinadas finalidades.<\/li><li><strong>Derecho a la portabilidad de datos<\/strong>: Puede solicitar una copia de sus datos personales en un formato estructurado, de uso com\u00fan y legible por m\u00e1quina y transferirlos a otra entidad.<\/li><li><strong>Derecho a oponerse<\/strong>: Puede oponerse al tratamiento de sus datos personales por motivos espec\u00edficos. Si lo ejerce, dejaremos de tratar sus datos con dichas finalidades.<\/li><li><strong>Derecho a retirar el consentimiento<\/strong>: Si el tratamiento de tus datos se basa en tu consentimiento, podr\u00e1s retirarlo en cualquier momento sin que ello afecte a la licitud del tratamiento previo.<\/li><li><strong>Derecho a sus datos despu\u00e9s de su muerte<\/strong>: Puede proporcionar instrucciones sobre la conservaci\u00f3n, eliminaci\u00f3n o comunicaci\u00f3n de sus datos personales despu\u00e9s de su muerte.<\/li><\/ul>\t\t\t\t\t\t\t\t<\/div>\n\t\t\t\t<div class=\"elementor-element elementor-element-4f00718 elementor-widget elementor-widget-text-editor\" data-id=\"4f00718\" data-element_type=\"widget\" data-e-type=\"widget\" data-widget_type=\"text-editor.default\">\n\t\t\t\t\t\t\t\t\t<p>Estos derechos pueden estar limitados seg\u00fan las leyes locales de privacidad de datos.<\/p><p>Para ejercer estos derechos, comun\u00edquese con nosotros utilizando los detalles proporcionados en la secci\u00f3n \"Cont\u00e1ctenos\" a continuaci\u00f3n.<\/p><p>Tambi\u00e9n tiene derecho a presentar una reclamaci\u00f3n ante la CNIL (Autoridad Francesa de Protecci\u00f3n de Datos).<\/p>\t\t\t\t\t\t\t\t<\/div>\n\t\t\t\t<div class=\"elementor-element elementor-element-c04ba30 elementor-widget elementor-widget-heading\" data-id=\"c04ba30\" data-element_type=\"widget\" data-e-type=\"widget\" data-widget_type=\"heading.default\">\n\t\t\t\t\t<h2 class=\"elementor-heading-title elementor-size-default\">Contacta con nosotras<\/h2>\t\t\t\t<\/div>\n\t\t\t\t<div class=\"elementor-element elementor-element-4191567 elementor-widget elementor-widget-text-editor\" data-id=\"4191567\" data-element_type=\"widget\" data-e-type=\"widget\" data-widget_type=\"text-editor.default\">\n\t\t\t\t\t\t\t\t\t<p>Para cualquier consulta relacionada con este Aviso, comun\u00edquese con nosotros a:\u00a0<a href=\"mailto:info@bitcoinrevolution.pro\" rel=\"noopener\">info@bitcoinrevolution.pro<\/a><\/p>\t\t\t\t\t\t\t\t<\/div>\n\t\t\t\t<div class=\"elementor-element elementor-element-1ae1b33 elementor-widget elementor-widget-heading\" data-id=\"1ae1b33\" data-element_type=\"widget\" data-e-type=\"widget\" data-widget_type=\"heading.default\">\n\t\t\t\t\t<h2 class=\"elementor-heading-title elementor-size-default\">Cambios al Aviso de Privacidad<\/h2>\t\t\t\t<\/div>\n\t\t\t\t<div class=\"elementor-element elementor-element-4bca962 elementor-widget elementor-widget-text-editor\" data-id=\"4bca962\" data-element_type=\"widget\" data-e-type=\"widget\" data-widget_type=\"text-editor.default\">\n\t\t\t\t\t\t\t\t\t<p>Este Aviso de Privacidad podr\u00e1 actualizarse peri\u00f3dicamente. Cualquier cambio significativo le ser\u00e1 comunicado en consecuencia.<\/p>\t\t\t\t\t\t\t\t<\/div>\n\t\t\t\t<div class=\"elementor-element elementor-element-c429232 elementor-widget elementor-widget-spacer\" data-id=\"c429232\" data-element_type=\"widget\" data-e-type=\"widget\" data-widget_type=\"spacer.default\">\n\t\t\t\t\t\t\t<div class=\"elementor-spacer\">\n\t\t\t<div class=\"elementor-spacer-inner\"><\/div>\n\t\t<\/div>\n\t\t\t\t\t\t<\/div>\n\t\t\t\t\t<\/div>\n\t\t\t\t<\/div>\n\t\t\t\t<\/div>","protected":false},"excerpt":{"rendered":"<p>Privacy Policy Purpose of the Notice This Data Privacy Notice (the &#8220;Notice&#8221;) explains how Bitcoin Revolution (&#8220;Bitcoin Revolution,&#8221; &#8220;We,&#8221; or &#8220;Us&#8221;) processes your personal data as the data controller. It covers the personal data you provide when you visit our website, bitcoinrevolution.pro (the &#8220;Website&#8221;), and the data we may receive from third parties, in order [&hellip;]<\/p>\n","protected":false},"author":1,"featured_media":0,"parent":0,"menu_order":0,"comment_status":"closed","ping_status":"closed","template":"elementor_header_footer","meta":{"footnotes":""},"class_list":["post-19","page","type-page","status-publish","hentry"],"_links":{"self":[{"href":"https:\/\/bitcoinrevolution.pro\/es\/wp-json\/wp\/v2\/pages\/19","targetHints":{"allow":["GET"]}}],"collection":[{"href":"https:\/\/bitcoinrevolution.pro\/es\/wp-json\/wp\/v2\/pages"}],"about":[{"href":"https:\/\/bitcoinrevolution.pro\/es\/wp-json\/wp\/v2\/types\/page"}],"author":[{"embeddable":true,"href":"https:\/\/bitcoinrevolution.pro\/es\/wp-json\/wp\/v2\/users\/1"}],"replies":[{"embeddable":true,"href":"https:\/\/bitcoinrevolution.pro\/es\/wp-json\/wp\/v2\/comments?post=19"}],"version-history":[{"count":15,"href":"https:\/\/bitcoinrevolution.pro\/es\/wp-json\/wp\/v2\/pages\/19\/revisions"}],"predecessor-version":[{"id":922,"href":"https:\/\/bitcoinrevolution.pro\/es\/wp-json\/wp\/v2\/pages\/19\/revisions\/922"}],"wp:attachment":[{"href":"https:\/\/bitcoinrevolution.pro\/es\/wp-json\/wp\/v2\/media?parent=19"}],"curies":[{"name":"wp","href":"https:\/\/api.w.org\/{rel}","templated":true}]}}