{"id":21,"date":"2024-11-13T05:32:45","date_gmt":"2024-11-13T05:32:45","guid":{"rendered":"https:\/\/bitcoinrevolution.pro\/?page_id=21"},"modified":"2025-12-31T13:08:17","modified_gmt":"2025-12-31T13:08:17","slug":"terminos-y-condiciones","status":"publish","type":"page","link":"https:\/\/bitcoinrevolution.pro\/es\/terms-and-conditions\/","title":{"rendered":"Condiciones generales"},"content":{"rendered":"<div data-elementor-type=\"wp-page\" data-elementor-id=\"21\" class=\"elementor elementor-21\" data-elementor-post-type=\"page\">\n\t\t\t\t<div class=\"elementor-element elementor-element-01d1307 e-flex e-con-boxed e-con e-parent\" data-id=\"01d1307\" data-element_type=\"container\" data-e-type=\"container\" data-settings=\"{&quot;background_background&quot;:&quot;classic&quot;}\">\n\t\t\t\t\t<div class=\"e-con-inner\">\n\t\t\t\t<div class=\"elementor-element elementor-element-cd0fd83 elementor-widget elementor-widget-spacer\" data-id=\"cd0fd83\" data-element_type=\"widget\" data-e-type=\"widget\" data-widget_type=\"spacer.default\">\n\t\t\t\t\t\t\t<div class=\"elementor-spacer\">\n\t\t\t<div class=\"elementor-spacer-inner\"><\/div>\n\t\t<\/div>\n\t\t\t\t\t\t<\/div>\n\t\t\t\t<div class=\"elementor-element elementor-element-7befe11 elementor-widget elementor-widget-heading\" data-id=\"7befe11\" data-element_type=\"widget\" data-e-type=\"widget\" data-widget_type=\"heading.default\">\n\t\t\t\t\t<h1 class=\"elementor-heading-title elementor-size-default\">Condiciones generales<\/h1>\t\t\t\t<\/div>\n\t\t\t\t<div class=\"elementor-element elementor-element-f7ace13 elementor-widget-divider--view-line elementor-widget elementor-widget-divider\" data-id=\"f7ace13\" data-element_type=\"widget\" data-e-type=\"widget\" data-widget_type=\"divider.default\">\n\t\t\t\t\t\t\t<div class=\"elementor-divider\">\n\t\t\t<span class=\"elementor-divider-separator\">\n\t\t\t\t\t\t<\/span>\n\t\t<\/div>\n\t\t\t\t\t\t<\/div>\n\t\t\t\t<div class=\"elementor-element elementor-element-9155d9d elementor-widget elementor-widget-heading\" data-id=\"9155d9d\" data-element_type=\"widget\" data-e-type=\"widget\" data-widget_type=\"heading.default\">\n\t\t\t\t\t<h2 class=\"elementor-heading-title elementor-size-default\">1. generales<\/h2>\t\t\t\t<\/div>\n\t\t\t\t<div class=\"elementor-element elementor-element-2421b9e elementor-widget elementor-widget-text-editor\" data-id=\"2421b9e\" data-element_type=\"widget\" data-e-type=\"widget\" data-widget_type=\"text-editor.default\">\n\t\t\t\t\t\t\t\t\t<p><strong>1.1.<\/strong> Bienvenido a <a href=\"https:\/\/bitcoinrevolution.pro\/es\/\">bitcoinrevolution.pro<\/a> (el \u201cSitio Web\u201d).<\/p><p>Puedes contactar con nosotras en\u00a0<a href=\"mailto:info@bitcoinrevolution.pro\">info@bitcoinrevolution.pro<\/a>.<\/p><p><strong>1.2.<\/strong>\u00a0El sitio web proporciona informaci\u00f3n sobre plataformas de terceros (las \u201cPlataformas de terceros\u201d), que ofrecen servicios educativos sobre estrategias generales de inversi\u00f3n o estudios de mercado. Altrix Edge act\u00faa como intermediario, conectando a los usuarios con estas Plataformas de terceros (los \"Servicios\").<\/p><p><strong>1.3.<\/strong>\u00a0Estos t\u00e9rminos de uso (los \u201cT\u00e9rminos\u201d) rigen su acceso y uso (\u201cUsted\u201d, \u201cSu\u201d o \u201cUsuario\u201d) del Sitio web y los Servicios. Lea estos T\u00e9rminos detenidamente antes de utilizar los Servicios. Al utilizar el sitio web, usted acepta estos T\u00e9rminos, incluidas sus modificaciones. Si no est\u00e1 de acuerdo con alguna parte de estos T\u00e9rminos, debe dejar de utilizar el sitio web inmediatamente. Estos T\u00e9rminos forman un acuerdo legalmente vinculante entre usted y Altrix Edge, el operador del sitio web (<a rel=\"noopener\">info@altrix-edge.mytestdoain.com<\/a>).<\/p><p>Adem\u00e1s, al aceptar estos T\u00e9rminos, tambi\u00e9n acepta nuestra Pol\u00edtica de privacidad, que puede revisar haciendo clic aqu\u00ed.<\/p>\t\t\t\t\t\t\t\t<\/div>\n\t\t\t\t<div class=\"elementor-element elementor-element-bd3c475 elementor-widget elementor-widget-heading\" data-id=\"bd3c475\" data-element_type=\"widget\" data-e-type=\"widget\" data-widget_type=\"heading.default\">\n\t\t\t\t\t<h2 class=\"elementor-heading-title elementor-size-default\">2. Descripci\u00f3n de los Servicios<\/h2>\t\t\t\t<\/div>\n\t\t\t\t<div class=\"elementor-element elementor-element-c2095b6 elementor-widget elementor-widget-text-editor\" data-id=\"c2095b6\" data-element_type=\"widget\" data-e-type=\"widget\" data-widget_type=\"text-editor.default\">\n\t\t\t\t\t\t\t\t\t<p><strong>2.1.<\/strong>\u00a0No somos una plataforma comercial ni lo conectamos con dichas plataformas, a menos que proporcionen exclusivamente servicios educativos o estudios de mercado.<\/p><p><strong>2.2.<\/strong>\u00a0Nuestra funci\u00f3n es conectarlo con proveedores de servicios que ofrecen contenido educativo sobre estrategias generales de inversi\u00f3n o estudios de mercado basados \u200b\u200ben sus \u00e1reas de inter\u00e9s.<\/p><p><strong>2.3.<\/strong>\u00a0Una vez que se registre en nuestro sitio web con informaci\u00f3n precisa y completa, un representante del proveedor de servicios se comunicar\u00e1 con usted.<\/p><p><strong>2.4.<\/strong>\u00a0El representante le brindar\u00e1 informaci\u00f3n sobre estrategias de inversi\u00f3n generales que se alinean con sus intereses o que son populares actualmente para mejorar su comprensi\u00f3n de las t\u00e9cnicas de inversi\u00f3n.<\/p>\t\t\t\t\t\t\t\t<\/div>\n\t\t\t\t<div class=\"elementor-element elementor-element-d0c7881 elementor-widget elementor-widget-heading\" data-id=\"d0c7881\" data-element_type=\"widget\" data-e-type=\"widget\" data-widget_type=\"heading.default\">\n\t\t\t\t\t<h2 class=\"elementor-heading-title elementor-size-default\">3. Elegibilidad<\/h2>\t\t\t\t<\/div>\n\t\t\t\t<div class=\"elementor-element elementor-element-1266dfb elementor-widget elementor-widget-text-editor\" data-id=\"1266dfb\" data-element_type=\"widget\" data-e-type=\"widget\" data-widget_type=\"text-editor.default\">\n\t\t\t\t\t\t\t\t\t<p><strong>3.1.<\/strong>\u00a0Para acceder al sitio web y utilizar los Servicios, debe cumplir con todas las condiciones siguientes:<\/p><p><strong>3.1.1.<\/strong>\u00a0Tienes al menos 18 a\u00f1os;<\/p><p><strong>3.1.2.<\/strong>\u00a0Usted tiene la autoridad y la capacidad para celebrar estos T\u00e9rminos y cumplir con sus disposiciones;<\/p><p><strong>3.1.3.<\/strong>\u00a0No tiene prohibido utilizar el sitio web y\/o los servicios seg\u00fan las leyes de su pa\u00eds de residencia o ubicaci\u00f3n.<\/p>\t\t\t\t\t\t\t\t<\/div>\n\t\t\t\t<div class=\"elementor-element elementor-element-853821e elementor-widget elementor-widget-heading\" data-id=\"853821e\" data-element_type=\"widget\" data-e-type=\"widget\" data-widget_type=\"heading.default\">\n\t\t\t\t\t<h2 class=\"elementor-heading-title elementor-size-default\">4. Territorios restringidos<\/h2>\t\t\t\t<\/div>\n\t\t\t\t<div class=\"elementor-element elementor-element-8ab2170 elementor-widget elementor-widget-text-editor\" data-id=\"8ab2170\" data-element_type=\"widget\" data-e-type=\"widget\" data-widget_type=\"text-editor.default\">\n\t\t\t\t\t\t\t\t\t<p><strong>4.1.<\/strong>\u00a0Podemos restringir el acceso al sitio web y\/o a los servicios (o cualquier parte de los mismos) para usuarios ubicados en territorios donde el marco legal o regulatorio impide la prestaci\u00f3n de los servicios.<\/p><p><strong>4.2.<\/strong>\u00a0Podemos imponer requisitos o condiciones adicionales a los usuarios que residen en pa\u00edses espec\u00edficos para garantizar el cumplimiento de las leyes locales aplicables. Adem\u00e1s, los usuarios que viajen a territorios restringidos pueden encontrar el sitio web y\/o los servicios no disponibles o bloqueados.<\/p>\t\t\t\t\t\t\t\t<\/div>\n\t\t\t\t<div class=\"elementor-element elementor-element-e36ce97 elementor-widget elementor-widget-heading\" data-id=\"e36ce97\" data-element_type=\"widget\" data-e-type=\"widget\" data-widget_type=\"heading.default\">\n\t\t\t\t\t<h2 class=\"elementor-heading-title elementor-size-default\">5. Actividades prohibidas<\/h2>\t\t\t\t<\/div>\n\t\t\t\t<div class=\"elementor-element elementor-element-a859de1 elementor-widget elementor-widget-text-editor\" data-id=\"a859de1\" data-element_type=\"widget\" data-e-type=\"widget\" data-widget_type=\"text-editor.default\">\n\t\t\t\t\t\t\t\t\t<p><strong>5.1.<\/strong>\u00a0Usted acepta utilizar el sitio web y los servicios con respeto y no:<\/p><p><strong>5.1.1.<\/strong>\u00a0Cargar, descargar, distribuir o transmitir (a) material que infrinja la propiedad intelectual o los derechos de privacidad; (b) material que sea da\u00f1ino, ofensivo o inapropiado; (c) material que contenga virus o software da\u00f1ino; (d) material que viole cualquier ley; (e) anuncios sin autorizaci\u00f3n previa.<\/p><p><strong>5.1.2.<\/strong>\u00a0Modificar cualquier atribuci\u00f3n, aviso legal o etiqueta de propiedad en el sitio web.<\/p><p><strong>5.1.3.<\/strong>\u00a0Utilizar los Servicios a trav\u00e9s de cualquier interfaz que no sea el Sitio web.<\/p><p><strong>5.1.4.<\/strong>\u00a0Interrumpir el acceso de otros usuarios al sitio web o a los servicios.<\/p><p><strong>5.1.5.<\/strong>\u00a0Utilice herramientas automatizadas, como bots, para acceder o utilizar el sitio web o los servicios.<\/p><p><strong>5.1.6.<\/strong>\u00a0Cargar o transmitir cualquier material que recopile o transmita informaci\u00f3n sin nuestro permiso, incluido software esp\u00eda, cookies o tecnolog\u00edas similares.<\/p><p><strong>5.1.7.<\/strong>\u00a0Participar en actividades como \"enmarcar\" o \"duplicar\" que simulen la apariencia o funcionalidad del sitio web.<\/p><p><strong>5.1.8.<\/strong>\u00a0Violate laws or encourage illegal activities such as copyright infringement, hacking, or identity theft.<\/p><p><strong>5.1.9.<\/strong>\u00a0Modificar, desensamblar, descompilar o interferir con el c\u00f3digo fuente del sitio web o cargar software da\u00f1ino.<\/p><p><strong>5.1.10.<\/strong>\u00a0Realizar ingenier\u00eda inversa en cualquier software o tecnolog\u00eda asociada con el sitio web o los servicios.<\/p><p><strong>5.2.<\/strong>\u00a0Podemos bloquear su acceso al sitio web y\/o a los servicios si su uso viola estos T\u00e9rminos o cualquier ley aplicable.<\/p>\t\t\t\t\t\t\t\t<\/div>\n\t\t\t\t<div class=\"elementor-element elementor-element-b8f4a96 elementor-widget elementor-widget-heading\" data-id=\"b8f4a96\" data-element_type=\"widget\" data-e-type=\"widget\" data-widget_type=\"heading.default\">\n\t\t\t\t\t<h2 class=\"elementor-heading-title elementor-size-default\">6. Derechos de propiedad intelectual<\/h2>\t\t\t\t<\/div>\n\t\t\t\t<div class=\"elementor-element elementor-element-f9ab155 elementor-widget elementor-widget-text-editor\" data-id=\"f9ab155\" data-element_type=\"widget\" data-e-type=\"widget\" data-widget_type=\"text-editor.default\">\n\t\t\t\t\t\t\t\t\t<p>Todo el contenido de Bitcoin Revolution, incluidos logotipos, software, textos e im\u00e1genes, est\u00e1 protegido por las leyes de propiedad intelectual. No puedes:<\/p><p><strong>6.1<\/strong> Reproducir, modificar, distribuir o utilizar cualquier contenido sin nuestro permiso por escrito.<\/p>\t\t\t\t\t\t\t\t<\/div>\n\t\t\t\t<div class=\"elementor-element elementor-element-29b2e56 elementor-widget elementor-widget-heading\" data-id=\"29b2e56\" data-element_type=\"widget\" data-e-type=\"widget\" data-widget_type=\"heading.default\">\n\t\t\t\t\t<h2 class=\"elementor-heading-title elementor-size-default\">7. Limitaci\u00f3n de responsabilidad<\/h2>\t\t\t\t<\/div>\n\t\t\t\t<div class=\"elementor-element elementor-element-af9740f elementor-widget elementor-widget-text-editor\" data-id=\"af9740f\" data-element_type=\"widget\" data-e-type=\"widget\" data-widget_type=\"text-editor.default\">\n\t\t\t\t\t\t\t\t\t<p><strong>7.1.<\/strong>\u00a0No somos responsables de las p\u00e9rdidas causadas por incumplimiento o desempe\u00f1o inadecuado debido a sus acciones, interferencia de terceros o fuerza mayor.<\/p><p><strong>7.2.<\/strong>\u00a0Nada en estos T\u00e9rminos excluye la responsabilidad por (i) muerte o lesiones personales causadas por nuestra negligencia; (ii) fraude; u (iii) otras responsabilidades que no puedan excluirse seg\u00fan la ley aplicable.<\/p><p><strong>7.3.<\/strong>\u00a0No somos responsables de errores, virus o malware transmitidos a trav\u00e9s del sitio web o los servicios, a menos que tengamos la culpa.<\/p><p><strong>7.4.<\/strong>\u00a0Nuestro objetivo es mantener el sitio web libre de errores y cualquier inexactitud se corregir\u00e1 de inmediato.<\/p><p><strong>7.5.<\/strong>\u00a0Usted acepta eximirnos de toda responsabilidad por cualquier p\u00e9rdida causada por su violaci\u00f3n de estos T\u00e9rminos.<\/p><p><strong>7.6.<\/strong>\u00a0No somos responsables de problemas t\u00e9cnicos como fallas del tel\u00e9fono o de la red, problemas del servidor o incompatibilidades de Internet.<\/p>\t\t\t\t\t\t\t\t<\/div>\n\t\t\t\t<div class=\"elementor-element elementor-element-9f80571 elementor-widget elementor-widget-heading\" data-id=\"9f80571\" data-element_type=\"widget\" data-e-type=\"widget\" data-widget_type=\"heading.default\">\n\t\t\t\t\t<h2 class=\"elementor-heading-title elementor-size-default\">8. Servicios o contenido de terceros<\/h2>\t\t\t\t<\/div>\n\t\t\t\t<div class=\"elementor-element elementor-element-2f3e7e4 elementor-widget elementor-widget-text-editor\" data-id=\"2f3e7e4\" data-element_type=\"widget\" data-e-type=\"widget\" data-widget_type=\"text-editor.default\">\n\t\t\t\t\t\t\t\t\t<p><strong>8.1.<\/strong>\u00a0El sitio web puede mostrar contenido o servicios de terceros, incluidos anuncios relacionados con plataformas de terceros.<\/p><p><strong>8.2.<\/strong>\u00a0No respaldamos ni controlamos estos servicios de terceros y recomendamos verificar la informaci\u00f3n de forma independiente antes de actuar en consecuencia.<\/p>\t\t\t\t\t\t\t\t<\/div>\n\t\t\t\t<div class=\"elementor-element elementor-element-6a8ecdb elementor-widget elementor-widget-heading\" data-id=\"6a8ecdb\" data-element_type=\"widget\" data-e-type=\"widget\" data-widget_type=\"heading.default\">\n\t\t\t\t\t<h2 class=\"elementor-heading-title elementor-size-default\">9. Enlaces<\/h2>\t\t\t\t<\/div>\n\t\t\t\t<div class=\"elementor-element elementor-element-89f673b elementor-widget elementor-widget-text-editor\" data-id=\"89f673b\" data-element_type=\"widget\" data-e-type=\"widget\" data-widget_type=\"text-editor.default\">\n\t\t\t\t\t\t\t\t\t<p><strong>9.1.<\/strong>\u00a0El sitio web puede incluir enlaces a sitios web o servicios de terceros. Utilice estos enlaces bajo su propia responsabilidad. No somos responsables de ninguna p\u00e9rdida o da\u00f1o causado por el acceso a contenido de terceros.<\/p><p><strong>9.2.<\/strong>\u00a0La inclusi\u00f3n de enlaces no implica aprobaci\u00f3n de sitios o servicios de terceros.<\/p><p><strong>9.3.<\/strong>\u00a0No somos responsables del contenido de los sitios web de terceros y recomendamos revisar sus t\u00e9rminos y pol\u00edticas de privacidad antes de interactuar con ellos.<\/p>\t\t\t\t\t\t\t\t<\/div>\n\t\t\t\t<div class=\"elementor-element elementor-element-533d845 elementor-widget elementor-widget-heading\" data-id=\"533d845\" data-element_type=\"widget\" data-e-type=\"widget\" data-widget_type=\"heading.default\">\n\t\t\t\t\t<h2 class=\"elementor-heading-title elementor-size-default\">10. Varios<\/h2>\t\t\t\t<\/div>\n\t\t\t\t<div class=\"elementor-element elementor-element-5e3153c elementor-widget elementor-widget-text-editor\" data-id=\"5e3153c\" data-element_type=\"widget\" data-e-type=\"widget\" data-widget_type=\"text-editor.default\">\n\t\t\t\t\t\t\t\t\t<p><strong>10.1.<\/strong>\u00a0Podemos modificar o discontinuar los Servicios, o introducir otros nuevos, en cualquier momento.<\/p><p><strong>10.2.<\/strong>\u00a0Podemos modificar estos T\u00e9rminos. Cualquier cambio entrar\u00e1 en vigor inmediatamente despu\u00e9s de su publicaci\u00f3n. Al continuar utilizando el sitio web, acepta los T\u00e9rminos revisados.<\/p><p><strong>10.3.<\/strong>\u00a0La transmisi\u00f3n de informaci\u00f3n hacia\/desde el sitio web no crea ninguna relaci\u00f3n fuera de estos T\u00e9rminos.<\/p><p><strong>10.4.<\/strong>\u00a0Estos T\u00e9rminos, junto con la Pol\u00edtica de Privacidad, representan el \u00fanico acuerdo v\u00e1lido entre nosotros y el Usuario.<\/p><p><strong>10.5.<\/strong>\u00a0Ninguna demora en el ejercicio de cualquier derecho bajo estos T\u00e9rminos constituye una renuncia a ese derecho.<\/p><p><strong>10.6.<\/strong>\u00a0Si alguna disposici\u00f3n de estos T\u00e9rminos se considera inaplicable, el resto seguir\u00e1 en vigor.<\/p><p><strong>10.7.<\/strong>\u00a0Podemos transferir nuestros derechos y obligaciones, pero usted no puede transferir los suyos sin nuestro consentimiento.<\/p><p><strong>10.8.<\/strong>\u00a0Estos T\u00e9rminos se rigen por la ley francesa.<\/p><p><strong>10.9.<\/strong>\u00a0Cualquier disputa que surja de estos T\u00e9rminos se resolver\u00e1 en los tribunales de su jurisdicci\u00f3n.<\/p>\t\t\t\t\t\t\t\t<\/div>\n\t\t\t\t<div class=\"elementor-element elementor-element-558b236 elementor-widget elementor-widget-spacer\" data-id=\"558b236\" data-element_type=\"widget\" data-e-type=\"widget\" data-widget_type=\"spacer.default\">\n\t\t\t\t\t\t\t<div class=\"elementor-spacer\">\n\t\t\t<div class=\"elementor-spacer-inner\"><\/div>\n\t\t<\/div>\n\t\t\t\t\t\t<\/div>\n\t\t\t\t\t<\/div>\n\t\t\t\t<\/div>\n\t\t\t\t<\/div>","protected":false},"excerpt":{"rendered":"<p>Terms and Conditions 1. General 1.1. Welcome to bitcoinrevolution.pro (the &#8220;Website&#8221;). You can contact us at\u00a0info@bitcoinrevolution.pro. 1.2.\u00a0The Website provides information about third-party platforms (the &#8220;Third-Party Platforms&#8221;), which offer educational services on general investment strategies or market research. Altrix Edge acts as an intermediary, connecting users to these Third-Party Platforms (the &#8220;Services&#8221;). 1.3.\u00a0These terms of use [&hellip;]<\/p>\n","protected":false},"author":1,"featured_media":0,"parent":0,"menu_order":0,"comment_status":"closed","ping_status":"closed","template":"elementor_header_footer","meta":{"footnotes":""},"class_list":["post-21","page","type-page","status-publish","hentry"],"_links":{"self":[{"href":"https:\/\/bitcoinrevolution.pro\/es\/wp-json\/wp\/v2\/pages\/21","targetHints":{"allow":["GET"]}}],"collection":[{"href":"https:\/\/bitcoinrevolution.pro\/es\/wp-json\/wp\/v2\/pages"}],"about":[{"href":"https:\/\/bitcoinrevolution.pro\/es\/wp-json\/wp\/v2\/types\/page"}],"author":[{"embeddable":true,"href":"https:\/\/bitcoinrevolution.pro\/es\/wp-json\/wp\/v2\/users\/1"}],"replies":[{"embeddable":true,"href":"https:\/\/bitcoinrevolution.pro\/es\/wp-json\/wp\/v2\/comments?post=21"}],"version-history":[{"count":12,"href":"https:\/\/bitcoinrevolution.pro\/es\/wp-json\/wp\/v2\/pages\/21\/revisions"}],"predecessor-version":[{"id":925,"href":"https:\/\/bitcoinrevolution.pro\/es\/wp-json\/wp\/v2\/pages\/21\/revisions\/925"}],"wp:attachment":[{"href":"https:\/\/bitcoinrevolution.pro\/es\/wp-json\/wp\/v2\/media?parent=21"}],"curies":[{"name":"wp","href":"https:\/\/api.w.org\/{rel}","templated":true}]}}