{"id":30,"date":"2024-11-13T06:06:02","date_gmt":"2024-11-13T06:06:02","guid":{"rendered":"https:\/\/bitcoinrevolution.pro\/?page_id=30"},"modified":"2025-12-31T10:03:38","modified_gmt":"2025-12-31T10:03:38","slug":"politica-de-cookies","status":"publish","type":"page","link":"https:\/\/bitcoinrevolution.pro\/es\/cookie-policy\/","title":{"rendered":"Pol\u00edtica de cookies"},"content":{"rendered":"<div data-elementor-type=\"wp-page\" data-elementor-id=\"30\" class=\"elementor elementor-30\" data-elementor-post-type=\"page\">\n\t\t\t\t<div class=\"elementor-element elementor-element-0aadfc1 e-flex e-con-boxed e-con e-parent\" data-id=\"0aadfc1\" data-element_type=\"container\" data-e-type=\"container\" data-settings=\"{&quot;background_background&quot;:&quot;classic&quot;}\">\n\t\t\t\t\t<div class=\"e-con-inner\">\n\t\t\t\t<div class=\"elementor-element elementor-element-9630623 elementor-widget elementor-widget-spacer\" data-id=\"9630623\" data-element_type=\"widget\" data-e-type=\"widget\" data-widget_type=\"spacer.default\">\n\t\t\t\t\t\t\t<div class=\"elementor-spacer\">\n\t\t\t<div class=\"elementor-spacer-inner\"><\/div>\n\t\t<\/div>\n\t\t\t\t\t\t<\/div>\n\t\t\t\t<div class=\"elementor-element elementor-element-afc8386 elementor-widget elementor-widget-heading\" data-id=\"afc8386\" data-element_type=\"widget\" data-e-type=\"widget\" data-widget_type=\"heading.default\">\n\t\t\t\t\t<h1 class=\"elementor-heading-title elementor-size-default\">Pol\u00edtica de cookies<\/h1>\t\t\t\t<\/div>\n\t\t\t\t<div class=\"elementor-element elementor-element-ad6d272 elementor-widget-divider--view-line elementor-widget elementor-widget-divider\" data-id=\"ad6d272\" data-element_type=\"widget\" data-e-type=\"widget\" data-widget_type=\"divider.default\">\n\t\t\t\t\t\t\t<div class=\"elementor-divider\">\n\t\t\t<span class=\"elementor-divider-separator\">\n\t\t\t\t\t\t<\/span>\n\t\t<\/div>\n\t\t\t\t\t\t<\/div>\n\t\t\t\t<div class=\"elementor-element elementor-element-6211bec elementor-widget elementor-widget-heading\" data-id=\"6211bec\" data-element_type=\"widget\" data-e-type=\"widget\" data-widget_type=\"heading.default\">\n\t\t\t\t\t<h2 class=\"elementor-heading-title elementor-size-default\">1. \u00bfQu\u00e9 son las cookies?<\/h2>\t\t\t\t<\/div>\n\t\t\t\t<div class=\"elementor-element elementor-element-7d41db6 elementor-widget elementor-widget-text-editor\" data-id=\"7d41db6\" data-element_type=\"widget\" data-e-type=\"widget\" data-widget_type=\"text-editor.default\">\n\t\t\t\t\t\t\t\t\t<p>Las cookies son peque\u00f1os archivos de texto que contienen una peque\u00f1a cantidad de datos y que se descargan en su dispositivo cuando visita un sitio web. En visitas posteriores, estas cookies se env\u00edan de vuelta al sitio web original o a otro sitio web que las reconozca. Las cookies son \u00fatiles porque permiten que los sitios web reconozcan su dispositivo.<\/p><p>Las cookies tienen varios prop\u00f3sitos, como permitirle navegar entre p\u00e1ginas de manera eficiente, recordar sus preferencias, mejorar su experiencia en el sitio web y proporcionar anuncios personalizados.<\/p><p>Para obtener m\u00e1s detalles sobre c\u00f3mo se procesan sus datos personales, consulte el Aviso de privacidad de datos de Bitcoin Revolution.<\/p>\t\t\t\t\t\t\t\t<\/div>\n\t\t\t\t<div class=\"elementor-element elementor-element-001d103 elementor-widget elementor-widget-heading\" data-id=\"001d103\" data-element_type=\"widget\" data-e-type=\"widget\" data-widget_type=\"heading.default\">\n\t\t\t\t\t<h2 class=\"elementor-heading-title elementor-size-default\">2. \u00bfQui\u00e9n coloca cookies en su dispositivo?<\/h2>\t\t\t\t<\/div>\n\t\t\t\t<div class=\"elementor-element elementor-element-944cf5d elementor-widget elementor-widget-text-editor\" data-id=\"944cf5d\" data-element_type=\"widget\" data-e-type=\"widget\" data-widget_type=\"text-editor.default\">\n\t\t\t\t\t\t\t\t\t<p>El editor del sitio web o terceros, como empresas de educaci\u00f3n en inversiones, corredores de datos e intermediarios, pueden colocar cookies en su dispositivo.<\/p>\t\t\t\t\t\t\t\t<\/div>\n\t\t\t\t<div class=\"elementor-element elementor-element-991f6c3 elementor-widget elementor-widget-heading\" data-id=\"991f6c3\" data-element_type=\"widget\" data-e-type=\"widget\" data-widget_type=\"heading.default\">\n\t\t\t\t\t<h2 class=\"elementor-heading-title elementor-size-default\">3. \u00bfPara qu\u00e9 se utilizan las cookies?<\/h2>\t\t\t\t<\/div>\n\t\t\t\t<div class=\"elementor-element elementor-element-467ab76 elementor-widget elementor-widget-text-editor\" data-id=\"467ab76\" data-element_type=\"widget\" data-e-type=\"widget\" data-widget_type=\"text-editor.default\">\n\t\t\t\t\t\t\t\t\t<p>Podemos colocar las siguientes categor\u00edas de cookies en su dispositivo:<\/p>\t\t\t\t\t\t\t\t<\/div>\n\t\t\t\t<div class=\"elementor-element elementor-element-2af1768 elementor-widget elementor-widget-html\" data-id=\"2af1768\" data-element_type=\"widget\" data-e-type=\"widget\" data-widget_type=\"html.default\">\n\t\t\t\t\t<div style=\"overflow-x:auto;\">\r\n    <table>\r\n  <tr>\r\n    <th>categor\u00eda de cookies<\/th>\r\n    <th>Objetivo<\/th>\r\n  <\/tr>\r\n  <tr>\r\n    <td>Cookies estrictamente necesarias<\/td>\r\n    <td>Estas cookies son estrictamente necesarias para permitirle navegar por el sitio web y utilizar las funciones que ha solicitado. Se utilizan para proporcionarle Nuestro contenido, productos y servicios que ha solicitado.<br\/>\r\n\r\nEstas cookies son esenciales para ayudar a su dispositivo a descargar o transmitir informaci\u00f3n para que pueda navegar por el sitio web, utilizar sus funciones y regresar a las p\u00e1ginas que ha visitado anteriormente.<br\/>\r\n\r\nEstas cookies recopilan datos personales sobre usted, como el nombre de usuario y la fecha del \u00faltimo inicio de sesi\u00f3n, y lo identifican cuando inici\u00f3 sesi\u00f3n en el sitio web.\r\n<br\/>\r\nEstas cookies se eliminan cuando cierra su navegador web (cookies de sesi\u00f3n).<\/td>\r\n  <\/tr>\r\n  <tr>\r\n    <td>Cookies de funcionalidad<\/td>\r\n    <td>Estas cookies se utilizan para reconocerlo cuando regresa al sitio web y nos permiten recordar sus elecciones y preferencias.<br\/>\r\n\r\nEstas cookies sobreviven al cierre de su navegador web y duran hasta el momento de caducidad correspondiente.<\/td>\r\n  <\/tr>\r\n    <tr>\r\n    <td>Cookies anal\u00edticas<\/td>\r\n    <td>Estas cookies se utilizan para proporcionar estad\u00edsticas agregadas con respecto al rendimiento del sitio web y para probar y mejorar dicho rendimiento, con el fin de proporcionar una mejor experiencia de usuario. Adem\u00e1s, Nos permiten realizar funciones anal\u00edticas en el Sitio Web.<br\/>\r\n\r\nEstas cookies recopilan datos an\u00f3nimos que no est\u00e1n relacionados con una persona f\u00edsica identificada o identificable.<br\/>\r\n\r\nThese cookies are valid for varying periods; some are deleted once you close your browser, while others have an indefinite validity period.<\/td>\r\n  <\/tr>\r\n<\/table>\r\n<\/div>\t\t\t\t<\/div>\n\t\t\t\t<div class=\"elementor-element elementor-element-21025d9 elementor-widget elementor-widget-text-editor\" data-id=\"21025d9\" data-element_type=\"widget\" data-e-type=\"widget\" data-widget_type=\"text-editor.default\">\n\t\t\t\t\t\t\t\t\t<p>Puede encontrar una lista completa de las cookies utilizadas en Nuestro Sitio Web aqu\u00ed.<\/p>\t\t\t\t\t\t\t\t<\/div>\n\t\t\t\t<div class=\"elementor-element elementor-element-03bdcad elementor-widget elementor-widget-heading\" data-id=\"03bdcad\" data-element_type=\"widget\" data-e-type=\"widget\" data-widget_type=\"heading.default\">\n\t\t\t\t\t<h2 class=\"elementor-heading-title elementor-size-default\">4. \u00bfC\u00f3mo administro mis preferencias de cookies?<\/h2>\t\t\t\t<\/div>\n\t\t\t\t<div class=\"elementor-element elementor-element-74f550b elementor-widget elementor-widget-text-editor\" data-id=\"74f550b\" data-element_type=\"widget\" data-e-type=\"widget\" data-widget_type=\"text-editor.default\">\n\t\t\t\t\t\t\t\t\t<p>El uso de determinadas cookies requiere su consentimiento previo. Tenga en cuenta que las cookies estrictamente necesarias no requieren consentimiento.<\/p><p>Para otras cookies, utilizamos una herramienta de administraci\u00f3n de cookies que le permite configurar sus preferencias en su primera visita al sitio web. Tambi\u00e9n puedes modificar tus preferencias en cualquier momento, incluida la desactivaci\u00f3n de las cookies, utilizando la herramienta de gesti\u00f3n de cookies aqu\u00ed.<\/p><p>Adem\u00e1s, puede desactivar las cookies ajustando la configuraci\u00f3n de su navegador para rechazar todas o determinadas cookies. Sin embargo, tenga en cuenta que:<\/p><ul><li>Deshabilitar ciertas cookies puede limitar el acceso a partes del sitio web.<\/li><li>Es posible que algunos servicios del sitio web no funcionen correctamente.<\/li><li>Es posible que ya no podamos rastrear su navegaci\u00f3n en el sitio web.<\/li><li>Es posible que ya no podamos rastrear su navegaci\u00f3n en el sitio web.<\/li><\/ul><p>Deshabilitar las cookies no las elimina autom\u00e1ticamente de su navegador. Para eliminar las cookies, debe realizar acciones espec\u00edficas dentro de su navegador.<\/p><p>Para cambiar la configuraci\u00f3n de cookies, vaya al men\u00fa \u201cOpciones\u201d o \u201cPreferencias\u201d de su navegador. Para m\u00e1s detalles, consulta la secci\u00f3n \u201cAyuda\u201d de tu navegador.<\/p><p>Para obtener informaci\u00f3n sobre la gesti\u00f3n de cookies en su navegador, siga los enlaces siguientes:<\/p><ul><li><a href=\"https:\/\/support.microsoft.com\/fr-fr\/microsoft-edge\/supprimer-les-cookies-dans-microsoft-edge-63947406-40ac-c3b8-57b9-2a946a29ae09\" rel=\"noopener\" target=\"_blank\">Edge<\/a><\/li><li><a href=\"https:\/\/support.mozilla.org\/fr\/kb\/activer-desactiver-cookies?redirectlocale=fr&amp;redirectslug=Activer+et+d%C3%A9sactiver+les+cookies\" rel=\"noopener\" target=\"_blank\">Firefox<\/a><\/li><li><a href=\"https:\/\/support.google.com\/chrome\/answer\/95647?hl=fr&amp;hlrm=en\" rel=\"noopener\" target=\"_blank\">Chrome<\/a><\/li><li><a href=\"https:\/\/support.apple.com\/kb\/HT1677?viewlocale=fr_FR\" rel=\"noopener\" target=\"_blank\">Safari<\/a><\/li><\/ul>\t\t\t\t\t\t\t\t<\/div>\n\t\t\t\t<div class=\"elementor-element elementor-element-877879e elementor-widget elementor-widget-heading\" data-id=\"877879e\" data-element_type=\"widget\" data-e-type=\"widget\" data-widget_type=\"heading.default\">\n\t\t\t\t\t<h2 class=\"elementor-heading-title elementor-size-default\">5. Cambios en la Pol\u00edtica de Cookies<\/h2>\t\t\t\t<\/div>\n\t\t\t\t<div class=\"elementor-element elementor-element-87e5d0e elementor-widget elementor-widget-text-editor\" data-id=\"87e5d0e\" data-element_type=\"widget\" data-e-type=\"widget\" data-widget_type=\"text-editor.default\">\n\t\t\t\t\t\t\t\t\t<p>Esta Pol\u00edtica de cookies puede actualizarse peri\u00f3dicamente para reflejar cambios en nuestras pr\u00e1cticas de cookies. Le notificaremos dichos cambios, incluida la fecha de entrada en vigor.<\/p>\t\t\t\t\t\t\t\t<\/div>\n\t\t\t\t<div class=\"elementor-element elementor-element-dcbc39c elementor-widget elementor-widget-heading\" data-id=\"dcbc39c\" data-element_type=\"widget\" data-e-type=\"widget\" data-widget_type=\"heading.default\">\n\t\t\t\t\t<h2 class=\"elementor-heading-title elementor-size-default\">6. Contacta con nosotras\n\n<\/h2>\t\t\t\t<\/div>\n\t\t\t\t<div class=\"elementor-element elementor-element-a17fed9 elementor-widget elementor-widget-text-editor\" data-id=\"a17fed9\" data-element_type=\"widget\" data-e-type=\"widget\" data-widget_type=\"text-editor.default\">\n\t\t\t\t\t\t\t\t\t<p>Si tiene alguna pregunta o necesita informaci\u00f3n adicional sobre las cookies, por favor cont\u00e1ctenos en <a href=\"mailto:info@bitcoinrevolution.pro\" rel=\"noopener\">info@bitcoinrevolution.pro<\/a><\/p>\t\t\t\t\t\t\t\t<\/div>\n\t\t\t\t<div class=\"elementor-element elementor-element-dd27137 elementor-widget elementor-widget-spacer\" data-id=\"dd27137\" data-element_type=\"widget\" data-e-type=\"widget\" data-widget_type=\"spacer.default\">\n\t\t\t\t\t\t\t<div class=\"elementor-spacer\">\n\t\t\t<div class=\"elementor-spacer-inner\"><\/div>\n\t\t<\/div>\n\t\t\t\t\t\t<\/div>\n\t\t\t\t\t<\/div>\n\t\t\t\t<\/div>\n\t\t\t\t<\/div>","protected":false},"excerpt":{"rendered":"<p>Cookie Policy 1. What are Cookies? Cookies are small text files that contain a small amount of data, which are downloaded to your device when you visit a website. On subsequent visits, these cookies are sent back to the original website or another website that recognizes them. Cookies are useful because they allow websites to [&hellip;]<\/p>\n","protected":false},"author":1,"featured_media":0,"parent":0,"menu_order":0,"comment_status":"closed","ping_status":"closed","template":"elementor_header_footer","meta":{"footnotes":""},"class_list":["post-30","page","type-page","status-publish","hentry"],"_links":{"self":[{"href":"https:\/\/bitcoinrevolution.pro\/es\/wp-json\/wp\/v2\/pages\/30","targetHints":{"allow":["GET"]}}],"collection":[{"href":"https:\/\/bitcoinrevolution.pro\/es\/wp-json\/wp\/v2\/pages"}],"about":[{"href":"https:\/\/bitcoinrevolution.pro\/es\/wp-json\/wp\/v2\/types\/page"}],"author":[{"embeddable":true,"href":"https:\/\/bitcoinrevolution.pro\/es\/wp-json\/wp\/v2\/users\/1"}],"replies":[{"embeddable":true,"href":"https:\/\/bitcoinrevolution.pro\/es\/wp-json\/wp\/v2\/comments?post=30"}],"version-history":[{"count":6,"href":"https:\/\/bitcoinrevolution.pro\/es\/wp-json\/wp\/v2\/pages\/30\/revisions"}],"predecessor-version":[{"id":914,"href":"https:\/\/bitcoinrevolution.pro\/es\/wp-json\/wp\/v2\/pages\/30\/revisions\/914"}],"wp:attachment":[{"href":"https:\/\/bitcoinrevolution.pro\/es\/wp-json\/wp\/v2\/media?parent=30"}],"curies":[{"name":"wp","href":"https:\/\/api.w.org\/{rel}","templated":true}]}}