{"id":14,"date":"2024-11-13T05:30:57","date_gmt":"2024-11-13T05:30:57","guid":{"rendered":"https:\/\/bitcoinrevolution.pro\/?page_id=14"},"modified":"2025-12-31T09:57:31","modified_gmt":"2025-12-31T09:57:31","slug":"o","status":"publish","type":"page","link":"https:\/\/bitcoinrevolution.pro\/pl\/about\/","title":{"rendered":"O"},"content":{"rendered":"<div data-elementor-type=\"wp-page\" data-elementor-id=\"14\" class=\"elementor elementor-14\" data-elementor-post-type=\"page\">\n\t\t\t\t<div class=\"elementor-element elementor-element-71c5910 e-flex e-con-boxed e-con e-parent\" data-id=\"71c5910\" data-element_type=\"container\" data-e-type=\"container\" data-settings=\"{&quot;background_background&quot;:&quot;classic&quot;}\">\n\t\t\t\t\t<div class=\"e-con-inner\">\n\t\t\t\t<div class=\"elementor-element elementor-element-913ebb6 elementor-widget elementor-widget-heading\" data-id=\"913ebb6\" data-element_type=\"widget\" data-e-type=\"widget\" data-widget_type=\"heading.default\">\n\t\t\t\t\t<h1 class=\"elementor-heading-title elementor-size-default\">O nas<\/h1>\t\t\t\t<\/div>\n\t\t\t\t<div class=\"elementor-element elementor-element-bccfe0d elementor-widget-divider--view-line elementor-widget elementor-widget-divider\" data-id=\"bccfe0d\" data-element_type=\"widget\" data-e-type=\"widget\" data-widget_type=\"divider.default\">\n\t\t\t\t\t\t\t<div class=\"elementor-divider\">\n\t\t\t<span class=\"elementor-divider-separator\">\n\t\t\t\t\t\t<\/span>\n\t\t<\/div>\n\t\t\t\t\t\t<\/div>\n\t\t\t\t\t<\/div>\n\t\t\t\t<\/div>\n\t\t<div class=\"elementor-element elementor-element-0d44a40 e-flex e-con-boxed e-con e-parent\" data-id=\"0d44a40\" data-element_type=\"container\" data-e-type=\"container\" data-settings=\"{&quot;background_background&quot;:&quot;classic&quot;}\">\n\t\t\t\t\t<div class=\"e-con-inner\">\n\t\t\t\t<div class=\"elementor-element elementor-element-b5b0cce elementor-widget elementor-widget-spacer\" data-id=\"b5b0cce\" data-element_type=\"widget\" data-e-type=\"widget\" data-widget_type=\"spacer.default\">\n\t\t\t\t\t\t\t<div class=\"elementor-spacer\">\n\t\t\t<div class=\"elementor-spacer-inner\"><\/div>\n\t\t<\/div>\n\t\t\t\t\t\t<\/div>\n\t\t\t\t\t<\/div>\n\t\t\t\t<\/div>\n\t\t<div class=\"elementor-element elementor-element-1050a50 e-flex e-con-boxed e-con e-parent\" data-id=\"1050a50\" data-element_type=\"container\" data-e-type=\"container\" data-settings=\"{&quot;background_background&quot;:&quot;classic&quot;}\">\n\t\t\t\t\t<div class=\"e-con-inner\">\n\t\t<div class=\"elementor-element elementor-element-d6760bd e-con-full e-flex e-con e-child\" data-id=\"d6760bd\" data-element_type=\"container\" data-e-type=\"container\">\n\t\t\t\t<div class=\"elementor-element elementor-element-55b18d2 elementor-widget elementor-widget-heading\" data-id=\"55b18d2\" data-element_type=\"widget\" data-e-type=\"widget\" data-widget_type=\"heading.default\">\n\t\t\t\t\t<h2 class=\"elementor-heading-title elementor-size-default\">Bitcoinowa rewolucja: Edukacja dla wszystkich<\/h2>\t\t\t\t<\/div>\n\t\t\t\t<div class=\"elementor-element elementor-element-305dbd6 elementor-widget-divider--view-line elementor-widget elementor-widget-divider\" data-id=\"305dbd6\" data-element_type=\"widget\" data-e-type=\"widget\" data-widget_type=\"divider.default\">\n\t\t\t\t\t\t\t<div class=\"elementor-divider\">\n\t\t\t<span class=\"elementor-divider-separator\">\n\t\t\t\t\t\t<\/span>\n\t\t<\/div>\n\t\t\t\t\t\t<\/div>\n\t\t\t\t<div class=\"elementor-element elementor-element-f796612 elementor-widget elementor-widget-text-editor\" data-id=\"f796612\" data-element_type=\"widget\" data-e-type=\"widget\" data-widget_type=\"text-editor.default\">\n\t\t\t\t\t\t\t\t\t<p>W Bitcoin Revolution nasz cel jest prosty: pom\u00f3c u\u017cytkownikom, kt\u00f3rzy chc\u0105 dowiedzie\u0107 si\u0119 wi\u0119cej o inwestycjach. Wierzymy, \u017ce najlepszym sposobem na to jest dostarczanie u\u017cytkownikom wszystkich informacji, kt\u00f3rych potrzebuj\u0105, aby czu\u0107 si\u0119 pewnie inwestuj\u0105c swoje ci\u0119\u017cko zarobione pieni\u0105dze. W\u0142a\u015bnie dlatego wsp\u00f3\u0142pracujemy z renomowanymi firmami zajmuj\u0105cymi si\u0119 edukacj\u0105 inwestycyjn\u0105. Nasi partnerzy s\u0105 liderami w swojej dziedzinie, zatrudniaj\u0105c nauczycieli z udokumentowan\u0105 wiedz\u0105, do\u015bwiadczeniem i wiedz\u0105.<\/p><p>Dzi\u0119ki naszej platformie mo\u017cesz \u0142atwo \u0142\u0105czy\u0107 si\u0119 z szerok\u0105 gam\u0105 dostawc\u00f3w us\u0142ug edukacyjnych, niezale\u017cnie od tego, czy dopiero zaczynasz, czy masz ju\u017c podstawow\u0105 wiedz\u0119.<\/p><p>Nasza us\u0142uga jest bezp\u0142atna, \u0142atwa w u\u017cyciu i zaprojektowana tak, aby pom\u00f3c Ci rozpocz\u0105\u0107 edukacj\u0119 inwestycyjn\u0105 z pewno\u015bci\u0105 siebie.<\/p>\t\t\t\t\t\t\t\t<\/div>\n\t\t\t\t<\/div>\n\t\t<div class=\"elementor-element elementor-element-9a9dccb e-con-full e-flex e-con e-child\" data-id=\"9a9dccb\" data-element_type=\"container\" data-e-type=\"container\">\n\t\t\t\t<div class=\"elementor-element elementor-element-c1b6bd5 elementor-widget elementor-widget-image\" data-id=\"c1b6bd5\" data-element_type=\"widget\" data-e-type=\"widget\" data-widget_type=\"image.default\">\n\t\t\t\t\t\t\t\t\t\t\t\t\t\t\t<img fetchpriority=\"high\" decoding=\"async\" width=\"800\" height=\"534\" src=\"https:\/\/bitcoinrevolution.pro\/wp-content\/uploads\/2024\/11\/top_view_male_trader_analyzing_stock_market_while_sitting_office-_1__11zon-1024x683.webp\" class=\"attachment-large size-large wp-image-152\" alt=\"Bitcoin Revolution\" srcset=\"https:\/\/bitcoinrevolution.pro\/wp-content\/uploads\/2024\/11\/top_view_male_trader_analyzing_stock_market_while_sitting_office-_1__11zon-1024x683.webp 1024w, https:\/\/bitcoinrevolution.pro\/wp-content\/uploads\/2024\/11\/top_view_male_trader_analyzing_stock_market_while_sitting_office-_1__11zon-300x200.webp 300w, https:\/\/bitcoinrevolution.pro\/wp-content\/uploads\/2024\/11\/top_view_male_trader_analyzing_stock_market_while_sitting_office-_1__11zon-768x512.webp 768w, https:\/\/bitcoinrevolution.pro\/wp-content\/uploads\/2024\/11\/top_view_male_trader_analyzing_stock_market_while_sitting_office-_1__11zon-1536x1024.webp 1536w, https:\/\/bitcoinrevolution.pro\/wp-content\/uploads\/2024\/11\/top_view_male_trader_analyzing_stock_market_while_sitting_office-_1__11zon-2048x1365.webp 2048w\" sizes=\"(max-width: 800px) 100vw, 800px\" \/>\t\t\t\t\t\t\t\t\t\t\t\t\t\t\t<\/div>\n\t\t\t\t<\/div>\n\t\t\t\t\t<\/div>\n\t\t\t\t<\/div>\n\t\t<div class=\"elementor-element elementor-element-3b8ecb6 e-flex e-con-boxed e-con e-parent\" data-id=\"3b8ecb6\" data-element_type=\"container\" data-e-type=\"container\" data-settings=\"{&quot;background_background&quot;:&quot;classic&quot;}\">\n\t\t\t\t\t<div class=\"e-con-inner\">\n\t\t\t\t<div class=\"elementor-element elementor-element-d386a5a elementor-widget elementor-widget-spacer\" data-id=\"d386a5a\" data-element_type=\"widget\" data-e-type=\"widget\" data-widget_type=\"spacer.default\">\n\t\t\t\t\t\t\t<div class=\"elementor-spacer\">\n\t\t\t<div class=\"elementor-spacer-inner\"><\/div>\n\t\t<\/div>\n\t\t\t\t\t\t<\/div>\n\t\t\t\t\t<\/div>\n\t\t\t\t<\/div>\n\t\t<div class=\"elementor-element elementor-element-7f4db33 e-flex e-con-boxed e-con e-parent\" data-id=\"7f4db33\" data-element_type=\"container\" data-e-type=\"container\" data-settings=\"{&quot;background_background&quot;:&quot;gradient&quot;}\">\n\t\t\t\t\t<div class=\"e-con-inner\">\n\t\t\t\t<div class=\"elementor-element elementor-element-762aa33 elementor-widget elementor-widget-spacer\" data-id=\"762aa33\" data-element_type=\"widget\" data-e-type=\"widget\" data-widget_type=\"spacer.default\">\n\t\t\t\t\t\t\t<div class=\"elementor-spacer\">\n\t\t\t<div class=\"elementor-spacer-inner\"><\/div>\n\t\t<\/div>\n\t\t\t\t\t\t<\/div>\n\t\t<div class=\"elementor-element elementor-element-8931e23 e-con-full e-flex e-con e-child\" data-id=\"8931e23\" data-element_type=\"container\" data-e-type=\"container\">\n\t\t<div class=\"elementor-element elementor-element-5cd80f5 e-con-full e-flex e-con e-child\" data-id=\"5cd80f5\" data-element_type=\"container\" data-e-type=\"container\" data-settings=\"{&quot;background_background&quot;:&quot;classic&quot;}\">\n\t\t\t\t<div class=\"elementor-element elementor-element-b0b7c8c elementor-widget elementor-widget-heading\" data-id=\"b0b7c8c\" data-element_type=\"widget\" data-e-type=\"widget\" data-widget_type=\"heading.default\">\n\t\t\t\t\t<h2 class=\"elementor-heading-title elementor-size-default\">Nasza pasja do edukacji i inwestycji<\/h2>\t\t\t\t<\/div>\n\t\t\t\t<div class=\"elementor-element elementor-element-5edc3b6 elementor-widget elementor-widget-text-editor\" data-id=\"5edc3b6\" data-element_type=\"widget\" data-e-type=\"widget\" data-widget_type=\"text-editor.default\">\n\t\t\t\t\t\t\t\t\t<p>Bitcoin Revolution to us\u0142uga, kt\u00f3ra doskonale \u0142\u0105czy nasze dwie najwi\u0119ksze pasje: inwestycje i edukacj\u0119. Wierzymy, \u017ce te dwa elementy id\u0105 w parze. Wiedza jest jednym z najwa\u017cniejszych czynnik\u00f3w w podejmowaniu \u015bwiadomych decyzji inwestycyjnych, a my jeste\u015bmy zaanga\u017cowani w dostarczanie zasob\u00f3w, kt\u00f3re umo\u017cliwiaj\u0105 u\u017cytkownikom poruszanie si\u0119 po \u015bwiecie inwestycji z pewno\u015bci\u0105 siebie.<\/p>\t\t\t\t\t\t\t\t<\/div>\n\t\t\t\t<\/div>\n\t\t<div class=\"elementor-element elementor-element-78d1252 e-con-full e-flex e-con e-child\" data-id=\"78d1252\" data-element_type=\"container\" data-e-type=\"container\" data-settings=\"{&quot;background_background&quot;:&quot;classic&quot;}\">\n\t\t\t\t<div class=\"elementor-element elementor-element-6ca5969 elementor-widget elementor-widget-heading\" data-id=\"6ca5969\" data-element_type=\"widget\" data-e-type=\"widget\" data-widget_type=\"heading.default\">\n\t\t\t\t\t<h2 class=\"elementor-heading-title elementor-size-default\">S\u0142u\u017cymy pomoc\u0105<\/h2>\t\t\t\t<\/div>\n\t\t\t\t<div class=\"elementor-element elementor-element-a927d77 elementor-widget elementor-widget-text-editor\" data-id=\"a927d77\" data-element_type=\"widget\" data-e-type=\"widget\" data-widget_type=\"text-editor.default\">\n\t\t\t\t\t\t\t\t\t<p>Edukacja i mo\u017cliwo\u015bci powinny by\u0107 dost\u0119pne dla ka\u017cdego i to jest sedno naszej misji. Nasza bezp\u0142atna i przyjazna dla u\u017cytkownika strona internetowa zapewnia p\u0142ynny dost\u0119p do najlepszych firm zajmuj\u0105cych si\u0119 edukacj\u0105 inwestycyjn\u0105 na ca\u0142ym \u015bwiecie, pomagaj\u0105c u\u017cytkownikom \u0142\u0105czy\u0107 si\u0119 z zasobami, kt\u00f3rych potrzebuj\u0105, aby uczy\u0107 si\u0119 i rozwija\u0107 w \u015bwiecie inwestowania.<\/p>\t\t\t\t\t\t\t\t<\/div>\n\t\t\t\t<\/div>\n\t\t\t\t<\/div>\n\t\t\t\t<div class=\"elementor-element elementor-element-7d63259 elementor-align-center elementor-widget elementor-widget-button\" data-id=\"7d63259\" data-element_type=\"widget\" data-e-type=\"widget\" data-widget_type=\"button.default\">\n\t\t\t\t\t\t\t\t\t\t<a class=\"elementor-button elementor-button-link elementor-size-sm\" href=\"https:\/\/bitcoinrevolution.pro\/pl\">\n\t\t\t\t\t\t<span class=\"elementor-button-content-wrapper\">\n\t\t\t\t\t\t\t\t\t<span class=\"elementor-button-text\">Rozpocznij handel ju\u017c teraz<\/span>\n\t\t\t\t\t<\/span>\n\t\t\t\t\t<\/a>\n\t\t\t\t\t\t\t\t<\/div>\n\t\t\t\t<div class=\"elementor-element elementor-element-368f6de elementor-widget elementor-widget-spacer\" data-id=\"368f6de\" data-element_type=\"widget\" data-e-type=\"widget\" data-widget_type=\"spacer.default\">\n\t\t\t\t\t\t\t<div class=\"elementor-spacer\">\n\t\t\t<div class=\"elementor-spacer-inner\"><\/div>\n\t\t<\/div>\n\t\t\t\t\t\t<\/div>\n\t\t\t\t\t<\/div>\n\t\t\t\t<\/div>\n\t\t\t\t<\/div>","protected":false},"excerpt":{"rendered":"<p>About Us Bitcoin Revolution: Education for All At Bitcoin Revolution, our goal is simple: to help users who are eager to learn about investments. We believe the best way to do this is by providing users with all the information they need to feel confident in investing their hard-earned money. That&#8217;s why we partner with [&hellip;]<\/p>\n","protected":false},"author":1,"featured_media":0,"parent":0,"menu_order":0,"comment_status":"closed","ping_status":"closed","template":"elementor_header_footer","meta":{"footnotes":""},"class_list":["post-14","page","type-page","status-publish","hentry"],"_links":{"self":[{"href":"https:\/\/bitcoinrevolution.pro\/pl\/wp-json\/wp\/v2\/pages\/14","targetHints":{"allow":["GET"]}}],"collection":[{"href":"https:\/\/bitcoinrevolution.pro\/pl\/wp-json\/wp\/v2\/pages"}],"about":[{"href":"https:\/\/bitcoinrevolution.pro\/pl\/wp-json\/wp\/v2\/types\/page"}],"author":[{"embeddable":true,"href":"https:\/\/bitcoinrevolution.pro\/pl\/wp-json\/wp\/v2\/users\/1"}],"replies":[{"embeddable":true,"href":"https:\/\/bitcoinrevolution.pro\/pl\/wp-json\/wp\/v2\/comments?post=14"}],"version-history":[{"count":6,"href":"https:\/\/bitcoinrevolution.pro\/pl\/wp-json\/wp\/v2\/pages\/14\/revisions"}],"predecessor-version":[{"id":908,"href":"https:\/\/bitcoinrevolution.pro\/pl\/wp-json\/wp\/v2\/pages\/14\/revisions\/908"}],"wp:attachment":[{"href":"https:\/\/bitcoinrevolution.pro\/pl\/wp-json\/wp\/v2\/media?parent=14"}],"curies":[{"name":"wp","href":"https:\/\/api.w.org\/{rel}","templated":true}]}}