{"id":19,"date":"2024-11-13T05:32:05","date_gmt":"2024-11-13T05:32:05","guid":{"rendered":"https:\/\/bitcoinrevolution.pro\/?page_id=19"},"modified":"2025-12-31T13:05:48","modified_gmt":"2025-12-31T13:05:48","slug":"polityka-prywatnosci","status":"publish","type":"page","link":"https:\/\/bitcoinrevolution.pro\/pl\/privacy-policy\/","title":{"rendered":"Polityka prywatno\u015bci"},"content":{"rendered":"<div data-elementor-type=\"wp-page\" data-elementor-id=\"19\" class=\"elementor elementor-19\" data-elementor-post-type=\"page\">\n\t\t\t\t<div class=\"elementor-element elementor-element-b86038a e-flex e-con-boxed e-con e-parent\" data-id=\"b86038a\" data-element_type=\"container\" data-e-type=\"container\" data-settings=\"{&quot;background_background&quot;:&quot;classic&quot;}\">\n\t\t\t\t\t<div class=\"e-con-inner\">\n\t\t\t\t<div class=\"elementor-element elementor-element-2348349 elementor-widget elementor-widget-spacer\" data-id=\"2348349\" data-element_type=\"widget\" data-e-type=\"widget\" data-widget_type=\"spacer.default\">\n\t\t\t\t\t\t\t<div class=\"elementor-spacer\">\n\t\t\t<div class=\"elementor-spacer-inner\"><\/div>\n\t\t<\/div>\n\t\t\t\t\t\t<\/div>\n\t\t\t\t<div class=\"elementor-element elementor-element-ed3b68e elementor-widget elementor-widget-heading\" data-id=\"ed3b68e\" data-element_type=\"widget\" data-e-type=\"widget\" data-widget_type=\"heading.default\">\n\t\t\t\t\t<h1 class=\"elementor-heading-title elementor-size-default\">Polityka prywatno\u015bci<\/h1>\t\t\t\t<\/div>\n\t\t\t\t<div class=\"elementor-element elementor-element-8333f09 elementor-widget-divider--view-line elementor-widget elementor-widget-divider\" data-id=\"8333f09\" data-element_type=\"widget\" data-e-type=\"widget\" data-widget_type=\"divider.default\">\n\t\t\t\t\t\t\t<div class=\"elementor-divider\">\n\t\t\t<span class=\"elementor-divider-separator\">\n\t\t\t\t\t\t<\/span>\n\t\t<\/div>\n\t\t\t\t\t\t<\/div>\n\t\t\t\t<div class=\"elementor-element elementor-element-da7d276 elementor-widget elementor-widget-heading\" data-id=\"da7d276\" data-element_type=\"widget\" data-e-type=\"widget\" data-widget_type=\"heading.default\">\n\t\t\t\t\t<h2 class=\"elementor-heading-title elementor-size-default\">Cel zawiadomienia<\/h2>\t\t\t\t<\/div>\n\t\t\t\t<div class=\"elementor-element elementor-element-076dc4b elementor-widget elementor-widget-text-editor\" data-id=\"076dc4b\" data-element_type=\"widget\" data-e-type=\"widget\" data-widget_type=\"text-editor.default\">\n\t\t\t\t\t\t\t\t\t<p>Niniejsza Informacja o ochronie danych osobowych (dalej \u201eInformacja\u201d) wyja\u015bnia, w jaki spos\u00f3b Bitcoin Revolution (dalej \u201eBitcoin Revolution\u201d, \u201eMy\u201d lub \u201eNas\u201d) przetwarza Twoje dane osobowe jako administrator danych. Dotyczy danych osobowych, kt\u00f3re podajesz podczas odwiedzania naszej strony internetowej, <a href=\"https:\/\/bitcoinrevolution.pro\/pl\/\">bitcoinrevolution.pro<\/a> (\u201eStrona internetowa\u201d) oraz dane, kt\u00f3re mo\u017cemy otrzyma\u0107 od os\u00f3b trzecich, aby po\u0142\u0105czy\u0107 Ci\u0119 z profesjonalistami, kt\u00f3rzy mog\u0105 Ci\u0119 zainteresowa\u0107.<\/p>\t\t\t\t\t\t\t\t<\/div>\n\t\t\t\t<div class=\"elementor-element elementor-element-6cd6556 elementor-widget elementor-widget-heading\" data-id=\"6cd6556\" data-element_type=\"widget\" data-e-type=\"widget\" data-widget_type=\"heading.default\">\n\t\t\t\t\t<h2 class=\"elementor-heading-title elementor-size-default\">Jakie kategorie danych osobowych s\u0105 przetwarzane?<\/h2>\t\t\t\t<\/div>\n\t\t\t\t<div class=\"elementor-element elementor-element-e4260f1 elementor-widget elementor-widget-text-editor\" data-id=\"e4260f1\" data-element_type=\"widget\" data-e-type=\"widget\" data-widget_type=\"text-editor.default\">\n\t\t\t\t\t\t\t\t\t<p>Gromadzimy i przetwarzamy nast\u0119puj\u0105ce rodzaje danych osobowych o Tobie:<\/p>\t\t\t\t\t\t\t\t<\/div>\n\t\t\t\t<div class=\"elementor-element elementor-element-4d81e38 elementor-widget elementor-widget-heading\" data-id=\"4d81e38\" data-element_type=\"widget\" data-e-type=\"widget\" data-widget_type=\"heading.default\">\n\t\t\t\t\t<h2 class=\"elementor-heading-title elementor-size-default\">Informacje, kt\u00f3re zbieramy\n<\/h2>\t\t\t\t<\/div>\n\t\t\t\t<div class=\"elementor-element elementor-element-4f8647c elementor-widget elementor-widget-text-editor\" data-id=\"4f8647c\" data-element_type=\"widget\" data-e-type=\"widget\" data-widget_type=\"text-editor.default\">\n\t\t\t\t\t\t\t\t\t<p>Dane osobowe, o podanie kt\u00f3rych jeste\u015b proszony, oraz powody, dla kt\u00f3rych jeste\u015b proszony o ich podanie, zostan\u0105 Ci wyja\u015bnione w momencie, gdy poprosimy Ci\u0119 o podanie danych osobowych. Je\u015bli skontaktujesz si\u0119 z nami bezpo\u015brednio, mo\u017cemy otrzyma\u0107 dodatkowe informacje o Tobie, takie jak Twoje imi\u0119 i nazwisko, adres e-mail, numer telefonu, tre\u015b\u0107 wiadomo\u015bci i\/lub za\u0142\u0105cznik\u00f3w, kt\u00f3re mo\u017cesz nam przes\u0142a\u0107, a tak\u017ce wszelkie inne informacje, kt\u00f3re mo\u017cesz nam poda\u0107. Kiedy rejestrujesz si\u0119 w celu za\u0142o\u017cenia Konta, mo\u017cemy poprosi\u0107 Ci\u0119 o podanie danych kontaktowych, w tym takich danych, jak imi\u0119 i nazwisko, nazwa firmy, adres, adres e-mail i numer telefonu.<\/p>\t\t\t\t\t\t\t\t<\/div>\n\t\t\t\t<div class=\"elementor-element elementor-element-16a9b8d elementor-widget elementor-widget-heading\" data-id=\"16a9b8d\" data-element_type=\"widget\" data-e-type=\"widget\" data-widget_type=\"heading.default\">\n\t\t\t\t\t<h2 class=\"elementor-heading-title elementor-size-default\">W jaki spos\u00f3b gromadzone s\u0105 Twoje dane?<\/h2>\t\t\t\t<\/div>\n\t\t\t\t<div class=\"elementor-element elementor-element-d1651a9 elementor-widget elementor-widget-text-editor\" data-id=\"d1651a9\" data-element_type=\"widget\" data-e-type=\"widget\" data-widget_type=\"text-editor.default\">\n\t\t\t\t\t\t\t\t\t<p>We collect your personal data:<\/p><ol><li><strong>Bezpo\u015brednio<\/strong>\u00a0od Ciebie, gdy podajesz Dane Identyfikacyjne na naszej Stronie Internetowej; i\/lub<\/li><li><strong>Po\u015brednio<\/strong>:<ul><li>Kiedy otrzymujemy Twoje dane identyfikacyjne od stron trzecich (np. firm zajmuj\u0105cych si\u0119 edukacj\u0105 inwestycyjn\u0105, partner\u00f3w, podmiot\u00f3w stowarzyszonych, marketer\u00f3w, agencji cyfrowych); i\/lub<\/li><li>When we collect data related to your browsing behavior through cookies or similar technologies (as described in our Cookies Policy).<\/li><\/ul><\/li><\/ol><p>Nie masz obowi\u0105zku podawania swoich danych osobowych. Je\u015bli jednak tego nie zrobisz, nie b\u0119dziemy mogli skontaktowa\u0107 Ci\u0119 ze specjalistami, kt\u00f3rymi mo\u017cesz by\u0107 zainteresowany.<\/p>\t\t\t\t\t\t\t\t<\/div>\n\t\t\t\t<div class=\"elementor-element elementor-element-10d7ba2 elementor-widget elementor-widget-heading\" data-id=\"10d7ba2\" data-element_type=\"widget\" data-e-type=\"widget\" data-widget_type=\"heading.default\">\n\t\t\t\t\t<h2 class=\"elementor-heading-title elementor-size-default\">Jakie s\u0105 cele i podstawa prawna naszego przetwarzania?<\/h2>\t\t\t\t<\/div>\n\t\t\t\t<div class=\"elementor-element elementor-element-0d7fd4a elementor-widget elementor-widget-text-editor\" data-id=\"0d7fd4a\" data-element_type=\"widget\" data-e-type=\"widget\" data-widget_type=\"text-editor.default\">\n\t\t\t\t\t\t\t\t\t<p>Przetwarzamy Twoje dane osobowe w nast\u0119puj\u0105cych celach:<\/p>\t\t\t\t\t\t\t\t<\/div>\n\t\t\t\t<div class=\"elementor-element elementor-element-ea48c7f elementor-widget elementor-widget-html\" data-id=\"ea48c7f\" data-element_type=\"widget\" data-e-type=\"widget\" data-widget_type=\"html.default\">\n\t\t\t\t\t<div style=\"overflow-x:auto;\">\r\n    <table>\r\n  <tr>\r\n    <th>Cel<\/th>\r\n    <th>Podstawa prawna<\/th>\r\n    <th>Kategorie przetwarzanych danych osobowych<\/th>\r\n  <\/tr>\r\n  <tr>\r\n    <td>Udost\u0119pnianie Twoich danych osobowych profesjonalistom oferuj\u0105cym us\u0142ugi, kt\u00f3rymi mo\u017cesz by\u0107 zainteresowany.<\/td>\r\n    <td>Twoja zgoda<\/td>\r\n    <td>Dane identyfikacyjne<\/td>\r\n  <\/tr>\r\n  <tr>\r\n    <td>Odpowiadanie i spe\u0142nianie \u017c\u0105da\u0144 organ\u00f3w regulacyjnych lub w\u0142adz.<\/td>\r\n    <td>Przestrzeganie obowi\u0105zk\u00f3w prawnych.<\/td>\r\n    <td>Dane identyfikacyjne, informacje o przegl\u0105daniu<\/td>\r\n  <\/tr>\r\n    <tr>\r\n    <td>Egzekwowanie i obrona naszych praw.<\/td>\r\n    <td>Nasz uzasadniony interes, aby si\u0119 broni\u0107.<\/td>\r\n    <td>Dane identyfikacyjne, informacje o przegl\u0105daniu<\/td>\r\n  <\/tr>\r\n    <tr>\r\n    <td>Zapewnienie dzia\u0142ania i bezpiecze\u0144stwa naszej Strony internetowej.<\/td>\r\n    <td>Nasz uzasadniony interes w utrzymaniu bezpiecznej Strony internetowej.<\/td>\r\n    <td>Przegl\u0105danie informacji<\/td>\r\n  <\/tr>\r\n<\/table>\r\n<\/div>\t\t\t\t<\/div>\n\t\t\t\t<div class=\"elementor-element elementor-element-67f1d6f elementor-widget elementor-widget-heading\" data-id=\"67f1d6f\" data-element_type=\"widget\" data-e-type=\"widget\" data-widget_type=\"heading.default\">\n\t\t\t\t\t<h2 class=\"elementor-heading-title elementor-size-default\">Komu b\u0119d\u0105 udost\u0119pniane moje dane osobowe?<\/h2>\t\t\t\t<\/div>\n\t\t\t\t<div class=\"elementor-element elementor-element-6272fe1 elementor-widget elementor-widget-text-editor\" data-id=\"6272fe1\" data-element_type=\"widget\" data-e-type=\"widget\" data-widget_type=\"text-editor.default\">\n\t\t\t\t\t\t\t\t\t<p>We may share your personal data:<\/p><ol><li>W naszej grupie firm;<\/li><li>Naszym partnerom do ich w\u0142asnych cel\u00f3w przetwarzania (np. przekazywania informacji o us\u0142ugach, kt\u00f3rymi mo\u017cesz by\u0107 zainteresowany), pod warunkiem, \u017ce wyrazi\u0142e\u015b zgod\u0119 na takie udost\u0119pnianie. Do partner\u00f3w tych zaliczaj\u0105 si\u0119 firmy zajmuj\u0105ce si\u0119 edukacj\u0105 inwestycyjn\u0105, brokerzy danych i po\u015brednicy;<\/li><li>Stronom trzecim, kt\u00f3re \u015bwiadcz\u0105 nam us\u0142ugi, takie jak przechowywanie, hosting, analityka i wsparcie techniczne;<\/li><li>Z naszymi doradcami prawnymi w zakresie zgodno\u015bci z obowi\u0105zkami ustawowymi (np. ksi\u0119gowo\u015b\u0107, audyt, kontrola wewn\u0119trzna);<\/li><li>W ramach sprzeda\u017cy naszej firmy lub maj\u0105tku, b\u0105d\u017a w przypadku reorganizacji lub restrukturyzacji przedsi\u0119biorstwa (w tym rozwi\u0105zania lub likwidacji); I<\/li><li>Je\u015bli jest to wymagane lub dozwolone przez prawo, z organami rz\u0105dowymi, s\u0105dami, doradcami zewn\u0119trznymi i podobnymi stronami trzecimi.<\/li><\/ol>\t\t\t\t\t\t\t\t<\/div>\n\t\t\t\t<div class=\"elementor-element elementor-element-ac3e055 elementor-widget elementor-widget-heading\" data-id=\"ac3e055\" data-element_type=\"widget\" data-e-type=\"widget\" data-widget_type=\"heading.default\">\n\t\t\t\t\t<h2 class=\"elementor-heading-title elementor-size-default\">Transgraniczne przesy\u0142anie danych<\/h2>\t\t\t\t<\/div>\n\t\t\t\t<div class=\"elementor-element elementor-element-7cb3696 elementor-widget elementor-widget-text-editor\" data-id=\"7cb3696\" data-element_type=\"widget\" data-e-type=\"widget\" data-widget_type=\"text-editor.default\">\n\t\t\t\t\t\t\t\t\t<p>Twoje dane osobowe przekazujemy poza Europejski Obszar Gospodarczy (EOG). Niekt\u00f3rzy odbiorcy maj\u0105 siedzib\u0119 w krajach, w kt\u00f3rych Komisja Europejska uzna\u0142a odpowiedni poziom ochrony danych (np. Izrael). W przypadku pozosta\u0142ych kraj\u00f3w zapewniamy odpowiedni poziom ochrony poprzez umowy o przekazywaniu danych w oparciu o standardowe klauzule umowne (2021\/914\/UE) lub inne odpowiednie \u015brodki, jak opisano w danych kontaktowych poni\u017cej.<\/p>\t\t\t\t\t\t\t\t<\/div>\n\t\t\t\t<div class=\"elementor-element elementor-element-b6ae28c elementor-widget elementor-widget-heading\" data-id=\"b6ae28c\" data-element_type=\"widget\" data-e-type=\"widget\" data-widget_type=\"heading.default\">\n\t\t\t\t\t<h2 class=\"elementor-heading-title elementor-size-default\">Zatrzymanie<\/h2>\t\t\t\t<\/div>\n\t\t\t\t<div class=\"elementor-element elementor-element-973e9ab elementor-widget elementor-widget-text-editor\" data-id=\"973e9ab\" data-element_type=\"widget\" data-e-type=\"widget\" data-widget_type=\"text-editor.default\">\n\t\t\t\t\t\t\t\t\t<p>B\u0119dziemy przechowywa\u0107 Twoje dane osobowe tylko tak d\u0142ugo, jak b\u0119dzie to konieczne do osi\u0105gni\u0119cia cel\u00f3w okre\u015blonych w niniejszej Informacji i zgodnie z obowi\u0105zuj\u0105cymi przepisami dotycz\u0105cymi ochrony danych. Gdy nie b\u0119dziemy ju\u017c potrzebowa\u0107 Twoich danych, zostan\u0105 one usuni\u0119te lub zanonimizowane, chyba \u017ce ich przechowywanie jest wymagane w celu wywi\u0105zania si\u0119 z obowi\u0105zk\u00f3w prawnych lub w zwi\u0105zku z roszczeniami prawnymi.<\/p>\t\t\t\t\t\t\t\t<\/div>\n\t\t\t\t<div class=\"elementor-element elementor-element-fdd7c5b elementor-widget elementor-widget-heading\" data-id=\"fdd7c5b\" data-element_type=\"widget\" data-e-type=\"widget\" data-widget_type=\"heading.default\">\n\t\t\t\t\t<h2 class=\"elementor-heading-title elementor-size-default\">Twoje prawa<\/h2>\t\t\t\t<\/div>\n\t\t\t\t<div class=\"elementor-element elementor-element-bd22d9a elementor-widget elementor-widget-text-editor\" data-id=\"bd22d9a\" data-element_type=\"widget\" data-e-type=\"widget\" data-widget_type=\"text-editor.default\">\n\t\t\t\t\t\t\t\t\t<p>Zgodnie z obowi\u0105zuj\u0105cymi przepisami dotycz\u0105cymi ochrony danych, przys\u0142uguj\u0105 Ci nast\u0119puj\u0105ce prawa:<\/p><ul><li><strong>Prawo dost\u0119pu<\/strong>: Masz prawo sprawdzi\u0107, czy przetwarzamy Twoje dane osobowe i za\u017c\u0105da\u0107 dost\u0119pu do nich, w tym informacji o celach, kategoriach danych i odbiorcach danych.<\/li><li><strong>Prawo do sprostowania<\/strong>: Mo\u017cesz poprosi\u0107 o sprostowanie niedok\u0142adnych danych osobowych lub poda\u0107 dodatkowe informacje w celu uzupe\u0142nienia niekompletnych danych.<\/li><li><strong>Prawo do usuni\u0119cia<\/strong>:Mo\u017cesz za\u017c\u0105da\u0107 usuni\u0119cia swoich danych osobowych.<\/li><li><strong>Prawo do ograniczenia przetwarzania<\/strong>:Mo\u017cesz za\u017c\u0105da\u0107, aby\u015bmy ograniczyli przetwarzanie Twoich danych osobowych do okre\u015blonych cel\u00f3w.<\/li><li><strong>Prawo do przenoszenia danych<\/strong>Mo\u017cesz za\u017c\u0105da\u0107 kopii swoich danych osobowych w ustrukturyzowanym, powszechnie u\u017cywanym formacie nadaj\u0105cym si\u0119 do odczytu maszynowego i przekaza\u0107 je innemu podmiotowi.<\/li><li><strong>Prawo do sprzeciwu<\/strong>: Mo\u017cesz sprzeciwi\u0107 si\u0119 przetwarzaniu Twoich danych osobowych z okre\u015blonych powod\u00f3w. W przypadku skorzystania z tej mo\u017cliwo\u015bci zaprzestaniemy przetwarzania Twoich danych w tych celach.<\/li><li><strong>Prawo do cofni\u0119cia zgody<\/strong>: Je\u017celi przetwarzanie Twoich danych odbywa si\u0119 na podstawie Twojej zgody, mo\u017cesz j\u0105 w ka\u017cdej chwili wycofa\u0107 bez wp\u0142ywu na zgodno\u015b\u0107 z prawem wcze\u015bniejszego przetwarzania.<\/li><li><strong>Prawo do Twoich Danych Po \u015amierci<\/strong>: Mo\u017cesz przekaza\u0107 instrukcje dotycz\u0105ce przechowywania, usuwania lub przekazywania Twoich danych osobowych po Twojej \u015bmierci.<\/li><\/ul>\t\t\t\t\t\t\t\t<\/div>\n\t\t\t\t<div class=\"elementor-element elementor-element-4f00718 elementor-widget elementor-widget-text-editor\" data-id=\"4f00718\" data-element_type=\"widget\" data-e-type=\"widget\" data-widget_type=\"text-editor.default\">\n\t\t\t\t\t\t\t\t\t<p>Prawa te mog\u0105 by\u0107 ograniczone na mocy lokalnych przepis\u00f3w dotycz\u0105cych ochrony danych.<\/p><p>Aby skorzysta\u0107 z tych praw, skontaktuj si\u0119 z nami, korzystaj\u0105c z danych podanych w sekcji \u201eKontakt\u201d poni\u017cej.<\/p><p>Masz r\u00f3wnie\u017c prawo wnie\u015b\u0107 skarg\u0119 do CNIL (francuskiego organu ochrony danych).<\/p>\t\t\t\t\t\t\t\t<\/div>\n\t\t\t\t<div class=\"elementor-element elementor-element-c04ba30 elementor-widget elementor-widget-heading\" data-id=\"c04ba30\" data-element_type=\"widget\" data-e-type=\"widget\" data-widget_type=\"heading.default\">\n\t\t\t\t\t<h2 class=\"elementor-heading-title elementor-size-default\">Kontakt<\/h2>\t\t\t\t<\/div>\n\t\t\t\t<div class=\"elementor-element elementor-element-4191567 elementor-widget elementor-widget-text-editor\" data-id=\"4191567\" data-element_type=\"widget\" data-e-type=\"widget\" data-widget_type=\"text-editor.default\">\n\t\t\t\t\t\t\t\t\t<p>W przypadku jakichkolwiek pyta\u0144 zwi\u0105zanych z niniejszym zawiadomieniem prosimy o kontakt pod adresem:\u00a0<a href=\"mailto:info@bitcoinrevolution.pro\" rel=\"noopener\">info@bitcoinrevolution.pro<\/a><\/p>\t\t\t\t\t\t\t\t<\/div>\n\t\t\t\t<div class=\"elementor-element elementor-element-1ae1b33 elementor-widget elementor-widget-heading\" data-id=\"1ae1b33\" data-element_type=\"widget\" data-e-type=\"widget\" data-widget_type=\"heading.default\">\n\t\t\t\t\t<h2 class=\"elementor-heading-title elementor-size-default\">Zmiany w Polityce Prywatno\u015bci<\/h2>\t\t\t\t<\/div>\n\t\t\t\t<div class=\"elementor-element elementor-element-4bca962 elementor-widget elementor-widget-text-editor\" data-id=\"4bca962\" data-element_type=\"widget\" data-e-type=\"widget\" data-widget_type=\"text-editor.default\">\n\t\t\t\t\t\t\t\t\t<p>Niniejsza Polityka prywatno\u015bci mo\u017ce by\u0107 okresowo aktualizowana. Wszelkie istotne zmiany zostan\u0105 Pa\u0144stwu odpowiednio przekazane.<\/p>\t\t\t\t\t\t\t\t<\/div>\n\t\t\t\t<div class=\"elementor-element elementor-element-c429232 elementor-widget elementor-widget-spacer\" data-id=\"c429232\" data-element_type=\"widget\" data-e-type=\"widget\" data-widget_type=\"spacer.default\">\n\t\t\t\t\t\t\t<div class=\"elementor-spacer\">\n\t\t\t<div class=\"elementor-spacer-inner\"><\/div>\n\t\t<\/div>\n\t\t\t\t\t\t<\/div>\n\t\t\t\t\t<\/div>\n\t\t\t\t<\/div>\n\t\t\t\t<\/div>","protected":false},"excerpt":{"rendered":"<p>Privacy Policy Purpose of the Notice This Data Privacy Notice (the &#8220;Notice&#8221;) explains how Bitcoin Revolution (&#8220;Bitcoin Revolution,&#8221; &#8220;We,&#8221; or &#8220;Us&#8221;) processes your personal data as the data controller. It covers the personal data you provide when you visit our website, bitcoinrevolution.pro (the &#8220;Website&#8221;), and the data we may receive from third parties, in order [&hellip;]<\/p>\n","protected":false},"author":1,"featured_media":0,"parent":0,"menu_order":0,"comment_status":"closed","ping_status":"closed","template":"elementor_header_footer","meta":{"footnotes":""},"class_list":["post-19","page","type-page","status-publish","hentry"],"_links":{"self":[{"href":"https:\/\/bitcoinrevolution.pro\/pl\/wp-json\/wp\/v2\/pages\/19","targetHints":{"allow":["GET"]}}],"collection":[{"href":"https:\/\/bitcoinrevolution.pro\/pl\/wp-json\/wp\/v2\/pages"}],"about":[{"href":"https:\/\/bitcoinrevolution.pro\/pl\/wp-json\/wp\/v2\/types\/page"}],"author":[{"embeddable":true,"href":"https:\/\/bitcoinrevolution.pro\/pl\/wp-json\/wp\/v2\/users\/1"}],"replies":[{"embeddable":true,"href":"https:\/\/bitcoinrevolution.pro\/pl\/wp-json\/wp\/v2\/comments?post=19"}],"version-history":[{"count":15,"href":"https:\/\/bitcoinrevolution.pro\/pl\/wp-json\/wp\/v2\/pages\/19\/revisions"}],"predecessor-version":[{"id":922,"href":"https:\/\/bitcoinrevolution.pro\/pl\/wp-json\/wp\/v2\/pages\/19\/revisions\/922"}],"wp:attachment":[{"href":"https:\/\/bitcoinrevolution.pro\/pl\/wp-json\/wp\/v2\/media?parent=19"}],"curies":[{"name":"wp","href":"https:\/\/api.w.org\/{rel}","templated":true}]}}