{"id":21,"date":"2024-11-13T05:32:45","date_gmt":"2024-11-13T05:32:45","guid":{"rendered":"https:\/\/bitcoinrevolution.pro\/?page_id=21"},"modified":"2025-12-31T13:08:17","modified_gmt":"2025-12-31T13:08:17","slug":"warunki","status":"publish","type":"page","link":"https:\/\/bitcoinrevolution.pro\/pl\/terms-and-conditions\/","title":{"rendered":"Zasady i warunki"},"content":{"rendered":"<div data-elementor-type=\"wp-page\" data-elementor-id=\"21\" class=\"elementor elementor-21\" data-elementor-post-type=\"page\">\n\t\t\t\t<div class=\"elementor-element elementor-element-01d1307 e-flex e-con-boxed e-con e-parent\" data-id=\"01d1307\" data-element_type=\"container\" data-e-type=\"container\" data-settings=\"{&quot;background_background&quot;:&quot;classic&quot;}\">\n\t\t\t\t\t<div class=\"e-con-inner\">\n\t\t\t\t<div class=\"elementor-element elementor-element-cd0fd83 elementor-widget elementor-widget-spacer\" data-id=\"cd0fd83\" data-element_type=\"widget\" data-e-type=\"widget\" data-widget_type=\"spacer.default\">\n\t\t\t\t\t\t\t<div class=\"elementor-spacer\">\n\t\t\t<div class=\"elementor-spacer-inner\"><\/div>\n\t\t<\/div>\n\t\t\t\t\t\t<\/div>\n\t\t\t\t<div class=\"elementor-element elementor-element-7befe11 elementor-widget elementor-widget-heading\" data-id=\"7befe11\" data-element_type=\"widget\" data-e-type=\"widget\" data-widget_type=\"heading.default\">\n\t\t\t\t\t<h1 class=\"elementor-heading-title elementor-size-default\">Zasady i warunki<\/h1>\t\t\t\t<\/div>\n\t\t\t\t<div class=\"elementor-element elementor-element-f7ace13 elementor-widget-divider--view-line elementor-widget elementor-widget-divider\" data-id=\"f7ace13\" data-element_type=\"widget\" data-e-type=\"widget\" data-widget_type=\"divider.default\">\n\t\t\t\t\t\t\t<div class=\"elementor-divider\">\n\t\t\t<span class=\"elementor-divider-separator\">\n\t\t\t\t\t\t<\/span>\n\t\t<\/div>\n\t\t\t\t\t\t<\/div>\n\t\t\t\t<div class=\"elementor-element elementor-element-9155d9d elementor-widget elementor-widget-heading\" data-id=\"9155d9d\" data-element_type=\"widget\" data-e-type=\"widget\" data-widget_type=\"heading.default\">\n\t\t\t\t\t<h2 class=\"elementor-heading-title elementor-size-default\">1. Og\u00f3lne<\/h2>\t\t\t\t<\/div>\n\t\t\t\t<div class=\"elementor-element elementor-element-2421b9e elementor-widget elementor-widget-text-editor\" data-id=\"2421b9e\" data-element_type=\"widget\" data-e-type=\"widget\" data-widget_type=\"text-editor.default\">\n\t\t\t\t\t\t\t\t\t<p><strong>1.1.<\/strong> Witamy w <a href=\"https:\/\/bitcoinrevolution.pro\/pl\/\">bitcoinrevolution.pro<\/a> (dalej \u201eStrona internetowa\u201d).<\/p><p>Mo\u017cesz si\u0119 z nami skontaktowa\u0107 pod adresem\u00a0<a href=\"mailto:info@bitcoinrevolution.pro\">info@bitcoinrevolution.pro<\/a>.<\/p><p><strong>1.2.<\/strong>\u00a0W Serwisie znajduj\u0105 si\u0119 informacje o platformach zewn\u0119trznych (\u201ePlatformy Zewn\u0119trzne\u201d), kt\u00f3re oferuj\u0105 us\u0142ugi edukacyjne w zakresie og\u00f3lnych strategii inwestycyjnych lub bada\u0144 rynku. Altrix Edge pe\u0142ni rol\u0119 po\u015brednika, \u0142\u0105cz\u0105c u\u017cytkownik\u00f3w z platformami stron trzecich (\u201eUs\u0142ugi\u201d).<\/p><p><strong>1.3.<\/strong>\u00a0Niniejsze warunki u\u017cytkowania (\u201eWarunki\u201d) reguluj\u0105 Tw\u00f3j (\u201eTy\u201d, \u201eTw\u00f3j\u201d lub \u201eU\u017cytkownik\u201d) dost\u0119p do Witryny i Us\u0142ug oraz korzystanie z nich. Przed skorzystaniem z Us\u0142ug prosimy o dok\u0142adne zapoznanie si\u0119 z niniejszymi Warunkami. Korzystaj\u0105c z Witryny, wyra\u017casz zgod\u0119 na niniejszy Regulamin, w tym na wszelkie zmiany. Je\u015bli nie zgadzasz si\u0119 z jak\u0105kolwiek cz\u0119\u015bci\u0105 niniejszych Warunk\u00f3w, musisz natychmiast zaprzesta\u0107 korzystania z Witryny. Niniejsze Warunki stanowi\u0105 prawnie wi\u0105\u017c\u0105c\u0105 umow\u0119 pomi\u0119dzy Tob\u0105 a Altrix Edge, operatorem Strony internetowej (<a rel=\"noopener\">info@altrix-edge.mytestdoain.com<\/a>).<\/p><p>Dodatkowo, zgadzaj\u0105c si\u0119 na niniejsze Warunki, zgadzasz si\u0119 r\u00f3wnie\u017c z nasz\u0105 Polityk\u0105 prywatno\u015bci, z kt\u00f3r\u0105 mo\u017cesz zapozna\u0107 si\u0119, klikaj\u0105c tutaj.<\/p>\t\t\t\t\t\t\t\t<\/div>\n\t\t\t\t<div class=\"elementor-element elementor-element-bd3c475 elementor-widget elementor-widget-heading\" data-id=\"bd3c475\" data-element_type=\"widget\" data-e-type=\"widget\" data-widget_type=\"heading.default\">\n\t\t\t\t\t<h2 class=\"elementor-heading-title elementor-size-default\">2. Opis Us\u0142ug<\/h2>\t\t\t\t<\/div>\n\t\t\t\t<div class=\"elementor-element elementor-element-c2095b6 elementor-widget elementor-widget-text-editor\" data-id=\"c2095b6\" data-element_type=\"widget\" data-e-type=\"widget\" data-widget_type=\"text-editor.default\">\n\t\t\t\t\t\t\t\t\t<p><strong>2.1.<\/strong>\u00a0Nie jeste\u015bmy platform\u0105 handlow\u0105 ani nie \u0142\u0105czymy Ci\u0119 z takimi platformami, chyba \u017ce \u015bwiadcz\u0105 one wy\u0142\u0105cznie us\u0142ugi edukacyjne lub badania rynku.<\/p><p><strong>2.2.<\/strong>\u00a0Nasz\u0105 rol\u0105 jest \u0142\u0105czenie Ci\u0119 z dostawcami us\u0142ug oferuj\u0105cymi tre\u015bci edukacyjne na temat og\u00f3lnych strategii inwestycyjnych lub bada\u0144 rynkowych w oparciu o Twoje obszary zainteresowa\u0144.<\/p><p><strong>2.3.<\/strong>\u00a0Po zarejestrowaniu si\u0119 na naszej Stronie internetowej i podaniu dok\u0142adnych i pe\u0142nych informacji przedstawiciel us\u0142ugodawcy skontaktuje si\u0119 z Tob\u0105.<\/p><p><strong>2.4.<\/strong>\u00a0Przedstawiciel przeka\u017ce Ci informacje na temat og\u00f3lnych strategii inwestycyjnych, kt\u00f3re s\u0105 zgodne z Twoimi zainteresowaniami lub s\u0105 obecnie popularne, aby zwi\u0119kszy\u0107 Twoj\u0105 wiedz\u0119 na temat technik inwestycyjnych.<\/p>\t\t\t\t\t\t\t\t<\/div>\n\t\t\t\t<div class=\"elementor-element elementor-element-d0c7881 elementor-widget elementor-widget-heading\" data-id=\"d0c7881\" data-element_type=\"widget\" data-e-type=\"widget\" data-widget_type=\"heading.default\">\n\t\t\t\t\t<h2 class=\"elementor-heading-title elementor-size-default\">3. Kwalifikowalno\u015b\u0107<\/h2>\t\t\t\t<\/div>\n\t\t\t\t<div class=\"elementor-element elementor-element-1266dfb elementor-widget elementor-widget-text-editor\" data-id=\"1266dfb\" data-element_type=\"widget\" data-e-type=\"widget\" data-widget_type=\"text-editor.default\">\n\t\t\t\t\t\t\t\t\t<p><strong>3.1.<\/strong>\u00a0Aby uzyska\u0107 dost\u0119p do Strony internetowej i korzysta\u0107 z Us\u0142ug, musisz spe\u0142ni\u0107 wszystkie poni\u017csze warunki:<\/p><p><strong>3.1.1.<\/strong>\u00a0Masz co najmniej 18 lat;<\/p><p><strong>3.1.2.<\/strong>\u00a0Masz uprawnienia i zdolno\u015b\u0107 do zawarcia niniejszych Warunk\u00f3w i przestrzegania ich postanowie\u0144;<\/p><p><strong>3.1.3.<\/strong>\u00a0Nie ma zakazu korzystania z Witryny i\/lub Us\u0142ug zgodnie z przepisami obowi\u0105zuj\u0105cymi w Twoim kraju zamieszkania lub lokalizacji.<\/p>\t\t\t\t\t\t\t\t<\/div>\n\t\t\t\t<div class=\"elementor-element elementor-element-853821e elementor-widget elementor-widget-heading\" data-id=\"853821e\" data-element_type=\"widget\" data-e-type=\"widget\" data-widget_type=\"heading.default\">\n\t\t\t\t\t<h2 class=\"elementor-heading-title elementor-size-default\">4. Terytoria zastrze\u017cone<\/h2>\t\t\t\t<\/div>\n\t\t\t\t<div class=\"elementor-element elementor-element-8ab2170 elementor-widget elementor-widget-text-editor\" data-id=\"8ab2170\" data-element_type=\"widget\" data-e-type=\"widget\" data-widget_type=\"text-editor.default\">\n\t\t\t\t\t\t\t\t\t<p><strong>4.1.<\/strong>\u00a0Mo\u017cemy ograniczy\u0107 dost\u0119p do Witryny i\/lub Us\u0142ug (lub dowolnej ich cz\u0119\u015bci) u\u017cytkownikom znajduj\u0105cym si\u0119 na terytoriach, gdzie ramy prawne lub regulacyjne uniemo\u017cliwiaj\u0105 \u015bwiadczenie Us\u0142ug.<\/p><p><strong>4.2.<\/strong>\u00a0Mo\u017cemy na\u0142o\u017cy\u0107 dodatkowe wymagania lub warunki na u\u017cytkownik\u00f3w mieszkaj\u0105cych w okre\u015blonych krajach, aby zapewni\u0107 zgodno\u015b\u0107 z obowi\u0105zuj\u0105cymi przepisami lokalnymi. Ponadto u\u017cytkownicy podr\u00f3\u017cuj\u0105cy na terytoria zastrze\u017cone mog\u0105 uzna\u0107, \u017ce Witryna i\/lub Us\u0142ugi s\u0105 niedost\u0119pne lub zablokowane.<\/p>\t\t\t\t\t\t\t\t<\/div>\n\t\t\t\t<div class=\"elementor-element elementor-element-e36ce97 elementor-widget elementor-widget-heading\" data-id=\"e36ce97\" data-element_type=\"widget\" data-e-type=\"widget\" data-widget_type=\"heading.default\">\n\t\t\t\t\t<h2 class=\"elementor-heading-title elementor-size-default\">5. Czynno\u015bci zabronione<\/h2>\t\t\t\t<\/div>\n\t\t\t\t<div class=\"elementor-element elementor-element-a859de1 elementor-widget elementor-widget-text-editor\" data-id=\"a859de1\" data-element_type=\"widget\" data-e-type=\"widget\" data-widget_type=\"text-editor.default\">\n\t\t\t\t\t\t\t\t\t<p><strong>5.1.<\/strong>\u00a0Zgadzasz si\u0119 korzysta\u0107 z Witryny i Us\u0142ug z szacunkiem i nie:<\/p><p><strong>5.1.1.<\/strong>\u00a0Przesy\u0142aj, pobieraj, rozpowszechniaj lub przesy\u0142aj (a) materia\u0142y naruszaj\u0105ce w\u0142asno\u015b\u0107 intelektualn\u0105 lub prawa do prywatno\u015bci; (b) materia\u0142y szkodliwe, obra\u017aliwe lub nieodpowiednie; (c) materia\u0142y zawieraj\u0105ce wirusy lub szkodliwe oprogramowanie; (d) w spos\u00f3b istotny naruszaj\u0105cy jakiekolwiek prawo; (e) reklamy bez uprzedniej zgody.<\/p><p><strong>5.1.2.<\/strong>\u00a0Zmieniaj wszelkie przypisy, informacje prawne lub zastrze\u017cone etykiety w Witrynie.<\/p><p><strong>5.1.3.<\/strong>\u00a0Korzystaj z Us\u0142ug za po\u015brednictwem dowolnego interfejsu innego ni\u017c Strona internetowa.<\/p><p><strong>5.1.4.<\/strong>\u00a0Zak\u0142\u00f3ca\u0107 dost\u0119p innych u\u017cytkownik\u00f3w do Witryny lub Us\u0142ug.<\/p><p><strong>5.1.5.<\/strong>\u00a0Korzystaj z zautomatyzowanych narz\u0119dzi, takich jak boty, aby uzyska\u0107 dost\u0119p do Witryny lub Us\u0142ug lub z nich korzysta\u0107.<\/p><p><strong>5.1.6.<\/strong>\u00a0Przesy\u0142aj lub przesy\u0142aj wszelkie materia\u0142y gromadz\u0105ce lub przesy\u0142aj\u0105ce informacje bez naszej zgody, w tym oprogramowanie szpiegowskie, pliki cookie i podobne technologie.<\/p><p><strong>5.1.7.<\/strong>\u00a0Anga\u017cuj si\u0119 w dzia\u0142ania takie jak \u201ekadrowanie\u201d lub \u201ekopiowanie lustrzane\u201d, kt\u00f3re symuluj\u0105 wygl\u0105d lub funkcjonalno\u015b\u0107 Witryny.<\/p><p><strong>5.1.8.<\/strong>\u00a0Naruszaj przepisy lub zach\u0119caj do nielegalnych dzia\u0142a\u0144, takich jak naruszanie praw autorskich, hakowanie lub kradzie\u017c to\u017csamo\u015bci.<\/p><p><strong>5.1.9.<\/strong>\u00a0Modyfikowa\u0107, dezasemblowa\u0107, dekompilowa\u0107, ingerowa\u0107 w kod \u017ar\u00f3d\u0142owy Strony internetowej lub przesy\u0142a\u0107 szkodliwe oprogramowanie.<\/p><p><strong>5.1.10.<\/strong>\u00a0In\u017cynieria wsteczna dowolnego oprogramowania lub technologii powi\u0105zanej z Witryn\u0105 lub Us\u0142ugami.<\/p><p><strong>5.2.<\/strong>\u00a0Mo\u017cemy zablokowa\u0107 Tw\u00f3j dost\u0119p do Witryny i\/lub Us\u0142ug, je\u015bli Twoje korzystanie narusza niniejsze Warunki lub jakiekolwiek obowi\u0105zuj\u0105ce przepisy.<\/p>\t\t\t\t\t\t\t\t<\/div>\n\t\t\t\t<div class=\"elementor-element elementor-element-b8f4a96 elementor-widget elementor-widget-heading\" data-id=\"b8f4a96\" data-element_type=\"widget\" data-e-type=\"widget\" data-widget_type=\"heading.default\">\n\t\t\t\t\t<h2 class=\"elementor-heading-title elementor-size-default\">6. Prawa w\u0142asno\u015bci intelektualnej<\/h2>\t\t\t\t<\/div>\n\t\t\t\t<div class=\"elementor-element elementor-element-f9ab155 elementor-widget elementor-widget-text-editor\" data-id=\"f9ab155\" data-element_type=\"widget\" data-e-type=\"widget\" data-widget_type=\"text-editor.default\">\n\t\t\t\t\t\t\t\t\t<p>Ca\u0142a zawarto\u015b\u0107 serwisu Bitcoin Revolution, w tym loga, oprogramowanie, teksty i obrazy, jest chroniona prawami w\u0142asno\u015bci intelektualnej. Nie mo\u017cesz:<\/p><p><strong>6.1<\/strong> Powielanie, modyfikowanie, rozpowszechnianie lub wykorzystywanie jakichkolwiek tre\u015bci bez naszej pisemnej zgody.<\/p>\t\t\t\t\t\t\t\t<\/div>\n\t\t\t\t<div class=\"elementor-element elementor-element-29b2e56 elementor-widget elementor-widget-heading\" data-id=\"29b2e56\" data-element_type=\"widget\" data-e-type=\"widget\" data-widget_type=\"heading.default\">\n\t\t\t\t\t<h2 class=\"elementor-heading-title elementor-size-default\">7. Ograniczenie odpowiedzialno\u015bci<\/h2>\t\t\t\t<\/div>\n\t\t\t\t<div class=\"elementor-element elementor-element-af9740f elementor-widget elementor-widget-text-editor\" data-id=\"af9740f\" data-element_type=\"widget\" data-e-type=\"widget\" data-widget_type=\"text-editor.default\">\n\t\t\t\t\t\t\t\t\t<p><strong>7.1.<\/strong>\u00a0Nie ponosimy odpowiedzialno\u015bci za straty spowodowane niewykonaniem lub nienale\u017cytym wykonaniem na skutek Twojego dzia\u0142ania, ingerencji os\u00f3b trzecich lub dzia\u0142ania si\u0142y wy\u017cszej.<\/p><p><strong>7.2.<\/strong>\u00a0\u017badne z postanowie\u0144 niniejszych Warunk\u00f3w nie wyklucza odpowiedzialno\u015bci za (i) \u015bmier\u0107 lub obra\u017cenia cia\u0142a spowodowane naszym zaniedbaniem; (ii) oszustwo; lub (iii) inne zobowi\u0105zania, kt\u00f3rych nie mo\u017cna wy\u0142\u0105czy\u0107 na mocy obowi\u0105zuj\u0105cego prawa.<\/p><p><strong>7.3.<\/strong>\u00a0Nie ponosimy odpowiedzialno\u015bci za b\u0142\u0119dy, wirusy lub z\u0142o\u015bliwe oprogramowanie przesy\u0142ane za po\u015brednictwem Witryny lub Us\u0142ug, chyba \u017ce zawinili\u015bmy z naszej winy.<\/p><p><strong>7.4.<\/strong>\u00a0Naszym celem jest utrzymywanie Witryny wolnej od b\u0142\u0119d\u00f3w, a wszelkie nie\u015bcis\u0142o\u015bci b\u0119d\u0105 niezw\u0142ocznie poprawiane.<\/p><p><strong>7.5.<\/strong>\u00a0Zgadzasz si\u0119 zwolni\u0107 nas z wszelkich strat spowodowanych naruszeniem niniejszych Warunk\u00f3w.<\/p><p><strong>7.6.<\/strong>\u00a0Nie ponosimy odpowiedzialno\u015bci za problemy techniczne, takie jak awarie telefonu lub sieci, problemy z serwerem lub niekompatybilno\u015b\u0107 Internetu.<\/p>\t\t\t\t\t\t\t\t<\/div>\n\t\t\t\t<div class=\"elementor-element elementor-element-9f80571 elementor-widget elementor-widget-heading\" data-id=\"9f80571\" data-element_type=\"widget\" data-e-type=\"widget\" data-widget_type=\"heading.default\">\n\t\t\t\t\t<h2 class=\"elementor-heading-title elementor-size-default\">8. Us\u0142ugi lub tre\u015bci stron trzecich<\/h2>\t\t\t\t<\/div>\n\t\t\t\t<div class=\"elementor-element elementor-element-2f3e7e4 elementor-widget elementor-widget-text-editor\" data-id=\"2f3e7e4\" data-element_type=\"widget\" data-e-type=\"widget\" data-widget_type=\"text-editor.default\">\n\t\t\t\t\t\t\t\t\t<p><strong>8.1.<\/strong>\u00a0W Serwisie mog\u0105 by\u0107 wy\u015bwietlane tre\u015bci lub us\u0142ugi podmiot\u00f3w trzecich, w tym reklamy powi\u0105zane z Platformami Zewn\u0119trznymi.<\/p><p><strong>8.2.<\/strong>\u00a0Nie popieramy ani nie kontrolujemy tych us\u0142ug stron trzecich i zalecamy niezale\u017cn\u0105 weryfikacj\u0119 informacji przed podj\u0119ciem dzia\u0142a\u0144.<\/p>\t\t\t\t\t\t\t\t<\/div>\n\t\t\t\t<div class=\"elementor-element elementor-element-6a8ecdb elementor-widget elementor-widget-heading\" data-id=\"6a8ecdb\" data-element_type=\"widget\" data-e-type=\"widget\" data-widget_type=\"heading.default\">\n\t\t\t\t\t<h2 class=\"elementor-heading-title elementor-size-default\">9. Linki<\/h2>\t\t\t\t<\/div>\n\t\t\t\t<div class=\"elementor-element elementor-element-89f673b elementor-widget elementor-widget-text-editor\" data-id=\"89f673b\" data-element_type=\"widget\" data-e-type=\"widget\" data-widget_type=\"text-editor.default\">\n\t\t\t\t\t\t\t\t\t<p><strong>9.1.<\/strong>\u00a0Witryna mo\u017ce zawiera\u0107 linki do witryn lub us\u0142ug stron trzecich. Korzystaj z tych link\u00f3w na w\u0142asne ryzyko. Nie ponosimy odpowiedzialno\u015bci za jakiekolwiek straty lub szkody spowodowane dost\u0119pem do tre\u015bci stron trzecich.<\/p><p><strong>9.2.<\/strong>\u00a0Zamieszczenie link\u00f3w nie oznacza poparcia witryn lub us\u0142ug stron trzecich.<\/p><p><strong>9.3.<\/strong>\u00a0Nie ponosimy odpowiedzialno\u015bci za zawarto\u015b\u0107 witryn internetowych os\u00f3b trzecich i zalecamy zapoznanie si\u0119 z ich warunkami i polityk\u0105 prywatno\u015bci przed nawi\u0105zaniem kontaktu z nimi.<\/p>\t\t\t\t\t\t\t\t<\/div>\n\t\t\t\t<div class=\"elementor-element elementor-element-533d845 elementor-widget elementor-widget-heading\" data-id=\"533d845\" data-element_type=\"widget\" data-e-type=\"widget\" data-widget_type=\"heading.default\">\n\t\t\t\t\t<h2 class=\"elementor-heading-title elementor-size-default\">10. R\u00f3\u017cne<\/h2>\t\t\t\t<\/div>\n\t\t\t\t<div class=\"elementor-element elementor-element-5e3153c elementor-widget elementor-widget-text-editor\" data-id=\"5e3153c\" data-element_type=\"widget\" data-e-type=\"widget\" data-widget_type=\"text-editor.default\">\n\t\t\t\t\t\t\t\t\t<p><strong>10.1.<\/strong>\u00a0Mo\u017cemy modyfikowa\u0107 lub zaprzesta\u0107 \u015bwiadczenia Us\u0142ug lub wprowadzi\u0107 nowe w dowolnym momencie.<\/p><p><strong>10.2.<\/strong>\u00a0Mo\u017cemy zmienia\u0107 niniejsze Warunki. Wszelkie zmiany zaczn\u0105 obowi\u0105zywa\u0107 natychmiast po publikacji. Kontynuuj\u0105c korzystanie z Witryny, akceptujesz zmienione Warunki.<\/p><p><strong>10.3.<\/strong>\u00a0Przesy\u0142anie informacji do\/z Serwisu nie powoduje powstania \u017cadnych relacji poza niniejszymi Warunkami.<\/p><p><strong>10.4.<\/strong>\u00a0Niniejszy Regulamin wraz z Polityk\u0105 Prywatno\u015bci stanowi\u0105 jedyn\u0105 wa\u017cn\u0105 umow\u0119 pomi\u0119dzy nami a U\u017cytkownikiem.<\/p><p><strong>10.5.<\/strong>\u00a0\u017badne op\u00f3\u017anienie w korzystaniu z jakichkolwiek praw wynikaj\u0105cych z niniejszych Warunk\u00f3w nie oznacza zrzeczenia si\u0119 tego prawa.<\/p><p><strong>10.6.<\/strong>\u00a0Je\u017celi kt\u00f3rekolwiek postanowienie niniejszych Warunk\u00f3w zostanie uznane za niewykonalne, pozosta\u0142e postanowienia pozostan\u0105 w mocy.<\/p><p><strong>10.7.<\/strong>\u00a0Mo\u017cemy przenie\u015b\u0107 nasze prawa i obowi\u0105zki, ale Ty nie mo\u017cesz przenie\u015b\u0107 swoich bez naszej zgody.<\/p><p><strong>10.8.<\/strong>\u00a0Niniejsze Warunki podlegaj\u0105 prawu francuskiemu.s<\/p><p><strong>10.9.<\/strong>\u00a0Wszelkie spory wynikaj\u0105ce z niniejszych Warunk\u00f3w b\u0119d\u0105 rozstrzygane przez s\u0105dy w Twojej jurysdykcji.<\/p>\t\t\t\t\t\t\t\t<\/div>\n\t\t\t\t<div class=\"elementor-element elementor-element-558b236 elementor-widget elementor-widget-spacer\" data-id=\"558b236\" data-element_type=\"widget\" data-e-type=\"widget\" data-widget_type=\"spacer.default\">\n\t\t\t\t\t\t\t<div class=\"elementor-spacer\">\n\t\t\t<div class=\"elementor-spacer-inner\"><\/div>\n\t\t<\/div>\n\t\t\t\t\t\t<\/div>\n\t\t\t\t\t<\/div>\n\t\t\t\t<\/div>\n\t\t\t\t<\/div>","protected":false},"excerpt":{"rendered":"<p>Terms and Conditions 1. General 1.1. Welcome to bitcoinrevolution.pro (the &#8220;Website&#8221;). You can contact us at\u00a0info@bitcoinrevolution.pro. 1.2.\u00a0The Website provides information about third-party platforms (the &#8220;Third-Party Platforms&#8221;), which offer educational services on general investment strategies or market research. Altrix Edge acts as an intermediary, connecting users to these Third-Party Platforms (the &#8220;Services&#8221;). 1.3.\u00a0These terms of use [&hellip;]<\/p>\n","protected":false},"author":1,"featured_media":0,"parent":0,"menu_order":0,"comment_status":"closed","ping_status":"closed","template":"elementor_header_footer","meta":{"footnotes":""},"class_list":["post-21","page","type-page","status-publish","hentry"],"_links":{"self":[{"href":"https:\/\/bitcoinrevolution.pro\/pl\/wp-json\/wp\/v2\/pages\/21","targetHints":{"allow":["GET"]}}],"collection":[{"href":"https:\/\/bitcoinrevolution.pro\/pl\/wp-json\/wp\/v2\/pages"}],"about":[{"href":"https:\/\/bitcoinrevolution.pro\/pl\/wp-json\/wp\/v2\/types\/page"}],"author":[{"embeddable":true,"href":"https:\/\/bitcoinrevolution.pro\/pl\/wp-json\/wp\/v2\/users\/1"}],"replies":[{"embeddable":true,"href":"https:\/\/bitcoinrevolution.pro\/pl\/wp-json\/wp\/v2\/comments?post=21"}],"version-history":[{"count":12,"href":"https:\/\/bitcoinrevolution.pro\/pl\/wp-json\/wp\/v2\/pages\/21\/revisions"}],"predecessor-version":[{"id":925,"href":"https:\/\/bitcoinrevolution.pro\/pl\/wp-json\/wp\/v2\/pages\/21\/revisions\/925"}],"wp:attachment":[{"href":"https:\/\/bitcoinrevolution.pro\/pl\/wp-json\/wp\/v2\/media?parent=21"}],"curies":[{"name":"wp","href":"https:\/\/api.w.org\/{rel}","templated":true}]}}