{"id":30,"date":"2024-11-13T06:06:02","date_gmt":"2024-11-13T06:06:02","guid":{"rendered":"https:\/\/bitcoinrevolution.pro\/?page_id=30"},"modified":"2025-12-31T10:03:38","modified_gmt":"2025-12-31T10:03:38","slug":"polityka-cookies","status":"publish","type":"page","link":"https:\/\/bitcoinrevolution.pro\/pl\/cookie-policy\/","title":{"rendered":"Polityka dotycz\u0105ca plik\u00f3w cookie"},"content":{"rendered":"<div data-elementor-type=\"wp-page\" data-elementor-id=\"30\" class=\"elementor elementor-30\" data-elementor-post-type=\"page\">\n\t\t\t\t<div class=\"elementor-element elementor-element-0aadfc1 e-flex e-con-boxed e-con e-parent\" data-id=\"0aadfc1\" data-element_type=\"container\" data-e-type=\"container\" data-settings=\"{&quot;background_background&quot;:&quot;classic&quot;}\">\n\t\t\t\t\t<div class=\"e-con-inner\">\n\t\t\t\t<div class=\"elementor-element elementor-element-9630623 elementor-widget elementor-widget-spacer\" data-id=\"9630623\" data-element_type=\"widget\" data-e-type=\"widget\" data-widget_type=\"spacer.default\">\n\t\t\t\t\t\t\t<div class=\"elementor-spacer\">\n\t\t\t<div class=\"elementor-spacer-inner\"><\/div>\n\t\t<\/div>\n\t\t\t\t\t\t<\/div>\n\t\t\t\t<div class=\"elementor-element elementor-element-afc8386 elementor-widget elementor-widget-heading\" data-id=\"afc8386\" data-element_type=\"widget\" data-e-type=\"widget\" data-widget_type=\"heading.default\">\n\t\t\t\t\t<h1 class=\"elementor-heading-title elementor-size-default\">Polityka dotycz\u0105ca plik\u00f3w cookie<\/h1>\t\t\t\t<\/div>\n\t\t\t\t<div class=\"elementor-element elementor-element-ad6d272 elementor-widget-divider--view-line elementor-widget elementor-widget-divider\" data-id=\"ad6d272\" data-element_type=\"widget\" data-e-type=\"widget\" data-widget_type=\"divider.default\">\n\t\t\t\t\t\t\t<div class=\"elementor-divider\">\n\t\t\t<span class=\"elementor-divider-separator\">\n\t\t\t\t\t\t<\/span>\n\t\t<\/div>\n\t\t\t\t\t\t<\/div>\n\t\t\t\t<div class=\"elementor-element elementor-element-6211bec elementor-widget elementor-widget-heading\" data-id=\"6211bec\" data-element_type=\"widget\" data-e-type=\"widget\" data-widget_type=\"heading.default\">\n\t\t\t\t\t<h2 class=\"elementor-heading-title elementor-size-default\">1. Czym s\u0105 pliki cookie?<\/h2>\t\t\t\t<\/div>\n\t\t\t\t<div class=\"elementor-element elementor-element-7d41db6 elementor-widget elementor-widget-text-editor\" data-id=\"7d41db6\" data-element_type=\"widget\" data-e-type=\"widget\" data-widget_type=\"text-editor.default\">\n\t\t\t\t\t\t\t\t\t<p>Pliki cookie to ma\u0142e pliki tekstowe zawieraj\u0105ce niewielk\u0105 ilo\u015b\u0107 danych, kt\u00f3re s\u0105 pobierane na urz\u0105dzenie u\u017cytkownika podczas odwiedzania strony internetowej. Podczas kolejnych wizyt te pliki cookie s\u0105 wysy\u0142ane z powrotem do oryginalnej witryny lub innej witryny, kt\u00f3ra je rozpoznaje. Pliki cookie s\u0105 przydatne, poniewa\u017c umo\u017cliwiaj\u0105 witrynom internetowym rozpoznawanie urz\u0105dzenia u\u017cytkownika.<\/p><p>Pliki cookie s\u0142u\u017c\u0105 r\u00f3\u017cnym celom, takim jak umo\u017cliwienie sprawnego poruszania si\u0119 mi\u0119dzy stronami, zapami\u0119tywanie preferencji u\u017cytkownika, zwi\u0119kszanie komfortu korzystania z witryny i dostarczanie spersonalizowanych reklam.<\/p><p>Aby uzyska\u0107 wi\u0119cej informacji na temat przetwarzania danych osobowych, zapoznaj si\u0119 z Polityk\u0105 prywatno\u015bci Bitcoin Revolution.<\/p>\t\t\t\t\t\t\t\t<\/div>\n\t\t\t\t<div class=\"elementor-element elementor-element-001d103 elementor-widget elementor-widget-heading\" data-id=\"001d103\" data-element_type=\"widget\" data-e-type=\"widget\" data-widget_type=\"heading.default\">\n\t\t\t\t\t<h2 class=\"elementor-heading-title elementor-size-default\">2. Kto umieszcza pliki cookie na urz\u0105dzeniu u\u017cytkownika?<\/h2>\t\t\t\t<\/div>\n\t\t\t\t<div class=\"elementor-element elementor-element-944cf5d elementor-widget elementor-widget-text-editor\" data-id=\"944cf5d\" data-element_type=\"widget\" data-e-type=\"widget\" data-widget_type=\"text-editor.default\">\n\t\t\t\t\t\t\t\t\t<p>Pliki cookie mog\u0105 by\u0107 umieszczane na urz\u0105dzeniu u\u017cytkownika przez Wydawc\u0119 Witryny lub strony trzecie, takie jak firmy zajmuj\u0105ce si\u0119 edukacj\u0105 inwestycyjn\u0105, brokerzy danych i po\u015brednicy.<\/p>\t\t\t\t\t\t\t\t<\/div>\n\t\t\t\t<div class=\"elementor-element elementor-element-991f6c3 elementor-widget elementor-widget-heading\" data-id=\"991f6c3\" data-element_type=\"widget\" data-e-type=\"widget\" data-widget_type=\"heading.default\">\n\t\t\t\t\t<h2 class=\"elementor-heading-title elementor-size-default\">3. Do czego s\u0142u\u017c\u0105 pliki cookie?<\/h2>\t\t\t\t<\/div>\n\t\t\t\t<div class=\"elementor-element elementor-element-467ab76 elementor-widget elementor-widget-text-editor\" data-id=\"467ab76\" data-element_type=\"widget\" data-e-type=\"widget\" data-widget_type=\"text-editor.default\">\n\t\t\t\t\t\t\t\t\t<p>Na urz\u0105dzeniu u\u017cytkownika mo\u017cemy umieszcza\u0107 nast\u0119puj\u0105ce kategorie plik\u00f3w cookie:<\/p>\t\t\t\t\t\t\t\t<\/div>\n\t\t\t\t<div class=\"elementor-element elementor-element-2af1768 elementor-widget elementor-widget-html\" data-id=\"2af1768\" data-element_type=\"widget\" data-e-type=\"widget\" data-widget_type=\"html.default\">\n\t\t\t\t\t<div style=\"overflow-x:auto;\">\r\n    <table>\r\n  <tr>\r\n    <th>Kategoria plik\u00f3w cookie<\/th>\r\n    <th>Cel<\/th>\r\n  <\/tr>\r\n  <tr>\r\n    <td>Niezb\u0119dne pliki cookie<\/td>\r\n    <td>Te pliki cookie s\u0105 absolutnie niezb\u0119dne, aby umo\u017cliwi\u0107 u\u017cytkownikowi poruszanie si\u0119 po Witrynie i korzystanie z \u017c\u0105danych funkcji. S\u0142u\u017c\u0105 one do dostarczania u\u017cytkownikowi naszych tre\u015bci, produkt\u00f3w i us\u0142ug, o kt\u00f3re prosi\u0142.<br\/>\r\n\r\nTakie pliki cookie s\u0105 niezb\u0119dne, aby pom\u00f3c urz\u0105dzeniu u\u017cytkownika w pobieraniu lub przesy\u0142aniu strumieniowym informacji, tak aby u\u017cytkownik m\u00f3g\u0142 porusza\u0107 si\u0119 po Witrynie, korzysta\u0107 z jej funkcji i powraca\u0107 do wcze\u015bniej odwiedzanych stron.<br\/>\r\n\r\nTe pliki cookie gromadz\u0105 dane osobowe u\u017cytkownika, takie jak nazwa u\u017cytkownika i data ostatniego logowania, oraz identyfikuj\u0105 u\u017cytkownika jako zalogowanego w Witrynie.\r\n<br\/>\r\nTe pliki cookie s\u0105 usuwane po zamkni\u0119ciu przegl\u0105darki internetowej (sesyjne pliki cookie).<\/td>\r\n  <\/tr>\r\n  <tr>\r\n    <td>Funkcjonalne pliki cookie<\/td>\r\n    <td>Te pliki cookie s\u0142u\u017c\u0105 do rozpoznawania u\u017cytkownika po powrocie do Witryny i umo\u017cliwiaj\u0105 nam zapami\u0119tywanie jego wybor\u00f3w i preferencji.<br\/>\r\n\r\nTe pliki cookie przetrwaj\u0105 zamkni\u0119cie przegl\u0105darki internetowej i b\u0119d\u0105 dzia\u0142a\u0107 do czasu ich wyga\u015bni\u0119cia<\/td>\r\n  <\/tr>\r\n    <tr>\r\n    <td>Analityczne pliki cookie<\/td>\r\n    <td>Te pliki cookie s\u0105 wykorzystywane do dostarczania zagregowanych statystyk dotycz\u0105cych wydajno\u015bci Witryny oraz do testowania i ulepszania takiej wydajno\u015bci w celu zapewnienia lepszych wra\u017ce\u0144 u\u017cytkownika. Ponadto umo\u017cliwiaj\u0105 nam one wykonywanie funkcji analitycznych w Witrynie.<br\/>\r\n\r\nTe pliki cookie gromadz\u0105 anonimowe dane, kt\u00f3re nie s\u0105 powi\u0105zane ze zidentyfikowan\u0105 lub mo\u017cliw\u0105 do zidentyfikowania osob\u0105 fizyczn\u0105.<br\/>\r\n\r\nTe pliki cookie s\u0105 wa\u017cne przez r\u00f3\u017cne okresy; niekt\u00f3re s\u0105 usuwane po zamkni\u0119ciu przegl\u0105darki, podczas gdy inne maj\u0105 nieokre\u015blony okres wa\u017cno\u015bci.<\/td>\r\n  <\/tr>\r\n<\/table>\r\n<\/div>\t\t\t\t<\/div>\n\t\t\t\t<div class=\"elementor-element elementor-element-21025d9 elementor-widget elementor-widget-text-editor\" data-id=\"21025d9\" data-element_type=\"widget\" data-e-type=\"widget\" data-widget_type=\"text-editor.default\">\n\t\t\t\t\t\t\t\t\t<p>Pe\u0142n\u0105 list\u0119 plik\u00f3w cookie u\u017cywanych w naszej witrynie mo\u017cna znale\u017a\u0107 tutaj.<\/p>\t\t\t\t\t\t\t\t<\/div>\n\t\t\t\t<div class=\"elementor-element elementor-element-03bdcad elementor-widget elementor-widget-heading\" data-id=\"03bdcad\" data-element_type=\"widget\" data-e-type=\"widget\" data-widget_type=\"heading.default\">\n\t\t\t\t\t<h2 class=\"elementor-heading-title elementor-size-default\">4. Jak zarz\u0105dza\u0107 preferencjami dotycz\u0105cymi plik\u00f3w cookie?<\/h2>\t\t\t\t<\/div>\n\t\t\t\t<div class=\"elementor-element elementor-element-74f550b elementor-widget elementor-widget-text-editor\" data-id=\"74f550b\" data-element_type=\"widget\" data-e-type=\"widget\" data-widget_type=\"text-editor.default\">\n\t\t\t\t\t\t\t\t\t<p>Korzystanie z niekt\u00f3rych plik\u00f3w cookie wymaga uprzedniej zgody u\u017cytkownika. Nale\u017cy pami\u0119ta\u0107, \u017ce \u015bci\u015ble niezb\u0119dne pliki cookie nie wymagaj\u0105 zgody.<\/p><p>W przypadku innych plik\u00f3w cookie korzystamy z narz\u0119dzia do zarz\u0105dzania plikami cookie, kt\u00f3re umo\u017cliwia u\u017cytkownikowi ustawienie preferencji przy pierwszej wizycie w Witrynie. U\u017cytkownik mo\u017ce r\u00f3wnie\u017c zmieni\u0107 swoje preferencje w dowolnym momencie, w tym wy\u0142\u0105czy\u0107 pliki cookie, korzystaj\u0105c z narz\u0119dzia do zarz\u0105dzania plikami cookie tutaj.<\/p><p>Ponadto mo\u017cna wy\u0142\u0105czy\u0107 pliki cookie, dostosowuj\u0105c ustawienia przegl\u0105darki tak, aby odrzuca\u0142a wszystkie lub okre\u015blone pliki cookie. Nale\u017cy jednak pami\u0119ta\u0107, \u017ce:<\/p><ul><li>Wy\u0142\u0105czenie niekt\u00f3rych plik\u00f3w cookie mo\u017ce ograniczy\u0107 dost\u0119p do cz\u0119\u015bci Witryny.<\/li><li>Niekt\u00f3re us\u0142ugi Witryny mog\u0105 nie dzia\u0142a\u0107 prawid\u0142owo.<\/li><li>Mo\u017cemy nie by\u0107 ju\u017c w stanie \u015bledzi\u0107 przegl\u0105dania Witryny przez u\u017cytkownika.<\/li><li>Reklamy wy\u015bwietlane w Witrynie lub witrynach os\u00f3b trzecich mog\u0105 by\u0107 w mniejszym stopniu dostosowane do preferencji u\u017cytkownika.<\/li><\/ul><p>Wy\u0142\u0105czenie plik\u00f3w cookie nie powoduje ich automatycznego usuni\u0119cia z przegl\u0105darki. Aby usun\u0105\u0107 pliki cookie, nale\u017cy wykona\u0107 okre\u015blone czynno\u015bci w przegl\u0105darce.<\/p><p>Aby zmieni\u0107 ustawienia plik\u00f3w cookie, nale\u017cy przej\u015b\u0107 do menu \"Opcje\" lub \"Preferencje\" przegl\u0105darki. Wi\u0119cej informacji mo\u017cna znale\u017a\u0107 w sekcji \"Pomoc\" w przegl\u0105darce.<\/p><p>Aby uzyska\u0107 informacje na temat zarz\u0105dzania plikami cookie w przegl\u0105darce, skorzystaj z poni\u017cszych link\u00f3w:<\/p><ul><li><a href=\"https:\/\/support.microsoft.com\/fr-fr\/microsoft-edge\/supprimer-les-cookies-dans-microsoft-edge-63947406-40ac-c3b8-57b9-2a946a29ae09\" rel=\"noopener\" target=\"_blank\">Kraw\u0119d\u017a<\/a><\/li><li><a href=\"https:\/\/support.mozilla.org\/fr\/kb\/activer-desactiver-cookies?redirectlocale=fr&amp;redirectslug=Activer+et+d%C3%A9sactiver+les+cookies\" rel=\"noopener\" target=\"_blank\">Firefox<\/a><\/li><li><a href=\"https:\/\/support.google.com\/chrome\/answer\/95647?hl=fr&amp;hlrm=en\" rel=\"noopener\" target=\"_blank\">Chrom<\/a><\/li><li><a href=\"https:\/\/support.apple.com\/kb\/HT1677?viewlocale=fr_FR\" rel=\"noopener\" target=\"_blank\">Safari<\/a><\/li><\/ul>\t\t\t\t\t\t\t\t<\/div>\n\t\t\t\t<div class=\"elementor-element elementor-element-877879e elementor-widget elementor-widget-heading\" data-id=\"877879e\" data-element_type=\"widget\" data-e-type=\"widget\" data-widget_type=\"heading.default\">\n\t\t\t\t\t<h2 class=\"elementor-heading-title elementor-size-default\">5. Zmiany w Polityce dotycz\u0105cej plik\u00f3w cookie<\/h2>\t\t\t\t<\/div>\n\t\t\t\t<div class=\"elementor-element elementor-element-87e5d0e elementor-widget elementor-widget-text-editor\" data-id=\"87e5d0e\" data-element_type=\"widget\" data-e-type=\"widget\" data-widget_type=\"text-editor.default\">\n\t\t\t\t\t\t\t\t\t<p>Niniejsza Polityka dotycz\u0105ca plik\u00f3w cookie mo\u017ce by\u0107 okresowo aktualizowana w celu odzwierciedlenia zmian w naszych praktykach dotycz\u0105cych plik\u00f3w cookie. Powiadomimy u\u017cytkownika o takich zmianach, w tym o dacie ich wej\u015bcia w \u017cycie.<\/p>\t\t\t\t\t\t\t\t<\/div>\n\t\t\t\t<div class=\"elementor-element elementor-element-dcbc39c elementor-widget elementor-widget-heading\" data-id=\"dcbc39c\" data-element_type=\"widget\" data-e-type=\"widget\" data-widget_type=\"heading.default\">\n\t\t\t\t\t<h2 class=\"elementor-heading-title elementor-size-default\">6. Kontakt\n\n<\/h2>\t\t\t\t<\/div>\n\t\t\t\t<div class=\"elementor-element elementor-element-a17fed9 elementor-widget elementor-widget-text-editor\" data-id=\"a17fed9\" data-element_type=\"widget\" data-e-type=\"widget\" data-widget_type=\"text-editor.default\">\n\t\t\t\t\t\t\t\t\t<p>W przypadku jakichkolwiek pyta\u0144 lub potrzeby uzyskania dodatkowych informacji na temat plik\u00f3w cookie, prosimy o kontakt pod adresem <a href=\"mailto:info@bitcoinrevolution.pro\" rel=\"noopener\">info@bitcoinrevolution.pro<\/a><\/p>\t\t\t\t\t\t\t\t<\/div>\n\t\t\t\t<div class=\"elementor-element elementor-element-dd27137 elementor-widget elementor-widget-spacer\" data-id=\"dd27137\" data-element_type=\"widget\" data-e-type=\"widget\" data-widget_type=\"spacer.default\">\n\t\t\t\t\t\t\t<div class=\"elementor-spacer\">\n\t\t\t<div class=\"elementor-spacer-inner\"><\/div>\n\t\t<\/div>\n\t\t\t\t\t\t<\/div>\n\t\t\t\t\t<\/div>\n\t\t\t\t<\/div>\n\t\t\t\t<\/div>","protected":false},"excerpt":{"rendered":"<p>Cookie Policy 1. What are Cookies? Cookies are small text files that contain a small amount of data, which are downloaded to your device when you visit a website. On subsequent visits, these cookies are sent back to the original website or another website that recognizes them. Cookies are useful because they allow websites to [&hellip;]<\/p>\n","protected":false},"author":1,"featured_media":0,"parent":0,"menu_order":0,"comment_status":"closed","ping_status":"closed","template":"elementor_header_footer","meta":{"footnotes":""},"class_list":["post-30","page","type-page","status-publish","hentry"],"_links":{"self":[{"href":"https:\/\/bitcoinrevolution.pro\/pl\/wp-json\/wp\/v2\/pages\/30","targetHints":{"allow":["GET"]}}],"collection":[{"href":"https:\/\/bitcoinrevolution.pro\/pl\/wp-json\/wp\/v2\/pages"}],"about":[{"href":"https:\/\/bitcoinrevolution.pro\/pl\/wp-json\/wp\/v2\/types\/page"}],"author":[{"embeddable":true,"href":"https:\/\/bitcoinrevolution.pro\/pl\/wp-json\/wp\/v2\/users\/1"}],"replies":[{"embeddable":true,"href":"https:\/\/bitcoinrevolution.pro\/pl\/wp-json\/wp\/v2\/comments?post=30"}],"version-history":[{"count":6,"href":"https:\/\/bitcoinrevolution.pro\/pl\/wp-json\/wp\/v2\/pages\/30\/revisions"}],"predecessor-version":[{"id":914,"href":"https:\/\/bitcoinrevolution.pro\/pl\/wp-json\/wp\/v2\/pages\/30\/revisions\/914"}],"wp:attachment":[{"href":"https:\/\/bitcoinrevolution.pro\/pl\/wp-json\/wp\/v2\/media?parent=30"}],"curies":[{"name":"wp","href":"https:\/\/api.w.org\/{rel}","templated":true}]}}