{"id":14,"date":"2024-11-13T05:30:57","date_gmt":"2024-11-13T05:30:57","guid":{"rendered":"https:\/\/bitcoinrevolution.pro\/?page_id=14"},"modified":"2025-12-31T09:57:31","modified_gmt":"2025-12-31T09:57:31","slug":"om","status":"publish","type":"page","link":"https:\/\/bitcoinrevolution.pro\/se\/about\/","title":{"rendered":"Om"},"content":{"rendered":"<div data-elementor-type=\"wp-page\" data-elementor-id=\"14\" class=\"elementor elementor-14\" data-elementor-post-type=\"page\">\n\t\t\t\t<div class=\"elementor-element elementor-element-71c5910 e-flex e-con-boxed e-con e-parent\" data-id=\"71c5910\" data-element_type=\"container\" data-e-type=\"container\" data-settings=\"{&quot;background_background&quot;:&quot;classic&quot;}\">\n\t\t\t\t\t<div class=\"e-con-inner\">\n\t\t\t\t<div class=\"elementor-element elementor-element-913ebb6 elementor-widget elementor-widget-heading\" data-id=\"913ebb6\" data-element_type=\"widget\" data-e-type=\"widget\" data-widget_type=\"heading.default\">\n\t\t\t\t\t<h1 class=\"elementor-heading-title elementor-size-default\">Om oss<\/h1>\t\t\t\t<\/div>\n\t\t\t\t<div class=\"elementor-element elementor-element-bccfe0d elementor-widget-divider--view-line elementor-widget elementor-widget-divider\" data-id=\"bccfe0d\" data-element_type=\"widget\" data-e-type=\"widget\" data-widget_type=\"divider.default\">\n\t\t\t\t\t\t\t<div class=\"elementor-divider\">\n\t\t\t<span class=\"elementor-divider-separator\">\n\t\t\t\t\t\t<\/span>\n\t\t<\/div>\n\t\t\t\t\t\t<\/div>\n\t\t\t\t\t<\/div>\n\t\t\t\t<\/div>\n\t\t<div class=\"elementor-element elementor-element-0d44a40 e-flex e-con-boxed e-con e-parent\" data-id=\"0d44a40\" data-element_type=\"container\" data-e-type=\"container\" data-settings=\"{&quot;background_background&quot;:&quot;classic&quot;}\">\n\t\t\t\t\t<div class=\"e-con-inner\">\n\t\t\t\t<div class=\"elementor-element elementor-element-b5b0cce elementor-widget elementor-widget-spacer\" data-id=\"b5b0cce\" data-element_type=\"widget\" data-e-type=\"widget\" data-widget_type=\"spacer.default\">\n\t\t\t\t\t\t\t<div class=\"elementor-spacer\">\n\t\t\t<div class=\"elementor-spacer-inner\"><\/div>\n\t\t<\/div>\n\t\t\t\t\t\t<\/div>\n\t\t\t\t\t<\/div>\n\t\t\t\t<\/div>\n\t\t<div class=\"elementor-element elementor-element-1050a50 e-flex e-con-boxed e-con e-parent\" data-id=\"1050a50\" data-element_type=\"container\" data-e-type=\"container\" data-settings=\"{&quot;background_background&quot;:&quot;classic&quot;}\">\n\t\t\t\t\t<div class=\"e-con-inner\">\n\t\t<div class=\"elementor-element elementor-element-d6760bd e-con-full e-flex e-con e-child\" data-id=\"d6760bd\" data-element_type=\"container\" data-e-type=\"container\">\n\t\t\t\t<div class=\"elementor-element elementor-element-55b18d2 elementor-widget elementor-widget-heading\" data-id=\"55b18d2\" data-element_type=\"widget\" data-e-type=\"widget\" data-widget_type=\"heading.default\">\n\t\t\t\t\t<h2 class=\"elementor-heading-title elementor-size-default\">Bitcoin Revolution: Utbildning f\u00f6r alla<\/h2>\t\t\t\t<\/div>\n\t\t\t\t<div class=\"elementor-element elementor-element-305dbd6 elementor-widget-divider--view-line elementor-widget elementor-widget-divider\" data-id=\"305dbd6\" data-element_type=\"widget\" data-e-type=\"widget\" data-widget_type=\"divider.default\">\n\t\t\t\t\t\t\t<div class=\"elementor-divider\">\n\t\t\t<span class=\"elementor-divider-separator\">\n\t\t\t\t\t\t<\/span>\n\t\t<\/div>\n\t\t\t\t\t\t<\/div>\n\t\t\t\t<div class=\"elementor-element elementor-element-f796612 elementor-widget elementor-widget-text-editor\" data-id=\"f796612\" data-element_type=\"widget\" data-e-type=\"widget\" data-widget_type=\"text-editor.default\">\n\t\t\t\t\t\t\t\t\t<p>P\u00e5 Bitcoin Revolution \u00e4r v\u00e5rt m\u00e5l enkelt: att hj\u00e4lpa anv\u00e4ndare som \u00e4r ivriga att l\u00e4ra sig om investeringar. Vi tror att det b\u00e4sta s\u00e4ttet att g\u00f6ra detta \u00e4r att ge anv\u00e4ndarna all information de beh\u00f6ver f\u00f6r att k\u00e4nna sig trygga med att investera sina surt f\u00f6rv\u00e4rvade pengar. Det \u00e4r d\u00e4rf\u00f6r vi samarbetar med v\u00e4lrenommerade investeringsutbildningsf\u00f6retag. V\u00e5ra partners \u00e4r ledande inom sitt omr\u00e5de och anst\u00e4ller utbildare med bepr\u00f6vad expertis, erfarenhet och kunskap.<\/p><p>Genom v\u00e5r plattform kan du enkelt f\u00e5 kontakt med ett brett utbud av utbildningsleverant\u00f6rer, oavsett om du precis har b\u00f6rjat eller redan har grundl\u00e4ggande kunskaper.<\/p><p>V\u00e5r tj\u00e4nst \u00e4r gratis, l\u00e4tt att anv\u00e4nda och utformad f\u00f6r att hj\u00e4lpa dig att b\u00f6rja din investeringsresa med sj\u00e4lvf\u00f6rtroende.<\/p>\t\t\t\t\t\t\t\t<\/div>\n\t\t\t\t<\/div>\n\t\t<div class=\"elementor-element elementor-element-9a9dccb e-con-full e-flex e-con e-child\" data-id=\"9a9dccb\" data-element_type=\"container\" data-e-type=\"container\">\n\t\t\t\t<div class=\"elementor-element elementor-element-c1b6bd5 elementor-widget elementor-widget-image\" data-id=\"c1b6bd5\" data-element_type=\"widget\" data-e-type=\"widget\" data-widget_type=\"image.default\">\n\t\t\t\t\t\t\t\t\t\t\t\t\t\t\t<img fetchpriority=\"high\" decoding=\"async\" width=\"800\" height=\"534\" src=\"https:\/\/bitcoinrevolution.pro\/wp-content\/uploads\/2024\/11\/top_view_male_trader_analyzing_stock_market_while_sitting_office-_1__11zon-1024x683.webp\" class=\"attachment-large size-large wp-image-152\" alt=\"Bitcoin Revolution\" srcset=\"https:\/\/bitcoinrevolution.pro\/wp-content\/uploads\/2024\/11\/top_view_male_trader_analyzing_stock_market_while_sitting_office-_1__11zon-1024x683.webp 1024w, https:\/\/bitcoinrevolution.pro\/wp-content\/uploads\/2024\/11\/top_view_male_trader_analyzing_stock_market_while_sitting_office-_1__11zon-300x200.webp 300w, https:\/\/bitcoinrevolution.pro\/wp-content\/uploads\/2024\/11\/top_view_male_trader_analyzing_stock_market_while_sitting_office-_1__11zon-768x512.webp 768w, https:\/\/bitcoinrevolution.pro\/wp-content\/uploads\/2024\/11\/top_view_male_trader_analyzing_stock_market_while_sitting_office-_1__11zon-1536x1024.webp 1536w, https:\/\/bitcoinrevolution.pro\/wp-content\/uploads\/2024\/11\/top_view_male_trader_analyzing_stock_market_while_sitting_office-_1__11zon-2048x1365.webp 2048w\" sizes=\"(max-width: 800px) 100vw, 800px\" \/>\t\t\t\t\t\t\t\t\t\t\t\t\t\t\t<\/div>\n\t\t\t\t<\/div>\n\t\t\t\t\t<\/div>\n\t\t\t\t<\/div>\n\t\t<div class=\"elementor-element elementor-element-3b8ecb6 e-flex e-con-boxed e-con e-parent\" data-id=\"3b8ecb6\" data-element_type=\"container\" data-e-type=\"container\" data-settings=\"{&quot;background_background&quot;:&quot;classic&quot;}\">\n\t\t\t\t\t<div class=\"e-con-inner\">\n\t\t\t\t<div class=\"elementor-element elementor-element-d386a5a elementor-widget elementor-widget-spacer\" data-id=\"d386a5a\" data-element_type=\"widget\" data-e-type=\"widget\" data-widget_type=\"spacer.default\">\n\t\t\t\t\t\t\t<div class=\"elementor-spacer\">\n\t\t\t<div class=\"elementor-spacer-inner\"><\/div>\n\t\t<\/div>\n\t\t\t\t\t\t<\/div>\n\t\t\t\t\t<\/div>\n\t\t\t\t<\/div>\n\t\t<div class=\"elementor-element elementor-element-7f4db33 e-flex e-con-boxed e-con e-parent\" data-id=\"7f4db33\" data-element_type=\"container\" data-e-type=\"container\" data-settings=\"{&quot;background_background&quot;:&quot;gradient&quot;}\">\n\t\t\t\t\t<div class=\"e-con-inner\">\n\t\t\t\t<div class=\"elementor-element elementor-element-762aa33 elementor-widget elementor-widget-spacer\" data-id=\"762aa33\" data-element_type=\"widget\" data-e-type=\"widget\" data-widget_type=\"spacer.default\">\n\t\t\t\t\t\t\t<div class=\"elementor-spacer\">\n\t\t\t<div class=\"elementor-spacer-inner\"><\/div>\n\t\t<\/div>\n\t\t\t\t\t\t<\/div>\n\t\t<div class=\"elementor-element elementor-element-8931e23 e-con-full e-flex e-con e-child\" data-id=\"8931e23\" data-element_type=\"container\" data-e-type=\"container\">\n\t\t<div class=\"elementor-element elementor-element-5cd80f5 e-con-full e-flex e-con e-child\" data-id=\"5cd80f5\" data-element_type=\"container\" data-e-type=\"container\" data-settings=\"{&quot;background_background&quot;:&quot;classic&quot;}\">\n\t\t\t\t<div class=\"elementor-element elementor-element-b0b7c8c elementor-widget elementor-widget-heading\" data-id=\"b0b7c8c\" data-element_type=\"widget\" data-e-type=\"widget\" data-widget_type=\"heading.default\">\n\t\t\t\t\t<h2 class=\"elementor-heading-title elementor-size-default\">V\u00e5r passion f\u00f6r utbildning och investeringar<\/h2>\t\t\t\t<\/div>\n\t\t\t\t<div class=\"elementor-element elementor-element-5edc3b6 elementor-widget elementor-widget-text-editor\" data-id=\"5edc3b6\" data-element_type=\"widget\" data-e-type=\"widget\" data-widget_type=\"text-editor.default\">\n\t\t\t\t\t\t\t\t\t<p>Bitcoin Revolution \u00e4r en tj\u00e4nst som perfekt blandar v\u00e5ra tv\u00e5 st\u00f6rsta passioner: investeringar och utbildning. Vi tror att dessa tv\u00e5 delar g\u00e5r hand i hand. Kunskap \u00e4r en av de mest avg\u00f6rande faktorerna f\u00f6r att fatta v\u00e4lgrundade investeringsbeslut, och vi \u00e4r engagerade i att tillhandah\u00e5lla de resurser som g\u00f6r det m\u00f6jligt f\u00f6r anv\u00e4ndare att navigera i investeringsv\u00e4rlden med tillf\u00f6rsikt.<\/p>\t\t\t\t\t\t\t\t<\/div>\n\t\t\t\t<\/div>\n\t\t<div class=\"elementor-element elementor-element-78d1252 e-con-full e-flex e-con e-child\" data-id=\"78d1252\" data-element_type=\"container\" data-e-type=\"container\" data-settings=\"{&quot;background_background&quot;:&quot;classic&quot;}\">\n\t\t\t\t<div class=\"elementor-element elementor-element-6ca5969 elementor-widget elementor-widget-heading\" data-id=\"6ca5969\" data-element_type=\"widget\" data-e-type=\"widget\" data-widget_type=\"heading.default\">\n\t\t\t\t\t<h2 class=\"elementor-heading-title elementor-size-default\">H\u00e4r f\u00f6r att hj\u00e4lpa<\/h2>\t\t\t\t<\/div>\n\t\t\t\t<div class=\"elementor-element elementor-element-a927d77 elementor-widget elementor-widget-text-editor\" data-id=\"a927d77\" data-element_type=\"widget\" data-e-type=\"widget\" data-widget_type=\"text-editor.default\">\n\t\t\t\t\t\t\t\t\t<p>Utbildning och m\u00f6jligheter ska vara tillg\u00e4ngliga f\u00f6r alla, och det \u00e4r k\u00e4rnan i v\u00e5rt uppdrag. V\u00e5r kostnadsfria och anv\u00e4ndarv\u00e4nliga webbplats ger s\u00f6ml\u00f6s tillg\u00e5ng till de b\u00e4sta investeringsutbildningsf\u00f6retagen runt om i v\u00e4rlden, vilket hj\u00e4lper anv\u00e4ndare att f\u00e5 tillg\u00e5ng till de resurser de beh\u00f6ver f\u00f6r att l\u00e4ra sig och v\u00e4xa i investeringsv\u00e4rlden.<\/p>\t\t\t\t\t\t\t\t<\/div>\n\t\t\t\t<\/div>\n\t\t\t\t<\/div>\n\t\t\t\t<div class=\"elementor-element elementor-element-7d63259 elementor-align-center elementor-widget elementor-widget-button\" data-id=\"7d63259\" data-element_type=\"widget\" data-e-type=\"widget\" data-widget_type=\"button.default\">\n\t\t\t\t\t\t\t\t\t\t<a class=\"elementor-button elementor-button-link elementor-size-sm\" href=\"https:\/\/bitcoinrevolution.pro\/se\">\n\t\t\t\t\t\t<span class=\"elementor-button-content-wrapper\">\n\t\t\t\t\t\t\t\t\t<span class=\"elementor-button-text\">B\u00f6rja handla nu<\/span>\n\t\t\t\t\t<\/span>\n\t\t\t\t\t<\/a>\n\t\t\t\t\t\t\t\t<\/div>\n\t\t\t\t<div class=\"elementor-element elementor-element-368f6de elementor-widget elementor-widget-spacer\" data-id=\"368f6de\" data-element_type=\"widget\" data-e-type=\"widget\" data-widget_type=\"spacer.default\">\n\t\t\t\t\t\t\t<div class=\"elementor-spacer\">\n\t\t\t<div class=\"elementor-spacer-inner\"><\/div>\n\t\t<\/div>\n\t\t\t\t\t\t<\/div>\n\t\t\t\t\t<\/div>\n\t\t\t\t<\/div>\n\t\t\t\t<\/div>","protected":false},"excerpt":{"rendered":"<p>About Us Bitcoin Revolution: Education for All At Bitcoin Revolution, our goal is simple: to help users who are eager to learn about investments. We believe the best way to do this is by providing users with all the information they need to feel confident in investing their hard-earned money. That&#8217;s why we partner with [&hellip;]<\/p>\n","protected":false},"author":1,"featured_media":0,"parent":0,"menu_order":0,"comment_status":"closed","ping_status":"closed","template":"elementor_header_footer","meta":{"footnotes":""},"class_list":["post-14","page","type-page","status-publish","hentry"],"_links":{"self":[{"href":"https:\/\/bitcoinrevolution.pro\/se\/wp-json\/wp\/v2\/pages\/14","targetHints":{"allow":["GET"]}}],"collection":[{"href":"https:\/\/bitcoinrevolution.pro\/se\/wp-json\/wp\/v2\/pages"}],"about":[{"href":"https:\/\/bitcoinrevolution.pro\/se\/wp-json\/wp\/v2\/types\/page"}],"author":[{"embeddable":true,"href":"https:\/\/bitcoinrevolution.pro\/se\/wp-json\/wp\/v2\/users\/1"}],"replies":[{"embeddable":true,"href":"https:\/\/bitcoinrevolution.pro\/se\/wp-json\/wp\/v2\/comments?post=14"}],"version-history":[{"count":6,"href":"https:\/\/bitcoinrevolution.pro\/se\/wp-json\/wp\/v2\/pages\/14\/revisions"}],"predecessor-version":[{"id":908,"href":"https:\/\/bitcoinrevolution.pro\/se\/wp-json\/wp\/v2\/pages\/14\/revisions\/908"}],"wp:attachment":[{"href":"https:\/\/bitcoinrevolution.pro\/se\/wp-json\/wp\/v2\/media?parent=14"}],"curies":[{"name":"wp","href":"https:\/\/api.w.org\/{rel}","templated":true}]}}