{"id":176,"date":"2024-11-13T10:47:41","date_gmt":"2024-11-13T10:47:41","guid":{"rendered":"https:\/\/bitcoinrevolution.pro\/?page_id=176"},"modified":"2025-12-31T13:12:46","modified_gmt":"2025-12-31T13:12:46","slug":"tack","status":"publish","type":"page","link":"https:\/\/bitcoinrevolution.pro\/se\/thank-you\/","title":{"rendered":"Thank you"},"content":{"rendered":"<div data-elementor-type=\"wp-page\" data-elementor-id=\"176\" class=\"elementor elementor-176\" data-elementor-post-type=\"page\">\n\t\t\t\t<div class=\"elementor-element elementor-element-0ef6ebf e-flex e-con-boxed e-con e-parent\" data-id=\"0ef6ebf\" data-element_type=\"container\" data-e-type=\"container\" data-settings=\"{&quot;background_background&quot;:&quot;video&quot;,&quot;background_video_link&quot;:&quot;https:\\\/\\\/bitcoinrevolution.pro\\\/wp-content\\\/uploads\\\/2024\\\/11\\\/file.mp4&quot;,&quot;background_play_on_mobile&quot;:&quot;yes&quot;}\">\n\t\t\t\t\t<div class=\"e-con-inner\">\n\t\t<div class=\"elementor-background-video-container\">\n\t\t\t\t\t\t\t<video class=\"elementor-background-video-hosted\" role=\"presentation\" autoplay muted playsinline loop><\/video>\n\t\t\t\t\t<\/div>\t\t<div class=\"elementor-element elementor-element-835c70c elementor-widget elementor-widget-heading\" data-id=\"835c70c\" data-element_type=\"widget\" data-e-type=\"widget\" data-widget_type=\"heading.default\">\n\t\t\t\t\t<h1 class=\"elementor-heading-title elementor-size-default\">\nTack f\u00f6r din registrering!<\/h1>\t\t\t\t<\/div>\n\t\t\t\t<div class=\"elementor-element elementor-element-7466228 elementor-widget elementor-widget-text-editor\" data-id=\"7466228\" data-element_type=\"widget\" data-e-type=\"widget\" data-widget_type=\"text-editor.default\">\n\t\t\t\t\t\t\t\t\t<p>Vi \u00e4r glada \u00f6ver att ha dig ombord! F\u00f6r att kunna ge dig b\u00e4sta m\u00f6jliga service ber vi dig att se till att din telefon \u00e4r tillg\u00e4nglig f\u00f6r ett samtal. Vi kan beh\u00f6va kontakta dig f\u00f6r mer information eller f\u00f6r att diskutera dina registreringsuppgifter. Du kan vara s\u00e4ker p\u00e5 att vi snart kommer att kontakta dig och ta itu med eventuella fr\u00e5gor eller funderingar du kan ha. Vi v\u00e4rdes\u00e4tter ditt deltagande och \u00e4r engagerade i att g\u00f6ra din upplevelse med oss \u200b\u200bexceptionell. Tack \u00e4n en g\u00e5ng f\u00f6r att du registrerade dig, och vi ser fram emot att prata med dig snart!<\/p>\t\t\t\t\t\t\t\t<\/div>\n\t\t\t\t<div class=\"elementor-element elementor-element-3e7ef98 elementor-widget elementor-widget-button\" data-id=\"3e7ef98\" data-element_type=\"widget\" data-e-type=\"widget\" data-widget_type=\"button.default\">\n\t\t\t\t\t\t\t\t\t\t<a class=\"elementor-button elementor-button-link elementor-size-sm\" href=\"https:\/\/bitcoinrevolution.pro\/se\">\n\t\t\t\t\t\t<span class=\"elementor-button-content-wrapper\">\n\t\t\t\t\t\t\t\t\t<span class=\"elementor-button-text\">Tillbaka till hemsidan<\/span>\n\t\t\t\t\t<\/span>\n\t\t\t\t\t<\/a>\n\t\t\t\t\t\t\t\t<\/div>\n\t\t\t\t\t<\/div>\n\t\t\t\t<\/div>\n\t\t\t\t<\/div>","protected":false},"excerpt":{"rendered":"<p>Thank you for your registration! We\u2019re excited to have you on board! In order to provide you with the best possible service, we kindly ask that you ensure your phone is available for a call. We may need to reach out to you for further information or to discuss your registration details. Rest assured, we\u2019ll [&hellip;]<\/p>\n","protected":false},"author":1,"featured_media":0,"parent":0,"menu_order":0,"comment_status":"closed","ping_status":"closed","template":"elementor_header_footer","meta":{"footnotes":""},"class_list":["post-176","page","type-page","status-publish","hentry"],"_links":{"self":[{"href":"https:\/\/bitcoinrevolution.pro\/se\/wp-json\/wp\/v2\/pages\/176","targetHints":{"allow":["GET"]}}],"collection":[{"href":"https:\/\/bitcoinrevolution.pro\/se\/wp-json\/wp\/v2\/pages"}],"about":[{"href":"https:\/\/bitcoinrevolution.pro\/se\/wp-json\/wp\/v2\/types\/page"}],"author":[{"embeddable":true,"href":"https:\/\/bitcoinrevolution.pro\/se\/wp-json\/wp\/v2\/users\/1"}],"replies":[{"embeddable":true,"href":"https:\/\/bitcoinrevolution.pro\/se\/wp-json\/wp\/v2\/comments?post=176"}],"version-history":[{"count":9,"href":"https:\/\/bitcoinrevolution.pro\/se\/wp-json\/wp\/v2\/pages\/176\/revisions"}],"predecessor-version":[{"id":928,"href":"https:\/\/bitcoinrevolution.pro\/se\/wp-json\/wp\/v2\/pages\/176\/revisions\/928"}],"wp:attachment":[{"href":"https:\/\/bitcoinrevolution.pro\/se\/wp-json\/wp\/v2\/media?parent=176"}],"curies":[{"name":"wp","href":"https:\/\/api.w.org\/{rel}","templated":true}]}}