{"id":19,"date":"2024-11-13T05:32:05","date_gmt":"2024-11-13T05:32:05","guid":{"rendered":"https:\/\/bitcoinrevolution.pro\/?page_id=19"},"modified":"2025-12-31T13:05:48","modified_gmt":"2025-12-31T13:05:48","slug":"integritetspolicy","status":"publish","type":"page","link":"https:\/\/bitcoinrevolution.pro\/se\/privacy-policy\/","title":{"rendered":"Integritetspolicy"},"content":{"rendered":"<div data-elementor-type=\"wp-page\" data-elementor-id=\"19\" class=\"elementor elementor-19\" data-elementor-post-type=\"page\">\n\t\t\t\t<div class=\"elementor-element elementor-element-b86038a e-flex e-con-boxed e-con e-parent\" data-id=\"b86038a\" data-element_type=\"container\" data-e-type=\"container\" data-settings=\"{&quot;background_background&quot;:&quot;classic&quot;}\">\n\t\t\t\t\t<div class=\"e-con-inner\">\n\t\t\t\t<div class=\"elementor-element elementor-element-2348349 elementor-widget elementor-widget-spacer\" data-id=\"2348349\" data-element_type=\"widget\" data-e-type=\"widget\" data-widget_type=\"spacer.default\">\n\t\t\t\t\t\t\t<div class=\"elementor-spacer\">\n\t\t\t<div class=\"elementor-spacer-inner\"><\/div>\n\t\t<\/div>\n\t\t\t\t\t\t<\/div>\n\t\t\t\t<div class=\"elementor-element elementor-element-ed3b68e elementor-widget elementor-widget-heading\" data-id=\"ed3b68e\" data-element_type=\"widget\" data-e-type=\"widget\" data-widget_type=\"heading.default\">\n\t\t\t\t\t<h1 class=\"elementor-heading-title elementor-size-default\">Integritetspolicy<\/h1>\t\t\t\t<\/div>\n\t\t\t\t<div class=\"elementor-element elementor-element-8333f09 elementor-widget-divider--view-line elementor-widget elementor-widget-divider\" data-id=\"8333f09\" data-element_type=\"widget\" data-e-type=\"widget\" data-widget_type=\"divider.default\">\n\t\t\t\t\t\t\t<div class=\"elementor-divider\">\n\t\t\t<span class=\"elementor-divider-separator\">\n\t\t\t\t\t\t<\/span>\n\t\t<\/div>\n\t\t\t\t\t\t<\/div>\n\t\t\t\t<div class=\"elementor-element elementor-element-da7d276 elementor-widget elementor-widget-heading\" data-id=\"da7d276\" data-element_type=\"widget\" data-e-type=\"widget\" data-widget_type=\"heading.default\">\n\t\t\t\t\t<h2 class=\"elementor-heading-title elementor-size-default\">Syftet med meddelandet<\/h2>\t\t\t\t<\/div>\n\t\t\t\t<div class=\"elementor-element elementor-element-076dc4b elementor-widget elementor-widget-text-editor\" data-id=\"076dc4b\" data-element_type=\"widget\" data-e-type=\"widget\" data-widget_type=\"text-editor.default\">\n\t\t\t\t\t\t\t\t\t<p>Denna integritetspolicy (\u201dpolicyn\u201d) f\u00f6rklarar hur Bitcoin Revolution (\u201dBitcoin Revolution\u201d, \u201dVi\u201d eller \u201dOss\u201d) behandlar dina personuppgifter som personuppgiftsansvarig. Det omfattar de personuppgifter du l\u00e4mnar n\u00e4r du bes\u00f6ker v\u00e5r webbplats, <a href=\"https:\/\/bitcoinrevolution.pro\/se\/\">bitcoinrevolution.pro<\/a> (\u201dWebbplatsen\u201d) och de uppgifter vi kan komma att f\u00e5 fr\u00e5n tredje part f\u00f6r att koppla ihop dig med yrkesverksamma som du kan vara intresserad av.<\/p>\t\t\t\t\t\t\t\t<\/div>\n\t\t\t\t<div class=\"elementor-element elementor-element-6cd6556 elementor-widget elementor-widget-heading\" data-id=\"6cd6556\" data-element_type=\"widget\" data-e-type=\"widget\" data-widget_type=\"heading.default\">\n\t\t\t\t\t<h2 class=\"elementor-heading-title elementor-size-default\">Vilka kategorier av personuppgifter behandlas?<\/h2>\t\t\t\t<\/div>\n\t\t\t\t<div class=\"elementor-element elementor-element-e4260f1 elementor-widget elementor-widget-text-editor\" data-id=\"e4260f1\" data-element_type=\"widget\" data-e-type=\"widget\" data-widget_type=\"text-editor.default\">\n\t\t\t\t\t\t\t\t\t<p>Vi samlar in och behandlar f\u00f6ljande typer av personuppgifter om dig:<\/p>\t\t\t\t\t\t\t\t<\/div>\n\t\t\t\t<div class=\"elementor-element elementor-element-4d81e38 elementor-widget elementor-widget-heading\" data-id=\"4d81e38\" data-element_type=\"widget\" data-e-type=\"widget\" data-widget_type=\"heading.default\">\n\t\t\t\t\t<h2 class=\"elementor-heading-title elementor-size-default\">Information vi samlar in\n<\/h2>\t\t\t\t<\/div>\n\t\t\t\t<div class=\"elementor-element elementor-element-4f8647c elementor-widget elementor-widget-text-editor\" data-id=\"4f8647c\" data-element_type=\"widget\" data-e-type=\"widget\" data-widget_type=\"text-editor.default\">\n\t\t\t\t\t\t\t\t\t<p>Den personliga information som du ombeds l\u00e4mna, och sk\u00e4len till varf\u00f6r du ombeds att tillhandah\u00e5lla den, kommer att klarg\u00f6ras f\u00f6r dig n\u00e4r vi ber dig att l\u00e4mna din personliga information. Om du kontaktar oss direkt kan vi f\u00e5 ytterligare information om dig s\u00e5som ditt namn, e-postadress, telefonnummer, inneh\u00e5llet i meddelandet och\/eller bilagor du kan skicka till oss och all annan information du kan v\u00e4lja att tillhandah\u00e5lla. N\u00e4r du registrerar dig f\u00f6r ett konto kan vi be om din kontaktinformation, inklusive uppgifter som namn, f\u00f6retagsnamn, adress, e-postadress och telefonnummer.<\/p>\t\t\t\t\t\t\t\t<\/div>\n\t\t\t\t<div class=\"elementor-element elementor-element-16a9b8d elementor-widget elementor-widget-heading\" data-id=\"16a9b8d\" data-element_type=\"widget\" data-e-type=\"widget\" data-widget_type=\"heading.default\">\n\t\t\t\t\t<h2 class=\"elementor-heading-title elementor-size-default\">Hur samlas dina uppgifter in?<\/h2>\t\t\t\t<\/div>\n\t\t\t\t<div class=\"elementor-element elementor-element-d1651a9 elementor-widget elementor-widget-text-editor\" data-id=\"d1651a9\" data-element_type=\"widget\" data-e-type=\"widget\" data-widget_type=\"text-editor.default\">\n\t\t\t\t\t\t\t\t\t<p>We collect your personal data:<\/p><ol><li><strong>Direkt<\/strong>\u00a0fr\u00e5n dig n\u00e4r du tillhandah\u00e5ller identifieringsdata p\u00e5 v\u00e5r webbplats; och\/eller<\/li><li><strong>Indirekt<\/strong>:<ul><li>N\u00e4r vi f\u00e5r identifieringsdata om dig fr\u00e5n tredje part (t.ex. investeringsutbildningsf\u00f6retag, partners, affiliates, marknadsf\u00f6rare, digitala byr\u00e5er); och\/eller<\/li><li>When we collect data related to your browsing behavior through cookies or similar technologies (as described in our Cookies Policy).<\/li><\/ul><\/li><\/ol><p>Du \u00e4r inte skyldig att l\u00e4mna dina personuppgifter. Men om du inte g\u00f6r det kommer vi inte att kunna koppla dig till proffs som du kan vara intresserad av.<\/p>\t\t\t\t\t\t\t\t<\/div>\n\t\t\t\t<div class=\"elementor-element elementor-element-10d7ba2 elementor-widget elementor-widget-heading\" data-id=\"10d7ba2\" data-element_type=\"widget\" data-e-type=\"widget\" data-widget_type=\"heading.default\">\n\t\t\t\t\t<h2 class=\"elementor-heading-title elementor-size-default\">Vilka \u00e4r syftena och den r\u00e4ttsliga grunden f\u00f6r v\u00e5r behandling?<\/h2>\t\t\t\t<\/div>\n\t\t\t\t<div class=\"elementor-element elementor-element-0d7fd4a elementor-widget elementor-widget-text-editor\" data-id=\"0d7fd4a\" data-element_type=\"widget\" data-e-type=\"widget\" data-widget_type=\"text-editor.default\">\n\t\t\t\t\t\t\t\t\t<p>Vi behandlar dina personuppgifter f\u00f6r f\u00f6ljande \u00e4ndam\u00e5l:<\/p>\t\t\t\t\t\t\t\t<\/div>\n\t\t\t\t<div class=\"elementor-element elementor-element-ea48c7f elementor-widget elementor-widget-html\" data-id=\"ea48c7f\" data-element_type=\"widget\" data-e-type=\"widget\" data-widget_type=\"html.default\">\n\t\t\t\t\t<div style=\"overflow-x:auto;\">\r\n    <table>\r\n  <tr>\r\n    <th>\u00c4ndam\u00e5l<\/th>\r\n    <th>R\u00e4ttslig grund<\/th>\r\n    <th>Kategorier av behandlade personuppgifter<\/th>\r\n  <\/tr>\r\n  <tr>\r\n    <td>Dela dina personuppgifter med proffs som erbjuder tj\u00e4nster som du kan vara intresserad av.<\/td>\r\n    <td>Ditt samtycke<\/td>\r\n    <td>Identifieringsdata<\/td>\r\n  <\/tr>\r\n  <tr>\r\n    <td>Svara p\u00e5 och efterkomma f\u00f6rfr\u00e5gningar fr\u00e5n tillsynsmyndigheter eller myndigheter.<\/td>\r\n    <td>Efterlevnad av juridiska skyldigheter.<\/td>\r\n    <td>Identifieringsdata, webbl\u00e4sarinformation<\/td>\r\n  <\/tr>\r\n    <tr>\r\n    <td>Uppr\u00e4tth\u00e5lla och f\u00f6rsvara v\u00e5ra r\u00e4ttigheter.<\/td>\r\n    <td>V\u00e5rt legitima intresse att f\u00f6rsvara oss sj\u00e4lva.<\/td>\r\n    <td>Identifieringsdata, webbl\u00e4sarinformation<\/td>\r\n  <\/tr>\r\n    <tr>\r\n    <td>Ensuring the operation and security of our Website.<\/td>\r\n    <td>V\u00e5rt legitima intresse av att uppr\u00e4tth\u00e5lla en s\u00e4ker webbplats.<\/td>\r\n    <td>Surfinformation<\/td>\r\n  <\/tr>\r\n<\/table>\r\n<\/div>\t\t\t\t<\/div>\n\t\t\t\t<div class=\"elementor-element elementor-element-67f1d6f elementor-widget elementor-widget-heading\" data-id=\"67f1d6f\" data-element_type=\"widget\" data-e-type=\"widget\" data-widget_type=\"heading.default\">\n\t\t\t\t\t<h2 class=\"elementor-heading-title elementor-size-default\">Vem kommer mina personuppgifter att delas med?<\/h2>\t\t\t\t<\/div>\n\t\t\t\t<div class=\"elementor-element elementor-element-6272fe1 elementor-widget elementor-widget-text-editor\" data-id=\"6272fe1\" data-element_type=\"widget\" data-e-type=\"widget\" data-widget_type=\"text-editor.default\">\n\t\t\t\t\t\t\t\t\t<p>We may share your personal data:<\/p><ol><li>Inom v\u00e5r f\u00f6retagsgrupp;<\/li><li>Med v\u00e5ra partners f\u00f6r sina egna behandlings\u00e4ndam\u00e5l (t.ex. tillhandah\u00e5lla information om tj\u00e4nster som du kan vara intresserad av), f\u00f6rutsatt att du har samtyckt till s\u00e5dan delning. Dessa partners inkluderar investeringsutbildningsf\u00f6retag, datam\u00e4klare och mellanh\u00e4nder;<\/li><li>Med tredje parter som f\u00f6rser oss med tj\u00e4nster som lagring, hosting, analys och teknisk support;<\/li><li>Med v\u00e5ra juridiska r\u00e5dgivare f\u00f6r efterlevnad av lagstadgade skyldigheter (t.ex. redovisning, revision, intern kontroll);<\/li><li>Som en del av f\u00f6rs\u00e4ljningen av v\u00e5rt f\u00f6retag eller v\u00e5ra tillg\u00e5ngar, eller i h\u00e4ndelse av omorganisation eller omstrukturering av verksamheten (inklusive uppl\u00f6sning eller likvidation); och<\/li><li>D\u00e4r det kr\u00e4vs eller till\u00e5ts enligt lag, med statliga myndigheter, domstolar, externa r\u00e5dgivare och liknande tredje parter.<\/li><\/ol>\t\t\t\t\t\t\t\t<\/div>\n\t\t\t\t<div class=\"elementor-element elementor-element-ac3e055 elementor-widget elementor-widget-heading\" data-id=\"ac3e055\" data-element_type=\"widget\" data-e-type=\"widget\" data-widget_type=\"heading.default\">\n\t\t\t\t\t<h2 class=\"elementor-heading-title elementor-size-default\">D\u00e4r det kr\u00e4vs eller till\u00e5ts enligt lag, med statliga myndigheter, domstolar, externa r\u00e5dgivare och liknande tredje parter.<\/h2>\t\t\t\t<\/div>\n\t\t\t\t<div class=\"elementor-element elementor-element-7cb3696 elementor-widget elementor-widget-text-editor\" data-id=\"7cb3696\" data-element_type=\"widget\" data-e-type=\"widget\" data-widget_type=\"text-editor.default\">\n\t\t\t\t\t\t\t\t\t<p>Vi \u00f6verf\u00f6r dina personuppgifter utanf\u00f6r Europeiska ekonomiska samarbetsomr\u00e5det (EES). Vissa mottagare finns i l\u00e4nder d\u00e4r Europeiska kommissionen har erk\u00e4nt en adekvat niv\u00e5 av dataskydd (t.ex. Israel). F\u00f6r andra l\u00e4nder s\u00e4kerst\u00e4ller vi en adekvat skyddsniv\u00e5 genom data\u00f6verf\u00f6ringsavtal baserade p\u00e5 standardavtalsklausuler (2021\/914\/EU) eller andra l\u00e4mpliga s\u00e4tt, som beskrivs i kontaktuppgifterna nedan.<\/p>\t\t\t\t\t\t\t\t<\/div>\n\t\t\t\t<div class=\"elementor-element elementor-element-b6ae28c elementor-widget elementor-widget-heading\" data-id=\"b6ae28c\" data-element_type=\"widget\" data-e-type=\"widget\" data-widget_type=\"heading.default\">\n\t\t\t\t\t<h2 class=\"elementor-heading-title elementor-size-default\">Retention<\/h2>\t\t\t\t<\/div>\n\t\t\t\t<div class=\"elementor-element elementor-element-973e9ab elementor-widget elementor-widget-text-editor\" data-id=\"973e9ab\" data-element_type=\"widget\" data-e-type=\"widget\" data-widget_type=\"text-editor.default\">\n\t\t\t\t\t\t\t\t\t<p>Vi kommer endast att beh\u00e5lla dina personuppgifter s\u00e5 l\u00e4nge det \u00e4r n\u00f6dv\u00e4ndigt f\u00f6r att uppn\u00e5 de syften som beskrivs i detta meddelande och i enlighet med till\u00e4mpliga dataskyddslagar. N\u00e4r vi inte l\u00e4ngre beh\u00f6ver dina uppgifter kommer de att raderas eller anonymiseras, s\u00e5vida inte lagring kr\u00e4vs f\u00f6r att f\u00f6lja r\u00e4ttsliga skyldigheter eller f\u00f6r r\u00e4ttsliga anspr\u00e5k.<\/p>\t\t\t\t\t\t\t\t<\/div>\n\t\t\t\t<div class=\"elementor-element elementor-element-fdd7c5b elementor-widget elementor-widget-heading\" data-id=\"fdd7c5b\" data-element_type=\"widget\" data-e-type=\"widget\" data-widget_type=\"heading.default\">\n\t\t\t\t\t<h2 class=\"elementor-heading-title elementor-size-default\">Dina r\u00e4ttigheter<\/h2>\t\t\t\t<\/div>\n\t\t\t\t<div class=\"elementor-element elementor-element-bd22d9a elementor-widget elementor-widget-text-editor\" data-id=\"bd22d9a\" data-element_type=\"widget\" data-e-type=\"widget\" data-widget_type=\"text-editor.default\">\n\t\t\t\t\t\t\t\t\t<p>Enligt till\u00e4mpliga dataskyddslagar har du f\u00f6ljande r\u00e4ttigheter:<\/p><ul><li><strong>R\u00e4tt till tillg\u00e5ng<\/strong>: Du har r\u00e4tt att bekr\u00e4fta om vi behandlar dina personuppgifter och beg\u00e4ra tillg\u00e5ng till dem, inklusive information om syften, kategorier av uppgifter och mottagare av uppgifterna.<\/li><li><strong>R\u00e4tt till r\u00e4ttelse<\/strong>Du kan beg\u00e4ra r\u00e4ttelser av felaktiga personuppgifter eller tillhandah\u00e5lla ytterligare information f\u00f6r att komplettera ofullst\u00e4ndiga uppgifter.<\/li><li><strong>Right to Erasure<\/strong>Du kan beg\u00e4ra radering av dina personuppgifter.<\/li><li><strong>R\u00e4tt till begr\u00e4nsning av behandling<\/strong>Du kan beg\u00e4ra att vi begr\u00e4nsar behandlingen av dina personuppgifter till vissa \u00e4ndam\u00e5l.<\/li><li><strong>R\u00e4tt till dataportabilitet<\/strong>: Du kan beg\u00e4ra en kopia av dina personuppgifter i ett strukturerat, vanligt f\u00f6rekommande och maskinl\u00e4sbart format och \u00f6verf\u00f6ra det till en annan enhet.<\/li><li><strong>R\u00e4tt att inv\u00e4nda<\/strong>: Du kan inv\u00e4nda mot behandlingen av dina personuppgifter av s\u00e4rskilda sk\u00e4l. Om det ut\u00f6vas kommer vi att sluta behandla dina uppgifter f\u00f6r dessa \u00e4ndam\u00e5l.<\/li><li><strong>R\u00e4tt att \u00e5terkalla samtycke<\/strong>: Om behandlingen av dina uppgifter baseras p\u00e5 ditt samtycke kan du n\u00e4r som helst \u00e5terkalla det utan att det p\u00e5verkar lagligheten av tidigare behandling.<\/li><li><strong>R\u00e4tt till dina uppgifter efter d\u00f6den<\/strong>: Du kan ge instruktioner om lagring, radering eller kommunikation av dina personuppgifter efter din d\u00f6d.<\/li><\/ul>\t\t\t\t\t\t\t\t<\/div>\n\t\t\t\t<div class=\"elementor-element elementor-element-4f00718 elementor-widget elementor-widget-text-editor\" data-id=\"4f00718\" data-element_type=\"widget\" data-e-type=\"widget\" data-widget_type=\"text-editor.default\">\n\t\t\t\t\t\t\t\t\t<p>Dessa r\u00e4ttigheter kan vara begr\u00e4nsade enligt lokala dataskyddslagar.<\/p><p>F\u00f6r att ut\u00f6va dessa r\u00e4ttigheter, v\u00e4nligen kontakta oss med hj\u00e4lp av uppgifterna i avsnittet \"Kontakta oss\" nedan.<\/p><p>Du har ocks\u00e5 r\u00e4tt att l\u00e4mna in ett klagom\u00e5l till CNIL (den franska dataskyddsmyndigheten).<\/p>\t\t\t\t\t\t\t\t<\/div>\n\t\t\t\t<div class=\"elementor-element elementor-element-c04ba30 elementor-widget elementor-widget-heading\" data-id=\"c04ba30\" data-element_type=\"widget\" data-e-type=\"widget\" data-widget_type=\"heading.default\">\n\t\t\t\t\t<h2 class=\"elementor-heading-title elementor-size-default\">Kontakta oss<\/h2>\t\t\t\t<\/div>\n\t\t\t\t<div class=\"elementor-element elementor-element-4191567 elementor-widget elementor-widget-text-editor\" data-id=\"4191567\" data-element_type=\"widget\" data-e-type=\"widget\" data-widget_type=\"text-editor.default\">\n\t\t\t\t\t\t\t\t\t<p>F\u00f6r alla fr\u00e5gor relaterade till detta meddelande, v\u00e4nligen kontakta oss p\u00e5:\u00a0<a href=\"mailto:info@bitcoinrevolution.pro\" rel=\"noopener\">info@bitcoinrevolution.pro<\/a><\/p>\t\t\t\t\t\t\t\t<\/div>\n\t\t\t\t<div class=\"elementor-element elementor-element-1ae1b33 elementor-widget elementor-widget-heading\" data-id=\"1ae1b33\" data-element_type=\"widget\" data-e-type=\"widget\" data-widget_type=\"heading.default\">\n\t\t\t\t\t<h2 class=\"elementor-heading-title elementor-size-default\">\u00c4ndringar av integritetsmeddelandet<\/h2>\t\t\t\t<\/div>\n\t\t\t\t<div class=\"elementor-element elementor-element-4bca962 elementor-widget elementor-widget-text-editor\" data-id=\"4bca962\" data-element_type=\"widget\" data-e-type=\"widget\" data-widget_type=\"text-editor.default\">\n\t\t\t\t\t\t\t\t\t<p>Detta integritetsmeddelande kan uppdateras med j\u00e4mna mellanrum. Alla v\u00e4sentliga \u00e4ndringar kommer att meddelas dig i enlighet med detta.<\/p>\t\t\t\t\t\t\t\t<\/div>\n\t\t\t\t<div class=\"elementor-element elementor-element-c429232 elementor-widget elementor-widget-spacer\" data-id=\"c429232\" data-element_type=\"widget\" data-e-type=\"widget\" data-widget_type=\"spacer.default\">\n\t\t\t\t\t\t\t<div class=\"elementor-spacer\">\n\t\t\t<div class=\"elementor-spacer-inner\"><\/div>\n\t\t<\/div>\n\t\t\t\t\t\t<\/div>\n\t\t\t\t\t<\/div>\n\t\t\t\t<\/div>\n\t\t\t\t<\/div>","protected":false},"excerpt":{"rendered":"<p>Privacy Policy Purpose of the Notice This Data Privacy Notice (the &#8220;Notice&#8221;) explains how Bitcoin Revolution (&#8220;Bitcoin Revolution,&#8221; &#8220;We,&#8221; or &#8220;Us&#8221;) processes your personal data as the data controller. It covers the personal data you provide when you visit our website, bitcoinrevolution.pro (the &#8220;Website&#8221;), and the data we may receive from third parties, in order [&hellip;]<\/p>\n","protected":false},"author":1,"featured_media":0,"parent":0,"menu_order":0,"comment_status":"closed","ping_status":"closed","template":"elementor_header_footer","meta":{"footnotes":""},"class_list":["post-19","page","type-page","status-publish","hentry"],"_links":{"self":[{"href":"https:\/\/bitcoinrevolution.pro\/se\/wp-json\/wp\/v2\/pages\/19","targetHints":{"allow":["GET"]}}],"collection":[{"href":"https:\/\/bitcoinrevolution.pro\/se\/wp-json\/wp\/v2\/pages"}],"about":[{"href":"https:\/\/bitcoinrevolution.pro\/se\/wp-json\/wp\/v2\/types\/page"}],"author":[{"embeddable":true,"href":"https:\/\/bitcoinrevolution.pro\/se\/wp-json\/wp\/v2\/users\/1"}],"replies":[{"embeddable":true,"href":"https:\/\/bitcoinrevolution.pro\/se\/wp-json\/wp\/v2\/comments?post=19"}],"version-history":[{"count":15,"href":"https:\/\/bitcoinrevolution.pro\/se\/wp-json\/wp\/v2\/pages\/19\/revisions"}],"predecessor-version":[{"id":922,"href":"https:\/\/bitcoinrevolution.pro\/se\/wp-json\/wp\/v2\/pages\/19\/revisions\/922"}],"wp:attachment":[{"href":"https:\/\/bitcoinrevolution.pro\/se\/wp-json\/wp\/v2\/media?parent=19"}],"curies":[{"name":"wp","href":"https:\/\/api.w.org\/{rel}","templated":true}]}}