{"id":21,"date":"2024-11-13T05:32:45","date_gmt":"2024-11-13T05:32:45","guid":{"rendered":"https:\/\/bitcoinrevolution.pro\/?page_id=21"},"modified":"2025-12-31T13:08:17","modified_gmt":"2025-12-31T13:08:17","slug":"villkor","status":"publish","type":"page","link":"https:\/\/bitcoinrevolution.pro\/se\/terms-and-conditions\/","title":{"rendered":"Villkor och anvisningar"},"content":{"rendered":"<div data-elementor-type=\"wp-page\" data-elementor-id=\"21\" class=\"elementor elementor-21\" data-elementor-post-type=\"page\">\n\t\t\t\t<div class=\"elementor-element elementor-element-01d1307 e-flex e-con-boxed e-con e-parent\" data-id=\"01d1307\" data-element_type=\"container\" data-e-type=\"container\" data-settings=\"{&quot;background_background&quot;:&quot;classic&quot;}\">\n\t\t\t\t\t<div class=\"e-con-inner\">\n\t\t\t\t<div class=\"elementor-element elementor-element-cd0fd83 elementor-widget elementor-widget-spacer\" data-id=\"cd0fd83\" data-element_type=\"widget\" data-e-type=\"widget\" data-widget_type=\"spacer.default\">\n\t\t\t\t\t\t\t<div class=\"elementor-spacer\">\n\t\t\t<div class=\"elementor-spacer-inner\"><\/div>\n\t\t<\/div>\n\t\t\t\t\t\t<\/div>\n\t\t\t\t<div class=\"elementor-element elementor-element-7befe11 elementor-widget elementor-widget-heading\" data-id=\"7befe11\" data-element_type=\"widget\" data-e-type=\"widget\" data-widget_type=\"heading.default\">\n\t\t\t\t\t<h1 class=\"elementor-heading-title elementor-size-default\">Villkor och anvisningar<\/h1>\t\t\t\t<\/div>\n\t\t\t\t<div class=\"elementor-element elementor-element-f7ace13 elementor-widget-divider--view-line elementor-widget elementor-widget-divider\" data-id=\"f7ace13\" data-element_type=\"widget\" data-e-type=\"widget\" data-widget_type=\"divider.default\">\n\t\t\t\t\t\t\t<div class=\"elementor-divider\">\n\t\t\t<span class=\"elementor-divider-separator\">\n\t\t\t\t\t\t<\/span>\n\t\t<\/div>\n\t\t\t\t\t\t<\/div>\n\t\t\t\t<div class=\"elementor-element elementor-element-9155d9d elementor-widget elementor-widget-heading\" data-id=\"9155d9d\" data-element_type=\"widget\" data-e-type=\"widget\" data-widget_type=\"heading.default\">\n\t\t\t\t\t<h2 class=\"elementor-heading-title elementor-size-default\">1. Allm\u00e4nt<\/h2>\t\t\t\t<\/div>\n\t\t\t\t<div class=\"elementor-element elementor-element-2421b9e elementor-widget elementor-widget-text-editor\" data-id=\"2421b9e\" data-element_type=\"widget\" data-e-type=\"widget\" data-widget_type=\"text-editor.default\">\n\t\t\t\t\t\t\t\t\t<p><strong>1.1.<\/strong> V\u00e4lkommen till <a href=\"https:\/\/bitcoinrevolution.pro\/se\/\">bitcoinrevolution.pro<\/a> (\u201dWebbplatsen\u201d).<\/p><p>Du kan kontakta oss p\u00e5\u00a0<a href=\"mailto:info@bitcoinrevolution.pro\">info@bitcoinrevolution.pro<\/a>.<\/p><p><strong>1.2.<\/strong>\u00a0Webbplatsen tillhandah\u00e5ller information om tredjepartsplattformar (\"Tredjepartsplattformar\") som erbjuder utbildningstj\u00e4nster om allm\u00e4nna investeringsstrategier eller marknadsunders\u00f6kningar. Altrix Edge fungerar som en mellanhand som ansluter anv\u00e4ndare till dessa Tredjepartsplattformar (\u201dTj\u00e4nsterna\u201d).<\/p><p><strong>1.3.<\/strong>\u00a0Dessa anv\u00e4ndarvillkor (\"Villkoren\") reglerar din (\"Du\", \"Din\" eller \"Anv\u00e4ndare\") \u00e5tkomst till och anv\u00e4ndning av Webbplatsen och Tj\u00e4nsterna. V\u00e4nligen l\u00e4s dessa villkor noggrant innan du anv\u00e4nder tj\u00e4nsterna. Genom att anv\u00e4nda webbplatsen godk\u00e4nner du dessa villkor, inklusive eventuella \u00e4ndringar. Om du inte godk\u00e4nner n\u00e5gon del av dessa villkor m\u00e5ste du omedelbart sluta anv\u00e4nda webbplatsen. Dessa villkor utg\u00f6r ett juridiskt bindande avtal mellan dig och Altrix Edge, operat\u00f6ren av webbplatsen (<a rel=\"noopener\">info@altrix-edge.mytestdoain.com<\/a>).<\/p><p>Dessutom, genom att godk\u00e4nna dessa villkor, godk\u00e4nner du ocks\u00e5 v\u00e5r sekretesspolicy, som du kan granska genom att klicka h\u00e4r.<\/p>\t\t\t\t\t\t\t\t<\/div>\n\t\t\t\t<div class=\"elementor-element elementor-element-bd3c475 elementor-widget elementor-widget-heading\" data-id=\"bd3c475\" data-element_type=\"widget\" data-e-type=\"widget\" data-widget_type=\"heading.default\">\n\t\t\t\t\t<h2 class=\"elementor-heading-title elementor-size-default\">2. Beskrivning av tj\u00e4nsterna<\/h2>\t\t\t\t<\/div>\n\t\t\t\t<div class=\"elementor-element elementor-element-c2095b6 elementor-widget elementor-widget-text-editor\" data-id=\"c2095b6\" data-element_type=\"widget\" data-e-type=\"widget\" data-widget_type=\"text-editor.default\">\n\t\t\t\t\t\t\t\t\t<p><strong>2.1.<\/strong>\u00a0Vi \u00e4r ingen handelsplattform, och vi kopplar dig inte heller till s\u00e5dana plattformar, s\u00e5vida de inte enbart tillhandah\u00e5ller utbildningstj\u00e4nster eller marknadsunders\u00f6kningar.<\/p><p><strong>2.2.<\/strong>\u00a0V\u00e5r roll \u00e4r att koppla dig till tj\u00e4nsteleverant\u00f6rer som erbjuder utbildningsinneh\u00e5ll om allm\u00e4nna investeringsstrategier eller marknadsunders\u00f6kningar baserat p\u00e5 dina intresseomr\u00e5den.<\/p><p><strong>2.3.<\/strong>\u00a0N\u00e4r du registrerar dig p\u00e5 v\u00e5r webbplats med korrekt och fullst\u00e4ndig information kommer en representant fr\u00e5n tj\u00e4nsteleverant\u00f6ren att kontakta dig.<\/p><p><strong>2.4.<\/strong>\u00a0Representanten kommer att f\u00f6rse dig med information om allm\u00e4nna investeringsstrategier som passar dina intressen eller \u00e4r popul\u00e4ra f\u00f6r att \u00f6ka din f\u00f6rst\u00e5else f\u00f6r investeringstekniker.<\/p>\t\t\t\t\t\t\t\t<\/div>\n\t\t\t\t<div class=\"elementor-element elementor-element-d0c7881 elementor-widget elementor-widget-heading\" data-id=\"d0c7881\" data-element_type=\"widget\" data-e-type=\"widget\" data-widget_type=\"heading.default\">\n\t\t\t\t\t<h2 class=\"elementor-heading-title elementor-size-default\">3. Beh\u00f6righet<\/h2>\t\t\t\t<\/div>\n\t\t\t\t<div class=\"elementor-element elementor-element-1266dfb elementor-widget elementor-widget-text-editor\" data-id=\"1266dfb\" data-element_type=\"widget\" data-e-type=\"widget\" data-widget_type=\"text-editor.default\">\n\t\t\t\t\t\t\t\t\t<p><strong>3.1.<\/strong>\u00a0F\u00f6r att komma \u00e5t webbplatsen och anv\u00e4nda tj\u00e4nsterna m\u00e5ste du uppfylla alla f\u00f6ljande villkor:<\/p><p><strong>3.1.1.<\/strong>\u00a0Du \u00e4r minst 18 \u00e5r gammal;<\/p><p><strong>3.1.2.<\/strong>\u00a0Du har befogenhet och kapacitet att ing\u00e5 dessa Villkor och f\u00f6lja deras best\u00e4mmelser;<\/p><p><strong>3.1.3.<\/strong>\u00a0Du \u00e4r inte f\u00f6rbjuden att anv\u00e4nda webbplatsen och\/eller tj\u00e4nsterna enligt lagarna i ditt land d\u00e4r du bor eller befinner dig.<\/p>\t\t\t\t\t\t\t\t<\/div>\n\t\t\t\t<div class=\"elementor-element elementor-element-853821e elementor-widget elementor-widget-heading\" data-id=\"853821e\" data-element_type=\"widget\" data-e-type=\"widget\" data-widget_type=\"heading.default\">\n\t\t\t\t\t<h2 class=\"elementor-heading-title elementor-size-default\">4. Begr\u00e4nsade territorier<\/h2>\t\t\t\t<\/div>\n\t\t\t\t<div class=\"elementor-element elementor-element-8ab2170 elementor-widget elementor-widget-text-editor\" data-id=\"8ab2170\" data-element_type=\"widget\" data-e-type=\"widget\" data-widget_type=\"text-editor.default\">\n\t\t\t\t\t\t\t\t\t<p><strong>4.1.<\/strong>\u00a0Vi kan komma att begr\u00e4nsa \u00e5tkomsten till webbplatsen och\/eller tj\u00e4nsterna (eller n\u00e5gon del d\u00e4rav) f\u00f6r anv\u00e4ndare som befinner sig i territorier d\u00e4r det lagliga eller regulatoriska ramverket f\u00f6rhindrar tillhandah\u00e5llandet av tj\u00e4nsterna.<\/p><p><strong>4.2.<\/strong>\u00a0Vi kan inf\u00f6ra ytterligare krav eller villkor f\u00f6r anv\u00e4ndare som bor i specifika l\u00e4nder f\u00f6r att s\u00e4kerst\u00e4lla efterlevnad av till\u00e4mpliga lokala lagar. Dessutom kan anv\u00e4ndare som reser till begr\u00e4nsade territorier hitta webbplatsen och\/eller tj\u00e4nsterna otillg\u00e4ngliga eller blockerade.<\/p>\t\t\t\t\t\t\t\t<\/div>\n\t\t\t\t<div class=\"elementor-element elementor-element-e36ce97 elementor-widget elementor-widget-heading\" data-id=\"e36ce97\" data-element_type=\"widget\" data-e-type=\"widget\" data-widget_type=\"heading.default\">\n\t\t\t\t\t<h2 class=\"elementor-heading-title elementor-size-default\">5. F\u00f6rbjudna aktiviteter<\/h2>\t\t\t\t<\/div>\n\t\t\t\t<div class=\"elementor-element elementor-element-a859de1 elementor-widget elementor-widget-text-editor\" data-id=\"a859de1\" data-element_type=\"widget\" data-e-type=\"widget\" data-widget_type=\"text-editor.default\">\n\t\t\t\t\t\t\t\t\t<p><strong>5.1.<\/strong>\u00a0Du samtycker till att anv\u00e4nda webbplatsen och tj\u00e4nsterna med respekt och inte att:<\/p><p><strong>5.1.1.<\/strong>\u00a0Ladda upp, ladda ner, distribuera eller \u00f6verf\u00f6ra (a) material som g\u00f6r intr\u00e5ng i immateriella r\u00e4ttigheter eller integritetsr\u00e4ttigheter; (b) material som \u00e4r skadligt, st\u00f6tande eller ol\u00e4mpligt; (c) material som inneh\u00e5ller virus eller skadlig programvara; (d) material som bryter mot n\u00e5gon lag; (e) annonser utan f\u00f6reg\u00e5ende tillst\u00e5nd.<\/p><p><strong>5.1.2.<\/strong>\u00a0\u00c4ndra eventuella tillskrivningar, juridiska meddelanden eller \u00e4gander\u00e4ttsliga etiketter p\u00e5 webbplatsen.<\/p><p><strong>5.1.3.<\/strong>\u00a0Anv\u00e4nd tj\u00e4nsterna via n\u00e5got annat gr\u00e4nssnitt \u00e4n webbplatsen.<\/p><p><strong>5.1.4.<\/strong>\u00a0St\u00f6ra andra anv\u00e4ndares \u00e5tkomst till webbplatsen eller tj\u00e4nsterna.<\/p><p><strong>5.1.5.<\/strong>\u00a0Anv\u00e4nda automatiserade verktyg som bottar f\u00f6r att komma \u00e5t eller anv\u00e4nda webbplatsen eller tj\u00e4nsterna.<\/p><p><strong>5.1.6.<\/strong>\u00a0Ladda upp eller \u00f6verf\u00f6r allt material som samlar in eller \u00f6verf\u00f6r information utan v\u00e5rt tillst\u00e5nd, inklusive spionprogram, cookies eller liknande teknologier.<\/p><p><strong>5.1.7.<\/strong>\u00a0Delta i aktiviteter som \"inramning\" eller \"spegling\" som simulerar webbplatsens utseende eller funktion.<\/p><p><strong>5.1.8.<\/strong>\u00a0Violate laws or encourage illegal activities such as copyright infringement, hacking, or identity theft.<\/p><p><strong>5.1.9.<\/strong>\u00a0\u00c4ndra, demontera, dekompilera eller st\u00f6r webbplatsens k\u00e4llkod eller ladda upp skadlig programvara.<\/p><p><strong>5.1.10.<\/strong>\u00a0Omv\u00e4nd utveckling av programvara eller teknik som \u00e4r associerad med webbplatsen eller tj\u00e4nsterna.<\/p><p><strong>5.2.<\/strong>\u00a0Vi kan blockera din \u00e5tkomst till webbplatsen och\/eller tj\u00e4nsterna om din anv\u00e4ndning bryter mot dessa villkor eller n\u00e5gon till\u00e4mplig lag.<\/p>\t\t\t\t\t\t\t\t<\/div>\n\t\t\t\t<div class=\"elementor-element elementor-element-b8f4a96 elementor-widget elementor-widget-heading\" data-id=\"b8f4a96\" data-element_type=\"widget\" data-e-type=\"widget\" data-widget_type=\"heading.default\">\n\t\t\t\t\t<h2 class=\"elementor-heading-title elementor-size-default\">6. Immateriella r\u00e4ttigheter<\/h2>\t\t\t\t<\/div>\n\t\t\t\t<div class=\"elementor-element elementor-element-f9ab155 elementor-widget elementor-widget-text-editor\" data-id=\"f9ab155\" data-element_type=\"widget\" data-e-type=\"widget\" data-widget_type=\"text-editor.default\">\n\t\t\t\t\t\t\t\t\t<p>Allt inneh\u00e5ll p\u00e5 Bitcoin Revolution, inklusive logotyper, programvara, texter och bilder, \u00e4r skyddat av immaterialr\u00e4ttslagar. Du f\u00e5r inte:<\/p><p><strong>6.1<\/strong> Reproducera, modifiera, distribuera eller anv\u00e4nda n\u00e5got inneh\u00e5ll utan v\u00e5rt skriftliga tillst\u00e5nd.<\/p>\t\t\t\t\t\t\t\t<\/div>\n\t\t\t\t<div class=\"elementor-element elementor-element-29b2e56 elementor-widget elementor-widget-heading\" data-id=\"29b2e56\" data-element_type=\"widget\" data-e-type=\"widget\" data-widget_type=\"heading.default\">\n\t\t\t\t\t<h2 class=\"elementor-heading-title elementor-size-default\">7. Ansvarsbegr\u00e4nsning<\/h2>\t\t\t\t<\/div>\n\t\t\t\t<div class=\"elementor-element elementor-element-af9740f elementor-widget elementor-widget-text-editor\" data-id=\"af9740f\" data-element_type=\"widget\" data-e-type=\"widget\" data-widget_type=\"text-editor.default\">\n\t\t\t\t\t\t\t\t\t<p><strong>7.1.<\/strong>\u00a0Vi \u00e4r inte ansvariga f\u00f6r f\u00f6rluster som orsakas av underl\u00e5tenhet att utf\u00f6ra eller felaktig prestation p\u00e5 grund av dina handlingar, tredje parts inblandning eller force majeure.<\/p><p><strong>7.2.<\/strong>\u00a0Ingenting i dessa villkor utesluter ansvar f\u00f6r (i) d\u00f6dsfall eller personskada orsakad av v\u00e5r v\u00e5rdsl\u00f6shet; (ii) bedr\u00e4geri. eller (iii) andra skulder som inte kan uteslutas enligt till\u00e4mplig lag.<\/p><p><strong>7.3.<\/strong>\u00a0Vi \u00e4r inte ansvariga f\u00f6r buggar, virus eller skadlig programvara som \u00f6verf\u00f6rs via webbplatsen eller tj\u00e4nsterna, s\u00e5vida vi inte har ett fel.<\/p><p><strong>7.4.<\/strong>\u00a0Vi str\u00e4var efter att h\u00e5lla webbplatsen felfri och eventuella felaktigheter kommer omedelbart att korrigeras.<\/p><p><strong>7.5.<\/strong>\u00a0Du samtycker till att h\u00e5lla oss oskadliga f\u00f6r eventuella f\u00f6rluster som orsakas av ditt brott mot dessa villkor.<\/p><p><strong>7.6.<\/strong>\u00a0Vi \u00e4r inte ansvariga f\u00f6r tekniska problem som telefon- eller n\u00e4tverksfel, serverproblem eller internetinkompatibilitet.<\/p>\t\t\t\t\t\t\t\t<\/div>\n\t\t\t\t<div class=\"elementor-element elementor-element-9f80571 elementor-widget elementor-widget-heading\" data-id=\"9f80571\" data-element_type=\"widget\" data-e-type=\"widget\" data-widget_type=\"heading.default\">\n\t\t\t\t\t<h2 class=\"elementor-heading-title elementor-size-default\">8. Tredjepartstj\u00e4nster eller inneh\u00e5ll<\/h2>\t\t\t\t<\/div>\n\t\t\t\t<div class=\"elementor-element elementor-element-2f3e7e4 elementor-widget elementor-widget-text-editor\" data-id=\"2f3e7e4\" data-element_type=\"widget\" data-e-type=\"widget\" data-widget_type=\"text-editor.default\">\n\t\t\t\t\t\t\t\t\t<p><strong>8.1.<\/strong>\u00a0Webbplatsen kan visa inneh\u00e5ll eller tj\u00e4nster fr\u00e5n tredje part, inklusive annonser relaterade till tredje parts plattformar.<\/p><p><strong>8.2.<\/strong>\u00a0Vi st\u00f6der eller kontrollerar inte dessa tredjepartstj\u00e4nster och rekommenderar att du verifierar informationen oberoende innan vi agerar p\u00e5 den.<\/p>\t\t\t\t\t\t\t\t<\/div>\n\t\t\t\t<div class=\"elementor-element elementor-element-6a8ecdb elementor-widget elementor-widget-heading\" data-id=\"6a8ecdb\" data-element_type=\"widget\" data-e-type=\"widget\" data-widget_type=\"heading.default\">\n\t\t\t\t\t<h2 class=\"elementor-heading-title elementor-size-default\">9. L\u00e4nkar<\/h2>\t\t\t\t<\/div>\n\t\t\t\t<div class=\"elementor-element elementor-element-89f673b elementor-widget elementor-widget-text-editor\" data-id=\"89f673b\" data-element_type=\"widget\" data-e-type=\"widget\" data-widget_type=\"text-editor.default\">\n\t\t\t\t\t\t\t\t\t<p><strong>9.1.<\/strong>\u00a0Webbplatsen kan inneh\u00e5lla l\u00e4nkar till tredje parts webbplatser eller tj\u00e4nster. Anv\u00e4nd dessa l\u00e4nkar p\u00e5 egen risk. Vi \u00e4r inte ansvariga f\u00f6r n\u00e5gon f\u00f6rlust eller skada som orsakas av tillg\u00e5ng till inneh\u00e5ll fr\u00e5n tredje part.<\/p><p><strong>9.2.<\/strong>\u00a0Inkluderandet av l\u00e4nkar inneb\u00e4r inte st\u00f6d f\u00f6r tredje parts webbplatser eller tj\u00e4nster.<\/p><p><strong>9.3.<\/strong>\u00a0Vi \u00e4r inte ansvariga f\u00f6r inneh\u00e5llet p\u00e5 tredjepartswebbplatser och rekommenderar att du l\u00e4ser igenom deras villkor och sekretesspolicyer innan vi anv\u00e4nder dem.<\/p>\t\t\t\t\t\t\t\t<\/div>\n\t\t\t\t<div class=\"elementor-element elementor-element-533d845 elementor-widget elementor-widget-heading\" data-id=\"533d845\" data-element_type=\"widget\" data-e-type=\"widget\" data-widget_type=\"heading.default\">\n\t\t\t\t\t<h2 class=\"elementor-heading-title elementor-size-default\">10. \u00d6vrigt<\/h2>\t\t\t\t<\/div>\n\t\t\t\t<div class=\"elementor-element elementor-element-5e3153c elementor-widget elementor-widget-text-editor\" data-id=\"5e3153c\" data-element_type=\"widget\" data-e-type=\"widget\" data-widget_type=\"text-editor.default\">\n\t\t\t\t\t\t\t\t\t<p><strong>10.1.<\/strong>\u00a0Vi kan n\u00e4r som helst \u00e4ndra eller avbryta tj\u00e4nsterna, eller introducera nya.<\/p><p><strong>10.2.<\/strong>\u00a0Vi kan komma att \u00e4ndra dessa villkor. Eventuella \u00e4ndringar tr\u00e4der i kraft omedelbart efter publicering. Genom att forts\u00e4tta anv\u00e4nda webbplatsen accepterar du de reviderade villkoren.<\/p><p><strong>10.3.<\/strong>\u00a0\u00d6verf\u00f6ringen av information till\/fr\u00e5n webbplatsen skapar inga relationer utanf\u00f6r dessa villkor.<\/p><p><strong>10.4.<\/strong>\u00a0Dessa villkor, tillsammans med integritetspolicyn, representerar det enda giltiga avtalet mellan oss och anv\u00e4ndaren.<\/p><p><strong>10.5.<\/strong>\u00a0Inget dr\u00f6jsm\u00e5l med att ut\u00f6va n\u00e5gon r\u00e4ttighet enligt dessa villkor utg\u00f6r ett avst\u00e5ende fr\u00e5n den r\u00e4tten.<\/p><p><strong>10.6.<\/strong>\u00a0Om n\u00e5gon best\u00e4mmelse i dessa villkor bed\u00f6ms vara om\u00f6jlig att verkst\u00e4lla, kommer resten att f\u00f6rbli i kraft.<\/p><p><strong>10.7.<\/strong>\u00a0Vi kan \u00f6verf\u00f6ra v\u00e5ra r\u00e4ttigheter och skyldigheter, men du f\u00e5r inte \u00f6verf\u00f6ra dina utan v\u00e5rt samtycke.<\/p><p><strong>10.8.<\/strong>\u00a0Dessa villkor regleras av fransk lag.<\/p><p><strong>10.9.<\/strong>\u00a0Eventuella tvister som uppst\u00e5r fr\u00e5n dessa villkor kommer att l\u00f6sas i domstolarna i din jurisdiktion.<\/p>\t\t\t\t\t\t\t\t<\/div>\n\t\t\t\t<div class=\"elementor-element elementor-element-558b236 elementor-widget elementor-widget-spacer\" data-id=\"558b236\" data-element_type=\"widget\" data-e-type=\"widget\" data-widget_type=\"spacer.default\">\n\t\t\t\t\t\t\t<div class=\"elementor-spacer\">\n\t\t\t<div class=\"elementor-spacer-inner\"><\/div>\n\t\t<\/div>\n\t\t\t\t\t\t<\/div>\n\t\t\t\t\t<\/div>\n\t\t\t\t<\/div>\n\t\t\t\t<\/div>","protected":false},"excerpt":{"rendered":"<p>Terms and Conditions 1. General 1.1. Welcome to bitcoinrevolution.pro (the &#8220;Website&#8221;). You can contact us at\u00a0info@bitcoinrevolution.pro. 1.2.\u00a0The Website provides information about third-party platforms (the &#8220;Third-Party Platforms&#8221;), which offer educational services on general investment strategies or market research. Altrix Edge acts as an intermediary, connecting users to these Third-Party Platforms (the &#8220;Services&#8221;). 1.3.\u00a0These terms of use [&hellip;]<\/p>\n","protected":false},"author":1,"featured_media":0,"parent":0,"menu_order":0,"comment_status":"closed","ping_status":"closed","template":"elementor_header_footer","meta":{"footnotes":""},"class_list":["post-21","page","type-page","status-publish","hentry"],"_links":{"self":[{"href":"https:\/\/bitcoinrevolution.pro\/se\/wp-json\/wp\/v2\/pages\/21","targetHints":{"allow":["GET"]}}],"collection":[{"href":"https:\/\/bitcoinrevolution.pro\/se\/wp-json\/wp\/v2\/pages"}],"about":[{"href":"https:\/\/bitcoinrevolution.pro\/se\/wp-json\/wp\/v2\/types\/page"}],"author":[{"embeddable":true,"href":"https:\/\/bitcoinrevolution.pro\/se\/wp-json\/wp\/v2\/users\/1"}],"replies":[{"embeddable":true,"href":"https:\/\/bitcoinrevolution.pro\/se\/wp-json\/wp\/v2\/comments?post=21"}],"version-history":[{"count":12,"href":"https:\/\/bitcoinrevolution.pro\/se\/wp-json\/wp\/v2\/pages\/21\/revisions"}],"predecessor-version":[{"id":925,"href":"https:\/\/bitcoinrevolution.pro\/se\/wp-json\/wp\/v2\/pages\/21\/revisions\/925"}],"wp:attachment":[{"href":"https:\/\/bitcoinrevolution.pro\/se\/wp-json\/wp\/v2\/media?parent=21"}],"curies":[{"name":"wp","href":"https:\/\/api.w.org\/{rel}","templated":true}]}}