{"id":30,"date":"2024-11-13T06:06:02","date_gmt":"2024-11-13T06:06:02","guid":{"rendered":"https:\/\/bitcoinrevolution.pro\/?page_id=30"},"modified":"2025-12-31T10:03:38","modified_gmt":"2025-12-31T10:03:38","slug":"cookie-policy","status":"publish","type":"page","link":"https:\/\/bitcoinrevolution.pro\/se\/cookie-policy\/","title":{"rendered":"Policy f\u00f6r cookies"},"content":{"rendered":"<div data-elementor-type=\"wp-page\" data-elementor-id=\"30\" class=\"elementor elementor-30\" data-elementor-post-type=\"page\">\n\t\t\t\t<div class=\"elementor-element elementor-element-0aadfc1 e-flex e-con-boxed e-con e-parent\" data-id=\"0aadfc1\" data-element_type=\"container\" data-e-type=\"container\" data-settings=\"{&quot;background_background&quot;:&quot;classic&quot;}\">\n\t\t\t\t\t<div class=\"e-con-inner\">\n\t\t\t\t<div class=\"elementor-element elementor-element-9630623 elementor-widget elementor-widget-spacer\" data-id=\"9630623\" data-element_type=\"widget\" data-e-type=\"widget\" data-widget_type=\"spacer.default\">\n\t\t\t\t\t\t\t<div class=\"elementor-spacer\">\n\t\t\t<div class=\"elementor-spacer-inner\"><\/div>\n\t\t<\/div>\n\t\t\t\t\t\t<\/div>\n\t\t\t\t<div class=\"elementor-element elementor-element-afc8386 elementor-widget elementor-widget-heading\" data-id=\"afc8386\" data-element_type=\"widget\" data-e-type=\"widget\" data-widget_type=\"heading.default\">\n\t\t\t\t\t<h1 class=\"elementor-heading-title elementor-size-default\">Policy f\u00f6r cookies<\/h1>\t\t\t\t<\/div>\n\t\t\t\t<div class=\"elementor-element elementor-element-ad6d272 elementor-widget-divider--view-line elementor-widget elementor-widget-divider\" data-id=\"ad6d272\" data-element_type=\"widget\" data-e-type=\"widget\" data-widget_type=\"divider.default\">\n\t\t\t\t\t\t\t<div class=\"elementor-divider\">\n\t\t\t<span class=\"elementor-divider-separator\">\n\t\t\t\t\t\t<\/span>\n\t\t<\/div>\n\t\t\t\t\t\t<\/div>\n\t\t\t\t<div class=\"elementor-element elementor-element-6211bec elementor-widget elementor-widget-heading\" data-id=\"6211bec\" data-element_type=\"widget\" data-e-type=\"widget\" data-widget_type=\"heading.default\">\n\t\t\t\t\t<h2 class=\"elementor-heading-title elementor-size-default\">1. Vad \u00e4r cookies?<\/h2>\t\t\t\t<\/div>\n\t\t\t\t<div class=\"elementor-element elementor-element-7d41db6 elementor-widget elementor-widget-text-editor\" data-id=\"7d41db6\" data-element_type=\"widget\" data-e-type=\"widget\" data-widget_type=\"text-editor.default\">\n\t\t\t\t\t\t\t\t\t<p>Cookies \u00e4r sm\u00e5 textfiler som inneh\u00e5ller en liten m\u00e4ngd data, som laddas ner till din enhet n\u00e4r du bes\u00f6ker en webbplats. Vid efterf\u00f6ljande bes\u00f6k skickas dessa cookies tillbaka till den ursprungliga webbplatsen eller en annan webbplats som k\u00e4nner igen dem. Cookies \u00e4r anv\u00e4ndbara eftersom de till\u00e5ter webbplatser att k\u00e4nna igen din enhet.<\/p><p>Cookies tj\u00e4nar olika syften, som att g\u00f6ra det m\u00f6jligt f\u00f6r dig att navigera mellan sidor effektivt, komma ih\u00e5g dina preferenser, f\u00f6rb\u00e4ttra din webbplatsupplevelse och tillhandah\u00e5lla personliga annonser.<\/p><p>F\u00f6r mer information om hur dina personuppgifter behandlas, se Bitcoin Revolutions datasekretessmeddelande.<\/p>\t\t\t\t\t\t\t\t<\/div>\n\t\t\t\t<div class=\"elementor-element elementor-element-001d103 elementor-widget elementor-widget-heading\" data-id=\"001d103\" data-element_type=\"widget\" data-e-type=\"widget\" data-widget_type=\"heading.default\">\n\t\t\t\t\t<h2 class=\"elementor-heading-title elementor-size-default\">2. Vem placerar cookies p\u00e5 din enhet?<\/h2>\t\t\t\t<\/div>\n\t\t\t\t<div class=\"elementor-element elementor-element-944cf5d elementor-widget elementor-widget-text-editor\" data-id=\"944cf5d\" data-element_type=\"widget\" data-e-type=\"widget\" data-widget_type=\"text-editor.default\">\n\t\t\t\t\t\t\t\t\t<p>Cookies kan placeras p\u00e5 din enhet av webbplatsens utgivare eller av tredje part, s\u00e5som investeringsutbildningsf\u00f6retag, datam\u00e4klare och mellanh\u00e4nder.<\/p>\t\t\t\t\t\t\t\t<\/div>\n\t\t\t\t<div class=\"elementor-element elementor-element-991f6c3 elementor-widget elementor-widget-heading\" data-id=\"991f6c3\" data-element_type=\"widget\" data-e-type=\"widget\" data-widget_type=\"heading.default\">\n\t\t\t\t\t<h2 class=\"elementor-heading-title elementor-size-default\">3. Vad anv\u00e4nds cookies till?<\/h2>\t\t\t\t<\/div>\n\t\t\t\t<div class=\"elementor-element elementor-element-467ab76 elementor-widget elementor-widget-text-editor\" data-id=\"467ab76\" data-element_type=\"widget\" data-e-type=\"widget\" data-widget_type=\"text-editor.default\">\n\t\t\t\t\t\t\t\t\t<p>Vi kan placera f\u00f6ljande kategorier av cookies p\u00e5 din enhet:<\/p>\t\t\t\t\t\t\t\t<\/div>\n\t\t\t\t<div class=\"elementor-element elementor-element-2af1768 elementor-widget elementor-widget-html\" data-id=\"2af1768\" data-element_type=\"widget\" data-e-type=\"widget\" data-widget_type=\"html.default\">\n\t\t\t\t\t<div style=\"overflow-x:auto;\">\r\n    <table>\r\n  <tr>\r\n    <th>Kategori av cookies<\/th>\r\n    <th>\u00c4ndam\u00e5l<\/th>\r\n  <\/tr>\r\n  <tr>\r\n    <td>Strikt n\u00f6dv\u00e4ndiga cookies<\/td>\r\n    <td>Dessa cookies \u00e4r absolut n\u00f6dv\u00e4ndiga f\u00f6r att du ska kunna navigera p\u00e5 webbplatsen och anv\u00e4nda funktioner du har beg\u00e4rt. De anv\u00e4nds f\u00f6r att f\u00f6rse dig med v\u00e5rt inneh\u00e5ll, v\u00e5ra produkter och tj\u00e4nster som du har beg\u00e4rt.<br\/>\r\n\r\nS\u00e5dana cookies \u00e4r viktiga f\u00f6r att hj\u00e4lpa din enhet att ladda ner eller str\u00f6mma information s\u00e5 att du kan navigera runt p\u00e5 webbplatsen, anv\u00e4nda dess funktioner och \u00e5terv\u00e4nda till sidor du tidigare har bes\u00f6kt.<br\/>\r\n\r\nDessa cookies samlar in personlig information om dig, s\u00e5som anv\u00e4ndarnamn och senaste inloggningsdatum, och identifierar dig som inloggad p\u00e5 webbplatsen.\r\n<br\/>\r\nDessa cookies raderas n\u00e4r du st\u00e4nger din webbl\u00e4sare (sessionscookies).<\/td>\r\n  <\/tr>\r\n  <tr>\r\n    <td>Funktionscookies<\/td>\r\n    <td>Dessa cookies anv\u00e4nds f\u00f6r att k\u00e4nna igen dig n\u00e4r du \u00e5terv\u00e4nder till webbplatsen och l\u00e5ter oss komma ih\u00e5g dina val och preferenser.<br\/>\r\n\r\nDessa cookies \u00f6verlever n\u00e4r din webbl\u00e4sare st\u00e4ngs, och varar tills deras till\u00e4mpliga utg\u00e5ngstid<\/td>\r\n  <\/tr>\r\n    <tr>\r\n    <td>Analytics-cookies<\/td>\r\n    <td>Dessa cookies anv\u00e4nds f\u00f6r att tillhandah\u00e5lla aggregerad statistik med avseende p\u00e5 webbplatsens prestanda och f\u00f6r att testa och f\u00f6rb\u00e4ttra s\u00e5dan prestanda, f\u00f6r att ge en b\u00e4ttre anv\u00e4ndarupplevelse. Dessutom till\u00e5ter de oss att utf\u00f6ra analytiska funktioner p\u00e5 webbplatsen.<br\/>\r\n\r\nDessa cookies samlar in anonymiserad data som inte \u00e4r relaterad till en identifierad eller identifierbar fysisk person.<br\/>\r\n\r\nDessa cookies \u00e4r giltiga under varierande perioder; vissa raderas n\u00e4r du st\u00e4nger din webbl\u00e4sare, medan andra har en obest\u00e4md giltighetstid.<\/td>\r\n  <\/tr>\r\n<\/table>\r\n<\/div>\t\t\t\t<\/div>\n\t\t\t\t<div class=\"elementor-element elementor-element-21025d9 elementor-widget elementor-widget-text-editor\" data-id=\"21025d9\" data-element_type=\"widget\" data-e-type=\"widget\" data-widget_type=\"text-editor.default\">\n\t\t\t\t\t\t\t\t\t<p>Du kan hitta en komplett lista \u00f6ver de cookies som anv\u00e4nds p\u00e5 v\u00e5r webbplats h\u00e4r.<\/p>\t\t\t\t\t\t\t\t<\/div>\n\t\t\t\t<div class=\"elementor-element elementor-element-03bdcad elementor-widget elementor-widget-heading\" data-id=\"03bdcad\" data-element_type=\"widget\" data-e-type=\"widget\" data-widget_type=\"heading.default\">\n\t\t\t\t\t<h2 class=\"elementor-heading-title elementor-size-default\">4. Hur hanterar jag mina cookie-inst\u00e4llningar?<\/h2>\t\t\t\t<\/div>\n\t\t\t\t<div class=\"elementor-element elementor-element-74f550b elementor-widget elementor-widget-text-editor\" data-id=\"74f550b\" data-element_type=\"widget\" data-e-type=\"widget\" data-widget_type=\"text-editor.default\">\n\t\t\t\t\t\t\t\t\t<p>Anv\u00e4ndningen av vissa cookies kr\u00e4ver ditt samtycke i f\u00f6rv\u00e4g. Observera att strikt n\u00f6dv\u00e4ndiga cookies inte kr\u00e4ver samtycke.<\/p><p>F\u00f6r andra cookies anv\u00e4nder vi ett cookiehanteringsverktyg som l\u00e5ter dig st\u00e4lla in dina preferenser vid ditt f\u00f6rsta bes\u00f6k p\u00e5 webbplatsen. Du kan ocks\u00e5 \u00e4ndra dina inst\u00e4llningar n\u00e4r som helst, inklusive inaktivera cookies, genom att anv\u00e4nda cookiehanteringsverktyget h\u00e4r.<\/p><p>Dessutom kan du inaktivera cookies genom att justera dina webbl\u00e4sarinst\u00e4llningar f\u00f6r att avvisa alla eller specifika cookies. Observera dock att:<\/p><ul><li>Att inaktivera vissa cookies kan begr\u00e4nsa \u00e5tkomsten till delar av webbplatsen.<\/li><li>Vissa webbplatstj\u00e4nster kanske inte fungerar korrekt.<\/li><li>Vi kanske inte l\u00e4ngre kan sp\u00e5ra din surfning p\u00e5 webbplatsen.<\/li><li>Annonser som visas p\u00e5 webbplatsen eller tredje parts webbplatser kan vara mindre skr\u00e4ddarsydda f\u00f6r dina preferenser.<\/li><\/ul><p>Att inaktivera cookies raderar dem inte automatiskt fr\u00e5n din webbl\u00e4sare. F\u00f6r att ta bort cookies m\u00e5ste du vidta specifika \u00e5tg\u00e4rder i din webbl\u00e4sare.<\/p><p>Att inaktivera cookies raderar dem inte automatiskt fr\u00e5n din webbl\u00e4sare. F\u00f6r att ta bort cookies m\u00e5ste du vidta specifika \u00e5tg\u00e4rder i din webbl\u00e4sare.<\/p><p>F\u00f6r information om hur du hanterar cookies i din webbl\u00e4sare, f\u00f6lj l\u00e4nkarna nedan:<\/p><ul><li><a href=\"https:\/\/support.microsoft.com\/fr-fr\/microsoft-edge\/supprimer-les-cookies-dans-microsoft-edge-63947406-40ac-c3b8-57b9-2a946a29ae09\" rel=\"noopener\" target=\"_blank\">Edge<\/a><\/li><li><a href=\"https:\/\/support.mozilla.org\/fr\/kb\/activer-desactiver-cookies?redirectlocale=fr&amp;redirectslug=Activer+et+d%C3%A9sactiver+les+cookies\" rel=\"noopener\" target=\"_blank\">Firefox<\/a><\/li><li><a href=\"https:\/\/support.google.com\/chrome\/answer\/95647?hl=fr&amp;hlrm=en\" rel=\"noopener\" target=\"_blank\">Chrome<\/a><\/li><li><a href=\"https:\/\/support.apple.com\/kb\/HT1677?viewlocale=fr_FR\" rel=\"noopener\" target=\"_blank\">Safari<\/a><\/li><\/ul>\t\t\t\t\t\t\t\t<\/div>\n\t\t\t\t<div class=\"elementor-element elementor-element-877879e elementor-widget elementor-widget-heading\" data-id=\"877879e\" data-element_type=\"widget\" data-e-type=\"widget\" data-widget_type=\"heading.default\">\n\t\t\t\t\t<h2 class=\"elementor-heading-title elementor-size-default\">5. \u00c4ndringar av cookiepolicyn<\/h2>\t\t\t\t<\/div>\n\t\t\t\t<div class=\"elementor-element elementor-element-87e5d0e elementor-widget elementor-widget-text-editor\" data-id=\"87e5d0e\" data-element_type=\"widget\" data-e-type=\"widget\" data-widget_type=\"text-editor.default\">\n\t\t\t\t\t\t\t\t\t<p>Denna cookiepolicy kan uppdateras regelbundet f\u00f6r att \u00e5terspegla \u00e4ndringar i v\u00e5r cookiepraxis. Vi kommer att meddela dig om s\u00e5dana \u00e4ndringar, inklusive ikrafttr\u00e4dandedatum.<\/p>\t\t\t\t\t\t\t\t<\/div>\n\t\t\t\t<div class=\"elementor-element elementor-element-dcbc39c elementor-widget elementor-widget-heading\" data-id=\"dcbc39c\" data-element_type=\"widget\" data-e-type=\"widget\" data-widget_type=\"heading.default\">\n\t\t\t\t\t<h2 class=\"elementor-heading-title elementor-size-default\">6. Kontakta oss\n\n<\/h2>\t\t\t\t<\/div>\n\t\t\t\t<div class=\"elementor-element elementor-element-a17fed9 elementor-widget elementor-widget-text-editor\" data-id=\"a17fed9\" data-element_type=\"widget\" data-e-type=\"widget\" data-widget_type=\"text-editor.default\">\n\t\t\t\t\t\t\t\t\t<p>Om du har n\u00e5gra fr\u00e5gor eller beh\u00f6ver ytterligare information om cookies, v\u00e4nligen kontakta oss p\u00e5 <a href=\"mailto:info@bitcoinrevolution.pro\" rel=\"noopener\">info@bitcoinrevolution.pro<\/a><\/p>\t\t\t\t\t\t\t\t<\/div>\n\t\t\t\t<div class=\"elementor-element elementor-element-dd27137 elementor-widget elementor-widget-spacer\" data-id=\"dd27137\" data-element_type=\"widget\" data-e-type=\"widget\" data-widget_type=\"spacer.default\">\n\t\t\t\t\t\t\t<div class=\"elementor-spacer\">\n\t\t\t<div class=\"elementor-spacer-inner\"><\/div>\n\t\t<\/div>\n\t\t\t\t\t\t<\/div>\n\t\t\t\t\t<\/div>\n\t\t\t\t<\/div>\n\t\t\t\t<\/div>","protected":false},"excerpt":{"rendered":"<p>Cookie Policy 1. What are Cookies? Cookies are small text files that contain a small amount of data, which are downloaded to your device when you visit a website. On subsequent visits, these cookies are sent back to the original website or another website that recognizes them. Cookies are useful because they allow websites to [&hellip;]<\/p>\n","protected":false},"author":1,"featured_media":0,"parent":0,"menu_order":0,"comment_status":"closed","ping_status":"closed","template":"elementor_header_footer","meta":{"footnotes":""},"class_list":["post-30","page","type-page","status-publish","hentry"],"_links":{"self":[{"href":"https:\/\/bitcoinrevolution.pro\/se\/wp-json\/wp\/v2\/pages\/30","targetHints":{"allow":["GET"]}}],"collection":[{"href":"https:\/\/bitcoinrevolution.pro\/se\/wp-json\/wp\/v2\/pages"}],"about":[{"href":"https:\/\/bitcoinrevolution.pro\/se\/wp-json\/wp\/v2\/types\/page"}],"author":[{"embeddable":true,"href":"https:\/\/bitcoinrevolution.pro\/se\/wp-json\/wp\/v2\/users\/1"}],"replies":[{"embeddable":true,"href":"https:\/\/bitcoinrevolution.pro\/se\/wp-json\/wp\/v2\/comments?post=30"}],"version-history":[{"count":6,"href":"https:\/\/bitcoinrevolution.pro\/se\/wp-json\/wp\/v2\/pages\/30\/revisions"}],"predecessor-version":[{"id":914,"href":"https:\/\/bitcoinrevolution.pro\/se\/wp-json\/wp\/v2\/pages\/30\/revisions\/914"}],"wp:attachment":[{"href":"https:\/\/bitcoinrevolution.pro\/se\/wp-json\/wp\/v2\/media?parent=30"}],"curies":[{"name":"wp","href":"https:\/\/api.w.org\/{rel}","templated":true}]}}